{"id":26249,"date":"2023-08-08T21:33:07","date_gmt":"2023-08-08T19:33:07","guid":{"rendered":"https:\/\/www.ibagsbelts.com\/tienda\/?post_type=product&#038;p=26249"},"modified":"2026-03-14T14:58:39","modified_gmt":"2026-03-14T13:58:39","slug":"bolso-italiano-de-hombro-en-piel-trenzado-verde-kaki-rafaella","status":"publish","type":"product","link":"https:\/\/www.ibagsbelts.com\/tienda\/producto\/bolso-italiano-de-hombro-en-piel-trenzado-verde-kaki-rafaella\/","title":{"rendered":"Bolso italiano de hombro en piel trenzado verde kaki Rafaella"},"content":{"rendered":"<p>Bolso bandolera de hermoso dise\u00f1o ideal para el d\u00eda a d\u00eda. Piel vintage tejida a mano con un dise\u00f1o suave y holgado, asas dobles ajustable con \u00a0hebillas, correas con cintur\u00f3n para bandolera y dos secciones interiores divididas por un gran bolsillo con cremallera.<\/p>\n<p>Dos secciones divididas por un gran bolsillo con cremallera.\u00a0Un gran bolsillo lateral con cremallera y dos bolsillos abiertos para mantener el tel\u00e9fono y las llaves al alcance de la mano<\/p>\n<p>Incluye correa de cuero suave ajustable para llevar en bandolera y de hombro: correas de hebilla ajustables.<\/p>\n<p>Cuero italiano vintage lavado suave. Piel lavada.<\/p>\n<p>Medidas: 47 cm largo x 17 cm x 32 cm alto.<\/p>\n<p><strong>Aviso importante<\/strong><\/p>\n<p>Todos nuestros productos de cuero est\u00e1n hechos a mano y su nueva bolsa de cuero puede estar sujeta a una variaci\u00f3n natural en tama\u00f1o y color.<br \/>\nPara los tama\u00f1os, permita 1-2 cm difiere debido a la medida manual.<br \/>\nLas im\u00e1genes son 100% reales.<br \/>\nDebido al monitor del ordenador y el brillo real de la toma y otras razones, habr\u00e1 una cierta diferencia de color.<\/p>\n<!-- AddThis Advanced Settings generic via filter on the_content --><!-- AddThis Share Buttons generic via filter on the_content -->","protected":false},"excerpt":{"rendered":"<h2>Bolso bandolera de hermoso dise\u00f1o ideal para el d\u00eda a d\u00eda. Piel vintage tejida a mano con un dise\u00f1o suave y holgado, asas dobles ajustable con \u00a0hebillas, correas con cintur\u00f3n para bandolera y dos secciones interiores divididas por un gran bolsillo con cremallera.<\/h2>\n<h3>Dos secciones divididas por un gran bolsillo con cremallera.\u00a0Un gran bolsillo lateral con cremallera y dos bolsillos abiertos para mantener el tel\u00e9fono y las llaves al alcance de la mano<\/h3>\n<h4>Incluye correa de cuero suave ajustable para llevar en bandolera y de hombro: correas de hebilla ajustables.<\/h4>\n<h4>Cuero italiano vintage lavado suave. Piel lavada.<\/h4>\n<p>Medidas: 47 cm largo x 17 cm x 32 cm alto.<\/p>\n<div class=\"woocommerce-product-details__short-description\">\n<h5><strong>\u00bfAlguna duda? Ponte en contacto con nosotros a trav\u00e9s del bot\u00f3n del chat directo por whatsApp y te resolveremos las dudas al instante!<\/strong><\/h5>\n<\/div>\n<p><!-- AddThis Advanced Settings generic via filter on get_the_excerpt --><!-- AddThis Share Buttons generic via filter on get_the_excerpt --><\/p>\n","protected":false},"featured_media":26254,"comment_status":"open","ping_status":"closed","template":"","meta":{"om_disable_all_campaigns":false,"_monsterinsights_skip_tracking":false,"_monsterinsights_sitenote_active":false,"_monsterinsights_sitenote_note":"","_monsterinsights_sitenote_category":0,"_uf_show_specific_survey":0,"_uf_disable_surveys":false},"product_brand":[1217],"product_cat":[240,1035,40,41],"product_tag":[301,877,736,737,266,299,305,315,268,313,255,823,1036,784,727,302,743,1102,1038],"class_list":{"0":"post-26249","1":"product","2":"type-product","3":"status-publish","4":"has-post-thumbnail","6":"product_brand-ibags-belts","7":"product_cat-bolsos-bandoleras-de-cuero-artesanal","8":"product_cat-bolso-de-cuero-italiano","9":"product_cat-bolsos-de-hombro","10":"product_cat-shoppers","11":"product_tag-bandolera","12":"product_tag-bandoleras","13":"product_tag-boho","14":"product_tag-bohochic","15":"product_tag-bolso-bohemian-bolso-cuero-repujado-bolsos-cuero-retro-bolso-shopper-cuero-bolso-cuero-trenzado-bolso-cuero-troquelado","16":"product_tag-bolso-cuero","17":"product_tag-bolso-cuero-artesanal","18":"product_tag-bolso-cuero-artesano","19":"product_tag-bolso-cuero-boho-bolso-cuero-con-tachuelas-bolsos-cuero-caballero-bolso-cuero-de-hombre-bolso-cuero-de-viaje-bolso-cuero-de-vaca-bolso-de-cuero-artesanal-bolso-de-cuero","20":"product_tag-bolso-cuero-hecho-a-mano","21":"product_tag-bolso-cuero-mujer","22":"product_tag-bolso-piel","23":"product_tag-bolso-piel-italiano","24":"product_tag-bolso-trenzados","25":"product_tag-bolsos-bandoleras-cuero","26":"product_tag-bolsos-de-cuero","27":"product_tag-estilo-boho","28":"product_tag-piel","29":"product_tag-piel-lavada","31":"first","32":"outofstock","33":"shipping-taxable","34":"purchasable","35":"product-type-simple","36":"add-to-wishlist-after_add_to_cart","37":"layout-style-1","38":"col-md-4 col-sm-4 col-xs-6","39":"col-lg-3","40":"product-has-gallery","41":"product-style-default"},"aioseo_notices":[],"_links":{"self":[{"href":"https:\/\/www.ibagsbelts.com\/tienda\/wp-json\/wp\/v2\/product\/26249","targetHints":{"allow":["GET"]}}],"collection":[{"href":"https:\/\/www.ibagsbelts.com\/tienda\/wp-json\/wp\/v2\/product"}],"about":[{"href":"https:\/\/www.ibagsbelts.com\/tienda\/wp-json\/wp\/v2\/types\/product"}],"replies":[{"embeddable":true,"href":"https:\/\/www.ibagsbelts.com\/tienda\/wp-json\/wp\/v2\/comments?post=26249"}],"wp:featuredmedia":[{"embeddable":true,"href":"https:\/\/www.ibagsbelts.com\/tienda\/wp-json\/wp\/v2\/media\/26254"}],"wp:attachment":[{"href":"https:\/\/www.ibagsbelts.com\/tienda\/wp-json\/wp\/v2\/media?parent=26249"}],"wp:term":[{"taxonomy":"product_brand","embeddable":true,"href":"https:\/\/www.ibagsbelts.com\/tienda\/wp-json\/wp\/v2\/product_brand?post=26249"},{"taxonomy":"product_cat","embeddable":true,"href":"https:\/\/www.ibagsbelts.com\/tienda\/wp-json\/wp\/v2\/product_cat?post=26249"},{"taxonomy":"product_tag","embeddable":true,"href":"https:\/\/www.ibagsbelts.com\/tienda\/wp-json\/wp\/v2\/product_tag?post=26249"}],"curies":[{"name":"wp","href":"https:\/\/api.w.org\/{rel}","templated":true}]}}