{"id":26430,"date":"2023-08-22T23:06:20","date_gmt":"2023-08-22T21:06:20","guid":{"rendered":"https:\/\/www.ibagsbelts.com\/tienda\/?post_type=product&#038;p=26430"},"modified":"2026-03-14T14:39:58","modified_gmt":"2026-03-14T13:39:58","slug":"bolso-italiano-hobo-mini-de-piel-lavada-azul-giulia","status":"publish","type":"product","link":"https:\/\/www.ibagsbelts.com\/tienda\/producto\/bolso-italiano-hobo-mini-de-piel-lavada-azul-giulia\/","title":{"rendered":"Bolso italiano hobo mini de piel lavada azul Giulia"},"content":{"rendered":"<p style=\"text-align: left;\">Nuestro Bolso de piel italiana, Hobo es un bolso y bandolera muy suave y holgado. El pr\u00e1ctico bolsillo frontal con cremallera mantiene sus elementos esenciales al alcance de la mano.\u00a0Perfecto tama\u00f1o mini para todos los d\u00edas del a\u00f1o.<\/p>\n<p style=\"text-align: left;\">Los detalles de borlas se pueden quitar o disfrutar del estilo hippie chic.<\/p>\n<p style=\"text-align: left;\">En el interior tiene un bolsillo con cremallera perfecto para organizar el tel\u00e9fono m\u00f3vil.<\/p>\n<p style=\"text-align: left;\">Correa de piel suave ajustable. En el exterior: bolsillo frontal con cremallera y Detalles de borlas extra\u00edbles.<\/p>\n<p style=\"text-align: left;\">Hombro. Totalizador. Desgaste cruzado. Ca\u00edda del mango: 15 cm.<\/p>\n<p style=\"text-align: left;\">Medidas: 24 cm largo x 9cm x 20 cm alto.<\/p>\n<p style=\"text-align: left;\"><strong>Aviso importante<\/strong><\/p>\n<p style=\"text-align: left;\">Todos nuestros productos de cuero est\u00e1n hechos a mano y su nueva bolsa de cuero puede estar sujeta a una variaci\u00f3n natural en tama\u00f1o y color.<br \/>\nPara los tama\u00f1os, permita 1-2 cm difiere debido a la medida manual.<br \/>\nLas im\u00e1genes son 100% reales.<br \/>\nDebido al monitor del ordenador y el brillo real de la toma y otras razones, habr\u00e1 una cierta diferencia de color.<\/p>\n<p>&nbsp;<\/p>\n<!-- AddThis Advanced Settings generic via filter on the_content --><!-- AddThis Share Buttons generic via filter on the_content -->","protected":false},"excerpt":{"rendered":"<h2 style=\"text-align: center;\">Nuestro Bolso de piel italiana, Hobo es un bolso y bandolera muy suave y holgado. El pr\u00e1ctico bolsillo frontal con cremallera mantiene sus elementos esenciales al alcance de la mano.\u00a0Perfecto tama\u00f1o mini para todos los d\u00edas del a\u00f1o.<\/h2>\n<h3 style=\"text-align: center;\">Los detalles de borlas se pueden quitar o disfrutar del estilo hippie chic.<\/h3>\n<h4 style=\"text-align: center;\">En el interior tiene un bolsillo con cremallera perfecto para organizar el tel\u00e9fono m\u00f3vil.\u00a0Correa de piel suave ajustable. En el exterior: bolsillo frontal con cremallera y Detalles de borlas extra\u00edbles.<\/h4>\n<h4 style=\"text-align: center;\">Hombro. Totalizador. Desgaste cruzado.<\/h4>\n<p style=\"text-align: center;\">Ca\u00edda del mango: 15 cm.\u00a0Medidas: 24 cm largo x 9cm x 20 cm alto.<\/p>\n<h5 style=\"text-align: center;\"><strong>\u00bfAlguna duda? Ponte en contacto con nosotros a trav\u00e9s del bot\u00f3n del chat directo por whatsapp y te resolveremos las dudas al instante!<\/strong><\/h5>\n<p><!-- AddThis Advanced Settings generic via filter on get_the_excerpt --><!-- AddThis Share Buttons generic via filter on get_the_excerpt --><\/p>\n","protected":false},"featured_media":26434,"comment_status":"open","ping_status":"closed","template":"","meta":{"om_disable_all_campaigns":false,"_monsterinsights_skip_tracking":false,"_monsterinsights_sitenote_active":false,"_monsterinsights_sitenote_note":"","_monsterinsights_sitenote_category":0,"_uf_show_specific_survey":0,"_uf_disable_surveys":false},"product_brand":[1217],"product_cat":[240,757,1035,40],"product_tag":[1135,301,877,266,1020,305,315,313,255,823,1036,727,302,1040,1102,1038,1023],"class_list":{"0":"post-26430","1":"product","2":"type-product","3":"status-publish","4":"has-post-thumbnail","6":"product_brand-ibags-belts","7":"product_cat-bolsos-bandoleras-de-cuero-artesanal","8":"product_cat-bolso-clutch","9":"product_cat-bolso-de-cuero-italiano","10":"product_cat-bolsos-de-hombro","11":"product_tag-accesorios-y-complementos","12":"product_tag-bandolera","13":"product_tag-bandoleras","14":"product_tag-bolso-bohemian-bolso-cuero-repujado-bolsos-cuero-retro-bolso-shopper-cuero-bolso-cuero-trenzado-bolso-cuero-troquelado","15":"product_tag-bolso-boho","16":"product_tag-bolso-cuero-artesanal","17":"product_tag-bolso-cuero-artesano","18":"product_tag-bolso-cuero-hecho-a-mano","19":"product_tag-bolso-cuero-mujer","20":"product_tag-bolso-piel","21":"product_tag-bolso-piel-italiano","22":"product_tag-bolsos-bandoleras-cuero","23":"product_tag-bolsos-de-cuero","24":"product_tag-hobo","25":"product_tag-piel","26":"product_tag-piel-lavada","27":"product_tag-tote","29":"first","30":"outofstock","31":"shipping-taxable","32":"purchasable","33":"product-type-simple","34":"add-to-wishlist-after_add_to_cart","35":"layout-style-1","36":"col-md-4 col-sm-4 col-xs-6","37":"col-lg-3","38":"product-has-gallery","39":"product-style-default"},"aioseo_notices":[],"_links":{"self":[{"href":"https:\/\/www.ibagsbelts.com\/tienda\/wp-json\/wp\/v2\/product\/26430","targetHints":{"allow":["GET"]}}],"collection":[{"href":"https:\/\/www.ibagsbelts.com\/tienda\/wp-json\/wp\/v2\/product"}],"about":[{"href":"https:\/\/www.ibagsbelts.com\/tienda\/wp-json\/wp\/v2\/types\/product"}],"replies":[{"embeddable":true,"href":"https:\/\/www.ibagsbelts.com\/tienda\/wp-json\/wp\/v2\/comments?post=26430"}],"wp:featuredmedia":[{"embeddable":true,"href":"https:\/\/www.ibagsbelts.com\/tienda\/wp-json\/wp\/v2\/media\/26434"}],"wp:attachment":[{"href":"https:\/\/www.ibagsbelts.com\/tienda\/wp-json\/wp\/v2\/media?parent=26430"}],"wp:term":[{"taxonomy":"product_brand","embeddable":true,"href":"https:\/\/www.ibagsbelts.com\/tienda\/wp-json\/wp\/v2\/product_brand?post=26430"},{"taxonomy":"product_cat","embeddable":true,"href":"https:\/\/www.ibagsbelts.com\/tienda\/wp-json\/wp\/v2\/product_cat?post=26430"},{"taxonomy":"product_tag","embeddable":true,"href":"https:\/\/www.ibagsbelts.com\/tienda\/wp-json\/wp\/v2\/product_tag?post=26430"}],"curies":[{"name":"wp","href":"https:\/\/api.w.org\/{rel}","templated":true}]}}