{"id":26480,"date":"2023-08-24T23:22:18","date_gmt":"2023-08-24T21:22:18","guid":{"rendered":"https:\/\/www.ibagsbelts.com\/tienda\/?post_type=product&#038;p=26480"},"modified":"2026-03-14T14:07:32","modified_gmt":"2026-03-14T13:07:32","slug":"bolso-con-funcion-de-mochila-italiana-de-piel-negro-amalia","status":"publish","type":"product","link":"https:\/\/www.ibagsbelts.com\/tienda\/producto\/bolso-con-funcion-de-mochila-italiana-de-piel-negro-amalia\/","title":{"rendered":"Bolso con funci\u00f3n de mochila italiana de piel  negro Amalia"},"content":{"rendered":"<p>La mochila 2 en 1 de la nueva colecci\u00f3n es una opci\u00f3n elegante y funcional para las mujeres modernas que valoran la practicidad y la elegancia.<\/p>\n<p>El bolso con funci\u00f3n de mochila hecho de cuero italiano de alta calidad es el complemento perfecto para las estilizaciones urbanas. La posibilidad de llevarlo tambi\u00e9n en forma de mochila te aportar\u00e1 comodidad en el uso diario, incluso cuando te desplaces por la ciudad en bici o scooter. Puedes llevar esta estilosa mochila de diferentes maneras, adapt\u00e1ndola a tus necesidades y preferencias. La bolsa ha sido cuidadosamente dise\u00f1ada teniendo en cuenta la comodidad y la funcionalidad.<\/p>\n<p>En la parte delantera y trasera del bolso hay bolsillos con cremallera, perfectos para art\u00edculos peque\u00f1os que te gusta tener siempre a mano. El interior de la bolsa, que cabe en formato A4, est\u00e1 rematado con un forro. En el interior tiene un bolsillo abiertos y uno cubierto con cremallera.<\/p>\n<p>Incluye correas de cuero suave ajustable para llevarla de mochila, en bandolera y de hombro: correas de hebilla ajustables.<\/p>\n<p>Cuero italiano vintage lavado suave. Piel lavada.<\/p>\n<p>Medidas: \u00a034 cm largo x 10 cm x 32 cm alto.<\/p>\n<p><strong>Aviso importante<\/strong><\/p>\n<p>Todos nuestros productos de cuero est\u00e1n hechos a mano y su nueva bolsa de cuero puede estar sujeta a una variaci\u00f3n natural en tama\u00f1o y color.<br \/>\nPara los tama\u00f1os, permita 1-2 cm difiere debido a la medida manual.<br \/>\nLas im\u00e1genes son 100% reales.<br \/>\nDebido al monitor del ordenador y el brillo real de la toma y otras razones, habr\u00e1 una cierta diferencia de color.<\/p>\n<!-- AddThis Advanced Settings generic via filter on the_content --><!-- AddThis Share Buttons generic via filter on the_content -->","protected":false},"excerpt":{"rendered":"<h2>La mochila 2 en 1 de la nueva colecci\u00f3n es una opci\u00f3n elegante y funcional para las mujeres modernas que valoran la practicidad y la elegancia.<\/h2>\n<h3>El bolso con funci\u00f3n de mochila hecho de cuero italiano de alta calidad es el complemento perfecto para las estilizaciones urbanas. La posibilidad de llevarlo tambi\u00e9n en forma de mochila te aportar\u00e1 comodidad en el uso diario, incluso cuando te desplaces por la ciudad en bici o scooter.\u00a0En la parte delantera y trasera del bolso hay bolsillos con cremallera, perfectos para art\u00edculos peque\u00f1os que te gusta tener siempre a mano. El interior de la bolsa, que cabe en formato A4, est\u00e1 rematado con un forro. En el interior tiene un bolsillo abiertos y uno cubierto con cremallera.<\/h3>\n<h4>Incluye correas de cuero suave ajustable para llevarla de mochila, en bandolera y de hombro: correas de hebilla ajustables.\u00a0Cuero italiano vintage lavado suave. Piel lavada.<\/h4>\n<p>Medidas: \u00a034 cm largo x 10 cm x 32 cm alto.<\/p>\n<h5><strong>\u00bfAlguna duda? Ponte en contacto con nosotros a trav\u00e9s del bot\u00f3n del chat directo por whatsApp y te resolveremos las dudas al instante!<\/strong><\/h5>\n<p><!-- AddThis Advanced Settings generic via filter on get_the_excerpt --><!-- AddThis Share Buttons generic via filter on get_the_excerpt --><\/p>\n","protected":false},"featured_media":26481,"comment_status":"open","ping_status":"closed","template":"","meta":{"om_disable_all_campaigns":false,"_monsterinsights_skip_tracking":false,"_monsterinsights_sitenote_active":false,"_monsterinsights_sitenote_note":"","_monsterinsights_sitenote_category":0,"_uf_show_specific_survey":0,"_uf_disable_surveys":false},"product_brand":[1217],"product_cat":[1035,40,400],"product_tag":[301,877,266,299,305,315,329,255,823,1036,727,302,275,310,347,325,1102,1038],"class_list":{"0":"post-26480","1":"product","2":"type-product","3":"status-publish","4":"has-post-thumbnail","6":"product_brand-ibags-belts","7":"product_cat-bolso-de-cuero-italiano","8":"product_cat-bolsos-de-hombro","9":"product_cat-mochilas-medianas","10":"product_tag-bandolera","11":"product_tag-bandoleras","12":"product_tag-bolso-bohemian-bolso-cuero-repujado-bolsos-cuero-retro-bolso-shopper-cuero-bolso-cuero-trenzado-bolso-cuero-troquelado","13":"product_tag-bolso-cuero","14":"product_tag-bolso-cuero-artesanal","15":"product_tag-bolso-cuero-artesano","16":"product_tag-bolso-cuero-hippie","17":"product_tag-bolso-cuero-mujer","18":"product_tag-bolso-piel","19":"product_tag-bolso-piel-italiano","20":"product_tag-bolsos-bandoleras-cuero","21":"product_tag-bolsos-de-cuero","22":"product_tag-mochila-de-cuero-para-hombre-bolso-de-cuero-para-mujer-bolso-de-cuero-hecho-a-mano-bolso-cuero-grabado-bolso-cuero-hombre-artesanal-bolso-cuero-hecho-a-mano-bolsos-cuero-y-kilim","23":"product_tag-mochila-cuero","24":"product_tag-mochila-hecho-a-mano","25":"product_tag-mochilas","26":"product_tag-piel","27":"product_tag-piel-lavada","29":"first","30":"outofstock","31":"shipping-taxable","32":"purchasable","33":"product-type-simple","34":"add-to-wishlist-after_add_to_cart","35":"layout-style-1","36":"col-md-4 col-sm-4 col-xs-6","37":"col-lg-3","38":"product-has-gallery","39":"product-style-default"},"aioseo_notices":[],"_links":{"self":[{"href":"https:\/\/www.ibagsbelts.com\/tienda\/wp-json\/wp\/v2\/product\/26480","targetHints":{"allow":["GET"]}}],"collection":[{"href":"https:\/\/www.ibagsbelts.com\/tienda\/wp-json\/wp\/v2\/product"}],"about":[{"href":"https:\/\/www.ibagsbelts.com\/tienda\/wp-json\/wp\/v2\/types\/product"}],"replies":[{"embeddable":true,"href":"https:\/\/www.ibagsbelts.com\/tienda\/wp-json\/wp\/v2\/comments?post=26480"}],"wp:featuredmedia":[{"embeddable":true,"href":"https:\/\/www.ibagsbelts.com\/tienda\/wp-json\/wp\/v2\/media\/26481"}],"wp:attachment":[{"href":"https:\/\/www.ibagsbelts.com\/tienda\/wp-json\/wp\/v2\/media?parent=26480"}],"wp:term":[{"taxonomy":"product_brand","embeddable":true,"href":"https:\/\/www.ibagsbelts.com\/tienda\/wp-json\/wp\/v2\/product_brand?post=26480"},{"taxonomy":"product_cat","embeddable":true,"href":"https:\/\/www.ibagsbelts.com\/tienda\/wp-json\/wp\/v2\/product_cat?post=26480"},{"taxonomy":"product_tag","embeddable":true,"href":"https:\/\/www.ibagsbelts.com\/tienda\/wp-json\/wp\/v2\/product_tag?post=26480"}],"curies":[{"name":"wp","href":"https:\/\/api.w.org\/{rel}","templated":true}]}}