{"id":26631,"date":"2023-08-26T15:19:25","date_gmt":"2023-08-26T13:19:25","guid":{"rendered":"https:\/\/www.ibagsbelts.com\/tienda\/?post_type=product&#038;p=26631"},"modified":"2026-03-14T13:47:31","modified_gmt":"2026-03-14T12:47:31","slug":"bolso-bandolera-mini-piel-dollaro-verde-con-avispa-irene","status":"publish","type":"product","link":"https:\/\/www.ibagsbelts.com\/tienda\/producto\/bolso-bandolera-mini-piel-dollaro-verde-con-avispa-irene\/","title":{"rendered":"Bolso bandolera mini piel Dollaro verde con avispa Irene"},"content":{"rendered":"<p style=\"text-align: left;\">Bolso bandolera de piel para mujer, bolso tipo Porta m\u00f3vil confeccionada en piel. Cuenta con una asa de mano fija ,y una asa de cadena para llevar tipo bandolera .Cierre mediante broche con adorno de avispa. Tambi\u00e9n cuenta con detalle de tachuelas doradas en el lateral, para darle un toque m\u00e1s moderno y elegante al bolso. Este bolso es top venta esta temporada no te quedes sin el \u00a0tuyo , disponible en infinidad de colores.<\/p>\n<p style=\"text-align: left;\">Medidas: 13 cm largo x 6cm x 17 cm alto.<\/p>\n<p style=\"text-align: left;\"><strong>Aviso importante<\/strong><\/p>\n<p style=\"text-align: left;\">Todos nuestros productos de cuero est\u00e1n hechos a mano y su nueva bolsa de cuero puede estar sujeta a una variaci\u00f3n natural en tama\u00f1o y color.<br \/>\nPara los tama\u00f1os, permita 1-2 cm difiere debido a la medida manual.<br \/>\nLas im\u00e1genes son 100% reales.<br \/>\nDebido al monitor del ordenador y el brillo real de la toma y otras razones, habr\u00e1 una cierta diferencia de color.<\/p>\n<p>\u00a0<\/p>\n<!-- AddThis Advanced Settings generic via filter on the_content --><!-- AddThis Share Buttons generic via filter on the_content -->","protected":false},"excerpt":{"rendered":"<h2 style=\"text-align: left;\">Bolso bandolera de piel para mujer, bolso tipo Porta m\u00f3vil confeccionada en piel.<\/h2>\n<h3 style=\"text-align: left;\">Cuenta con una asa de mano fija ,y una asa de cadena para llevar tipo bandolera .Cierre mediante broche con adorno de avispa.<\/h3>\n<h4 style=\"text-align: left;\">Tambi\u00e9n cuenta con detalle de tachuelas doradas en el lateral, para darle un toque m\u00e1s moderno y elegante al bolso. Este bolso es top venta esta temporada no te quedes sin el \u00a0tuyo , disponible en infinidad de colores.<\/h4>\n<p style=\"text-align: left;\">Medidas: 13 cm largo x 6cm x 17 cm alto.<\/p>\n<div class=\"woocommerce-product-details__short-description\">\n<h5><strong>\u00bfAlguna duda? Ponte en contacto con nosotros a trav\u00e9s del bot\u00f3n del chat directo por whatsapp y te resolveremos las dudas al instante!<\/strong><\/h5>\n<\/div>\n<p><!-- AddThis Advanced Settings generic via filter on get_the_excerpt --><!-- AddThis Share Buttons generic via filter on get_the_excerpt --><\/p>\n","protected":false},"featured_media":26632,"comment_status":"open","ping_status":"closed","template":"","meta":{"om_disable_all_campaigns":false,"_monsterinsights_skip_tracking":false,"_monsterinsights_sitenote_active":false,"_monsterinsights_sitenote_note":"","_monsterinsights_sitenote_category":0,"_uf_show_specific_survey":0,"_uf_disable_surveys":false},"product_brand":[],"product_cat":[240,757,383],"product_tag":[301,877,305,315,316,255,823,1036,302,281,905,1102,1098],"class_list":{"0":"post-26631","1":"product","2":"type-product","3":"status-publish","4":"has-post-thumbnail","6":"product_cat-bolsos-bandoleras-de-cuero-artesanal","7":"product_cat-bolso-clutch","8":"product_cat-bolsos-para-telefonos","9":"product_tag-bandolera","10":"product_tag-bandoleras","11":"product_tag-bolso-cuero-artesanal","12":"product_tag-bolso-cuero-artesano","13":"product_tag-bolso-cuero-con-tachuelas","14":"product_tag-bolso-cuero-mujer","15":"product_tag-bolso-piel","16":"product_tag-bolso-piel-italiano","17":"product_tag-bolsos-de-cuero","18":"product_tag-bolso-bohemian-bolso-cuero-para-hombre-bolso-cuero-repujado-bolsos-cuero-retro-bolso-shopper-cuero-bolso-cuero-trenzado-bolso-cuero-troquelado-bolso-cuero-vaca-bolso-cuero-viaje-hombre","19":"product_tag-casual","20":"product_tag-piel","21":"product_tag-portamovil","23":"first","24":"outofstock","25":"shipping-taxable","26":"purchasable","27":"product-type-simple","28":"add-to-wishlist-after_add_to_cart","29":"layout-style-1","30":"col-md-4 col-sm-4 col-xs-6","31":"col-lg-3","32":"product-has-gallery","33":"product-style-default"},"aioseo_notices":[],"_links":{"self":[{"href":"https:\/\/www.ibagsbelts.com\/tienda\/wp-json\/wp\/v2\/product\/26631","targetHints":{"allow":["GET"]}}],"collection":[{"href":"https:\/\/www.ibagsbelts.com\/tienda\/wp-json\/wp\/v2\/product"}],"about":[{"href":"https:\/\/www.ibagsbelts.com\/tienda\/wp-json\/wp\/v2\/types\/product"}],"replies":[{"embeddable":true,"href":"https:\/\/www.ibagsbelts.com\/tienda\/wp-json\/wp\/v2\/comments?post=26631"}],"wp:featuredmedia":[{"embeddable":true,"href":"https:\/\/www.ibagsbelts.com\/tienda\/wp-json\/wp\/v2\/media\/26632"}],"wp:attachment":[{"href":"https:\/\/www.ibagsbelts.com\/tienda\/wp-json\/wp\/v2\/media?parent=26631"}],"wp:term":[{"taxonomy":"product_brand","embeddable":true,"href":"https:\/\/www.ibagsbelts.com\/tienda\/wp-json\/wp\/v2\/product_brand?post=26631"},{"taxonomy":"product_cat","embeddable":true,"href":"https:\/\/www.ibagsbelts.com\/tienda\/wp-json\/wp\/v2\/product_cat?post=26631"},{"taxonomy":"product_tag","embeddable":true,"href":"https:\/\/www.ibagsbelts.com\/tienda\/wp-json\/wp\/v2\/product_tag?post=26631"}],"curies":[{"name":"wp","href":"https:\/\/api.w.org\/{rel}","templated":true}]}}