{"id":26808,"date":"2023-08-29T00:04:56","date_gmt":"2023-08-28T22:04:56","guid":{"rendered":"https:\/\/www.ibagsbelts.com\/tienda\/?post_type=product&#038;p=26808"},"modified":"2026-03-14T13:32:56","modified_gmt":"2026-03-14T12:32:56","slug":"bolso-de-mano-tejido-de-piel-italiano-camel-zoe","status":"publish","type":"product","link":"https:\/\/www.ibagsbelts.com\/tienda\/producto\/bolso-de-mano-tejido-de-piel-italiano-camel-zoe\/","title":{"rendered":"Bolso de mano tejido de piel italiano camel Zoe"},"content":{"rendered":"<p style=\"text-align: left;\">La incre\u00edble clutch de estilo Vintage es un accesorio atemporal que se quedar\u00e1 contigo por m\u00e1s tiempo. Cada temporada hay nuevas tendencias en la moda, \u00a1pero la moda de un bolso italiano cl\u00e1sico nunca pasar\u00e1!<\/p>\n<p style=\"text-align: left;\">Alto nivel de mano de obra obtenido gracias al uso del mejor cuero y la precisi\u00f3n italiana de la mano de obra. El bolso est\u00e1 cosido, trenzado y te\u00f1ido a mano seg\u00fan las \u00faltimas tendencias en las mejores curtiembres italianas, gracias a lo cual cada pieza es \u00fanica e irrepetible. La estructura variable de la cara es un elemento de dise\u00f1o del producto, lo que demuestra su autenticidad. Un bolso de aspecto antiguo (envejecido) se caracteriza por ser ultra agradable al tacto, gracias a lo cual no querr\u00e1s deshacerte de \u00e9l. El acceso al interior est\u00e1 asegurado por una cremallera. En el interior forrado y cuidadosamente terminado. Escucha tus deseos ocultos y d\u00e9jate seducir por la marca IBAGSBELTS.<\/p>\n<p style=\"text-align: left;\">Medidas: 24 cm largo \u00a0X 3 cm X 16 cm alto.<\/p>\n<p style=\"text-align: left;\"><strong>Aviso importante<\/strong><\/p>\n<p style=\"text-align: left;\">Todos nuestros productos de cuero est\u00e1n hechos a mano y su nueva bolsa de cuero puede estar sujeta a una variaci\u00f3n natural en tama\u00f1o y color.<br \/>\nPara los tama\u00f1os, permita 1-2 cm difiere debido a la medida manual.<br \/>\nLas im\u00e1genes son 100% reales.<br \/>\nDebido al monitor del ordenador y el brillo real de la toma y otras razones, habr\u00e1 una cierta diferencia de color.<\/p>\n<!-- AddThis Advanced Settings generic via filter on the_content --><!-- AddThis Share Buttons generic via filter on the_content -->","protected":false},"excerpt":{"rendered":"<h2>El bolso est\u00e1 cosido, trenzado y te\u00f1ido a mano seg\u00fan las \u00faltimas tendencias en las mejores curtiembres italianas, gracias a lo cual cada pieza es \u00fanica e irrepetible.<\/h2>\n<h3>La estructura variable de la cara es un elemento de dise\u00f1o del producto, lo que demuestra su autenticidad. Un bolso de aspecto antiguo (envejecido) se caracteriza por ser ultra agradable al tacto, gracias a lo cual no querr\u00e1s deshacerte de \u00e9l. El acceso al interior est\u00e1 asegurado por una cremallera. En el interior Forrado y cuidadosamente terminado. Escucha tus deseos ocultos y d\u00e9jate seducir por la marca IBAGSBELTS.<\/h3>\n<p>Medidas: 24 cm largo \u00a0X 3 cm X 16 cm alto.<\/p>\n<div class=\"woocommerce-product-details__short-description\">\n<div class=\"woocommerce-product-details__short-description\">\n<h5><b>\u00bfAlguna duda? Ponte en contacto con nosotros a trav\u00e9s del bot\u00f3n del chat directo por WhatsApp y te resolveremos las dudas al instante!<\/b><\/h5>\n<\/div>\n<\/div>\n<p><!-- AddThis Advanced Settings generic via filter on get_the_excerpt --><!-- AddThis Share Buttons generic via filter on get_the_excerpt --><\/p>\n","protected":false},"featured_media":26809,"comment_status":"open","ping_status":"closed","template":"","meta":{"om_disable_all_campaigns":false,"_monsterinsights_skip_tracking":false,"_monsterinsights_sitenote_active":false,"_monsterinsights_sitenote_note":"","_monsterinsights_sitenote_category":0,"_uf_show_specific_survey":0,"_uf_disable_surveys":false},"product_brand":[1217],"product_cat":[240,757,1035],"product_tag":[301,877,266,303,299,305,315,268,313,329,255,823,1036,784,727,281,749,744,1102,1038,1123],"class_list":{"0":"post-26808","1":"product","2":"type-product","3":"status-publish","4":"has-post-thumbnail","6":"product_brand-ibags-belts","7":"product_cat-bolsos-bandoleras-de-cuero-artesanal","8":"product_cat-bolso-clutch","9":"product_cat-bolso-de-cuero-italiano","10":"product_tag-bandolera","11":"product_tag-bandoleras","12":"product_tag-bolso-bohemian-bolso-cuero-repujado-bolsos-cuero-retro-bolso-shopper-cuero-bolso-cuero-trenzado-bolso-cuero-troquelado","13":"product_tag-bolso-bohemian","14":"product_tag-bolso-cuero","15":"product_tag-bolso-cuero-artesanal","16":"product_tag-bolso-cuero-artesano","17":"product_tag-bolso-cuero-boho-bolso-cuero-con-tachuelas-bolsos-cuero-caballero-bolso-cuero-de-hombre-bolso-cuero-de-viaje-bolso-cuero-de-vaca-bolso-de-cuero-artesanal-bolso-de-cuero","18":"product_tag-bolso-cuero-hecho-a-mano","19":"product_tag-bolso-cuero-hippie","20":"product_tag-bolso-cuero-mujer","21":"product_tag-bolso-piel","22":"product_tag-bolso-piel-italiano","23":"product_tag-bolso-trenzados","24":"product_tag-bolsos-bandoleras-cuero","25":"product_tag-bolso-bohemian-bolso-cuero-para-hombre-bolso-cuero-repujado-bolsos-cuero-retro-bolso-shopper-cuero-bolso-cuero-trenzado-bolso-cuero-troquelado-bolso-cuero-vaca-bolso-cuero-viaje-hombre","26":"product_tag-clutch","27":"product_tag-estilo-bohochic","28":"product_tag-piel","29":"product_tag-piel-lavada","30":"product_tag-vintage","32":"first","33":"instock","34":"sale","35":"shipping-taxable","36":"purchasable","37":"product-type-simple","38":"add-to-wishlist-after_add_to_cart","39":"layout-style-1","40":"col-md-4 col-sm-4 col-xs-6","41":"col-lg-3","42":"product-has-gallery","43":"product-style-default"},"aioseo_notices":[],"_links":{"self":[{"href":"https:\/\/www.ibagsbelts.com\/tienda\/wp-json\/wp\/v2\/product\/26808","targetHints":{"allow":["GET"]}}],"collection":[{"href":"https:\/\/www.ibagsbelts.com\/tienda\/wp-json\/wp\/v2\/product"}],"about":[{"href":"https:\/\/www.ibagsbelts.com\/tienda\/wp-json\/wp\/v2\/types\/product"}],"replies":[{"embeddable":true,"href":"https:\/\/www.ibagsbelts.com\/tienda\/wp-json\/wp\/v2\/comments?post=26808"}],"wp:featuredmedia":[{"embeddable":true,"href":"https:\/\/www.ibagsbelts.com\/tienda\/wp-json\/wp\/v2\/media\/26809"}],"wp:attachment":[{"href":"https:\/\/www.ibagsbelts.com\/tienda\/wp-json\/wp\/v2\/media?parent=26808"}],"wp:term":[{"taxonomy":"product_brand","embeddable":true,"href":"https:\/\/www.ibagsbelts.com\/tienda\/wp-json\/wp\/v2\/product_brand?post=26808"},{"taxonomy":"product_cat","embeddable":true,"href":"https:\/\/www.ibagsbelts.com\/tienda\/wp-json\/wp\/v2\/product_cat?post=26808"},{"taxonomy":"product_tag","embeddable":true,"href":"https:\/\/www.ibagsbelts.com\/tienda\/wp-json\/wp\/v2\/product_tag?post=26808"}],"curies":[{"name":"wp","href":"https:\/\/api.w.org\/{rel}","templated":true}]}}