{"id":26856,"date":"2023-08-29T20:30:52","date_gmt":"2023-08-29T18:30:52","guid":{"rendered":"https:\/\/www.ibagsbelts.com\/tienda\/?post_type=product&#038;p=26856"},"modified":"2026-03-14T13:30:44","modified_gmt":"2026-03-14T12:30:44","slug":"bolso-bandolera-pequena-de-piel-verde-kaki-italiana-con-tachas-sofia","status":"publish","type":"product","link":"https:\/\/www.ibagsbelts.com\/tienda\/producto\/bolso-bandolera-pequena-de-piel-verde-kaki-italiana-con-tachas-sofia\/","title":{"rendered":"Bolso bandolera peque\u00f1a de piel verde kaki italiana con tachas Sofia"},"content":{"rendered":"<p style=\"text-align: left;\">Esta bandolera ser\u00e1 el compa\u00f1ero perfecto para el pr\u00f3ximo paseo por el parque o una cita en un caf\u00e9 con tu mejor amigo!\u00a0 El bolso de piel y tachas colocadas en forma elegante, tiene espacio suficiente en su compartimento interior para llevar lo b\u00e1sico. Su estilo vintage hace que el bolso sea un compa\u00f1ero atemporal.<\/p>\n<p style=\"text-align: left;\">\u00a1El bolso perfecto para llevar en tu d\u00eda a d\u00eda! Peque\u00f1o y pr\u00e1ctico, este bolso con decoraci\u00f3n en la parte frontal con \u00a0es un gran accesorio para ir por la ciudad o en una caminata por la playa.<\/p>\n<p style=\"text-align: left;\">Est\u00e1 hecha de piel de cabra que la da estabilidad y flexibilidad. El forro de algod\u00f3n es un gran complemento que hace que este accesorio sea \u00fanico. Dimensiones 26 cm largo \u00a0x 18 cm alto.<\/p>\n<p style=\"text-align: left;\"><strong>Aviso importante<\/strong><\/p>\n<p style=\"text-align: left;\">Todos nuestros productos de cuero puede estar sujeta a una variaci\u00f3n natural en tama\u00f1o y color.<\/p>\n<p style=\"text-align: left;\">Las pieles utilizadas han sido procesadas y curtidas para dar al cuero acabado un aspecto antiguo \/ vintage.<br \/>\nPara los tama\u00f1os, permita 1-2 cm diferencia debido a la medida manual.<br \/>\nLas im\u00e1genes son 100% reales.<br \/>\nDebido al monitor del ordenador y el brillo real de la toma y otras razones, habr\u00e1 una cierta diferencia de color.<\/p>\n<!-- AddThis Advanced Settings generic via filter on the_content --><!-- AddThis Share Buttons generic via filter on the_content -->","protected":false},"excerpt":{"rendered":"<div class=\"woocommerce-product-details__short-description\">\n<h2 style=\"text-align: left;\">Esta bandolera ser\u00e1 el compa\u00f1ero perfecto para el pr\u00f3ximo paseo por el parque o una cita en un caf\u00e9 con tu mejor amigo!\u00a0 El bolso de piel y tachas colocadas en forma elegante, tiene espacio suficiente en su compartimento interior para llevar lo b\u00e1sico. Su estilo vintage hace que el bolso sea un compa\u00f1ero atemporal.<\/h2>\n<h4 style=\"text-align: left;\">\u00a1El bolso perfecto para llevar en tu d\u00eda a d\u00eda! Peque\u00f1o y pr\u00e1ctico, este bolso con decoraci\u00f3n en la parte frontal con \u00a0es un gran accesorio para ir por la ciudad o en una caminata por la playa.<\/h4>\n<h4 style=\"text-align: left;\">Est\u00e1 hecha de piel de cabra que la da estabilidad y flexibilidad. El forro de algod\u00f3n es un gran complemento que hace que este accesorio sea \u00fanico.<\/h4>\n<p style=\"text-align: left;\">Dimensiones 26 cm largo \u00a0x 18 cm alto.<\/p>\n<p style=\"text-align: left;\"><strong>\u00bfAlguna duda? Ponte en contacto con nosotros a trav\u00e9s del bot\u00f3n del chat directo por whatsApp y te resolveremos las dudas al instante!<\/strong><\/p>\n<\/div>\n<p><!-- AddThis Advanced Settings generic via filter on get_the_excerpt --><!-- AddThis Share Buttons generic via filter on get_the_excerpt --><\/p>\n","protected":false},"featured_media":26858,"comment_status":"open","ping_status":"closed","template":"","meta":{"om_disable_all_campaigns":false,"_monsterinsights_skip_tracking":false,"_monsterinsights_sitenote_active":false,"_monsterinsights_sitenote_note":"","_monsterinsights_sitenote_category":0,"_uf_show_specific_survey":0,"_uf_disable_surveys":false},"product_brand":[1217],"product_cat":[240,757,1035],"product_tag":[301,877,266,303,1020,305,315,316,329,255,782,823,1036,749,1102,1038],"class_list":{"0":"post-26856","1":"product","2":"type-product","3":"status-publish","4":"has-post-thumbnail","6":"product_brand-ibags-belts","7":"product_cat-bolsos-bandoleras-de-cuero-artesanal","8":"product_cat-bolso-clutch","9":"product_cat-bolso-de-cuero-italiano","10":"product_tag-bandolera","11":"product_tag-bandoleras","12":"product_tag-bolso-bohemian-bolso-cuero-repujado-bolsos-cuero-retro-bolso-shopper-cuero-bolso-cuero-trenzado-bolso-cuero-troquelado","13":"product_tag-bolso-bohemian","14":"product_tag-bolso-boho","15":"product_tag-bolso-cuero-artesanal","16":"product_tag-bolso-cuero-artesano","17":"product_tag-bolso-cuero-con-tachuelas","18":"product_tag-bolso-cuero-hippie","19":"product_tag-bolso-cuero-mujer","20":"product_tag-bolso-de-cuero-hecho-a-mano","21":"product_tag-bolso-piel","22":"product_tag-bolso-piel-italiano","23":"product_tag-clutch","24":"product_tag-piel","25":"product_tag-piel-lavada","27":"first","28":"instock","29":"shipping-taxable","30":"purchasable","31":"product-type-simple","32":"add-to-wishlist-after_add_to_cart","33":"layout-style-1","34":"col-md-4 col-sm-4 col-xs-6","35":"col-lg-3","36":"product-has-gallery","37":"product-style-default"},"aioseo_notices":[],"_links":{"self":[{"href":"https:\/\/www.ibagsbelts.com\/tienda\/wp-json\/wp\/v2\/product\/26856","targetHints":{"allow":["GET"]}}],"collection":[{"href":"https:\/\/www.ibagsbelts.com\/tienda\/wp-json\/wp\/v2\/product"}],"about":[{"href":"https:\/\/www.ibagsbelts.com\/tienda\/wp-json\/wp\/v2\/types\/product"}],"replies":[{"embeddable":true,"href":"https:\/\/www.ibagsbelts.com\/tienda\/wp-json\/wp\/v2\/comments?post=26856"}],"wp:featuredmedia":[{"embeddable":true,"href":"https:\/\/www.ibagsbelts.com\/tienda\/wp-json\/wp\/v2\/media\/26858"}],"wp:attachment":[{"href":"https:\/\/www.ibagsbelts.com\/tienda\/wp-json\/wp\/v2\/media?parent=26856"}],"wp:term":[{"taxonomy":"product_brand","embeddable":true,"href":"https:\/\/www.ibagsbelts.com\/tienda\/wp-json\/wp\/v2\/product_brand?post=26856"},{"taxonomy":"product_cat","embeddable":true,"href":"https:\/\/www.ibagsbelts.com\/tienda\/wp-json\/wp\/v2\/product_cat?post=26856"},{"taxonomy":"product_tag","embeddable":true,"href":"https:\/\/www.ibagsbelts.com\/tienda\/wp-json\/wp\/v2\/product_tag?post=26856"}],"curies":[{"name":"wp","href":"https:\/\/api.w.org\/{rel}","templated":true}]}}