{"id":26999,"date":"2023-09-03T14:33:43","date_gmt":"2023-09-03T12:33:43","guid":{"rendered":"https:\/\/www.ibagsbelts.com\/tienda\/?post_type=product&#038;p=26999"},"modified":"2026-03-14T13:22:24","modified_gmt":"2026-03-14T12:22:24","slug":"cinturon-de-piel-animal-print-leo-con-hebilla-plata","status":"publish","type":"product","link":"https:\/\/www.ibagsbelts.com\/tienda\/producto\/cinturon-de-piel-animal-print-leo-con-hebilla-plata\/","title":{"rendered":"Cintur\u00f3n de piel animal print leopardo con hebilla plata"},"content":{"rendered":"<p style=\"text-align: left;\">El cintur\u00f3n italiano de piel con pelo \u00a0animal print combina con cualquier ropa o conjunto en tu armario. Perfecto para vaqueros informales, pantalones de vestir o como accesorio para tu vestido favorito. No importa con qu\u00e9 lo lleves, seguro que recibir\u00e1s muchos halagos.<\/p>\n<p style=\"text-align: left;\">Respetuoso con los animales: Esta serie de productos te permite ir a la moda y mantener tus principios \u00e9ticos de una manera divertida y respetuosa con los animales. El cintur\u00f3n conjunta perfectamente con muchos tipos de ropa ya sea informal o elegante. Ibags Belts sabe que la moda no tiene que ser cruel para ser divertida. Puedes ser elegante y \u00e9tico a la vez.<\/p>\n<p style=\"text-align: left;\">El cintur\u00f3n ha sido dise\u00f1ado por un dise\u00f1ador profesional en Italia y contiene el dibujo pintado de la pile \u00a0animales como cebra, vaca, leopardo.<\/p>\n<p style=\"text-align: left;\"><span style=\"font-size: 1.4rem;\">Combina los negocios y el ocio mientras mantienes la elegancia y juventud. Es muy adecuado para vestidos, vaqueros y pantalones de vestir.<\/span><\/p>\n<p style=\"text-align: left;\"><strong>Aviso importante<\/strong><\/p>\n<p style=\"text-align: left;\">Todos nuestros productos de cuero est\u00e1n hechos a mano y su nueva bolsa de cuero puede estar sujeta a una variaci\u00f3n natural en tama\u00f1o y color.<br \/>\nPara los tama\u00f1os, permita 1-2 cm difiere debido a la medida manual.<br \/>\nLas im\u00e1genes son 100% reales.<br \/>\nDebido al monitor del ordenador y el brillo real de la toma y otras razones, habr\u00e1 una cierta diferencia de color.<\/p>\n<p>&nbsp;<\/p>\n<!-- AddThis Advanced Settings generic via filter on the_content --><!-- AddThis Share Buttons generic via filter on the_content -->","protected":false},"excerpt":{"rendered":"<h2>El cintur\u00f3n italiano de piel con pelo \u00a0animal print combina con cualquier ropa o conjunto en tu armario.<\/h2>\n<h4>Perfecto para vaqueros informales, pantalones de vestir o como accesorio para tu vestido\u00a0 favorito.\u00a0<span style=\"color: #000000; font-family: 'Roboto Slab'; font-size: 20px; text-align: center;\">No importa con qu\u00e9 lo lleves, seguro que recibir\u00e1s muchos halagos.<\/span><\/h4>\n<h4>El cintur\u00f3n ha sido dise\u00f1ado por un dise\u00f1ador profesional en Italia y contiene el dibujo pintado de la pile \u00a0animales como cebra, leopardo.\u00a0<span class=\"a-list-item\">Cinturones con un ancho de 3 cm , largo 105 cm.\u00a0<\/span><span class=\"a-list-item\">Aleaci\u00f3n de zinc de alta calidad, acabado met\u00e1lico<\/span><\/h4>\n<h5><strong>\u00bfAlguna duda? Ponte en contacto con nosotros a trav\u00e9s del bot\u00f3n del chat directo por whatsApp y te resolveremos las dudas al instante!<\/strong><\/h5>\n<p><!-- AddThis Advanced Settings generic via filter on get_the_excerpt --><!-- AddThis Share Buttons generic via filter on get_the_excerpt --><\/p>\n","protected":false},"featured_media":26994,"comment_status":"open","ping_status":"closed","template":"","meta":{"om_disable_all_campaigns":false,"_monsterinsights_skip_tracking":false,"_monsterinsights_sitenote_active":false,"_monsterinsights_sitenote_note":"","_monsterinsights_sitenote_category":0,"_uf_show_specific_survey":0,"_uf_disable_surveys":false},"product_brand":[],"product_cat":[395],"product_tag":[290,258,332,340,341,264,343,335,333,1089,1034,746],"class_list":{"0":"post-26999","1":"product","2":"type-product","3":"status-publish","4":"has-post-thumbnail","6":"product_cat-cinturones-de-pelo","7":"product_tag-cinturon","8":"product_tag-cinturon-cuero-cowboy-cinturon-cuero-de-vaca-cinturon-de-cuero-artesanal-bolso-de-cuero-cinturon-cuero-para-hombre-cinturon-para-mujer","9":"product_tag-cinturon-cuero","10":"product_tag-cinturon-cuero-ancho-bohemian","11":"product_tag-cinturon-cuero-boho-chic","12":"product_tag-cinturon-cuero-de-vaca-cuero-de-cuero-cinturon-de-cuero-chapa","13":"product_tag-cinturon-cuero-moderno","14":"product_tag-cinturon-cuero-natural","15":"product_tag-cinturon-cuero-vaca","16":"product_tag-cinturon-piel","17":"product_tag-cinturones","18":"product_tag-estilo-hippiechic","20":"first","21":"outofstock","22":"shipping-taxable","23":"purchasable","24":"product-type-simple","25":"add-to-wishlist-after_add_to_cart","26":"layout-style-1","27":"col-md-4 col-sm-4 col-xs-6","28":"col-lg-3","29":"product-style-default"},"aioseo_notices":[],"_links":{"self":[{"href":"https:\/\/www.ibagsbelts.com\/tienda\/wp-json\/wp\/v2\/product\/26999","targetHints":{"allow":["GET"]}}],"collection":[{"href":"https:\/\/www.ibagsbelts.com\/tienda\/wp-json\/wp\/v2\/product"}],"about":[{"href":"https:\/\/www.ibagsbelts.com\/tienda\/wp-json\/wp\/v2\/types\/product"}],"replies":[{"embeddable":true,"href":"https:\/\/www.ibagsbelts.com\/tienda\/wp-json\/wp\/v2\/comments?post=26999"}],"wp:featuredmedia":[{"embeddable":true,"href":"https:\/\/www.ibagsbelts.com\/tienda\/wp-json\/wp\/v2\/media\/26994"}],"wp:attachment":[{"href":"https:\/\/www.ibagsbelts.com\/tienda\/wp-json\/wp\/v2\/media?parent=26999"}],"wp:term":[{"taxonomy":"product_brand","embeddable":true,"href":"https:\/\/www.ibagsbelts.com\/tienda\/wp-json\/wp\/v2\/product_brand?post=26999"},{"taxonomy":"product_cat","embeddable":true,"href":"https:\/\/www.ibagsbelts.com\/tienda\/wp-json\/wp\/v2\/product_cat?post=26999"},{"taxonomy":"product_tag","embeddable":true,"href":"https:\/\/www.ibagsbelts.com\/tienda\/wp-json\/wp\/v2\/product_tag?post=26999"}],"curies":[{"name":"wp","href":"https:\/\/api.w.org\/{rel}","templated":true}]}}