{"id":27218,"date":"2023-10-29T12:12:01","date_gmt":"2023-10-29T11:12:01","guid":{"rendered":"https:\/\/www.ibagsbelts.com\/tienda\/?post_type=product&#038;p=27218"},"modified":"2026-03-14T13:03:09","modified_gmt":"2026-03-14T12:03:09","slug":"monedero-de-cuero-tejido-marron-italiano-leonardo","status":"publish","type":"product","link":"https:\/\/www.ibagsbelts.com\/tienda\/producto\/monedero-de-cuero-tejido-marron-italiano-leonardo\/","title":{"rendered":"Monedero de cuero tejido marr\u00f3n italiano Leonardo"},"content":{"rendered":"<p style=\"text-align: left;\">\u00a1Este bolso de cuero R\u00fastico \u201ctejido de cesta\u201d es \u00fanico en su tipo!<\/p>\n<p style=\"text-align: left;\">Esta piel de cuero fue realmente un hallazgo \u00fanico con la textura r\u00fastica del tejido de cesta.<\/p>\n<p style=\"text-align: left;\">El dise\u00f1o antiguo con mosquet\u00f3n y aro en oro viejo crea ese aspecto discreto y R\u00fastico, elegante en la parte superior del monedero. Se utilizo un trozo de cuero para unir el mosquet\u00f3n grande en oro viejo al monedero. \u00a1Disfruta de este estilo manos libres!<\/p>\n<p style=\"text-align: left;\">Una cremallera de metal duradera encierra un lujoso forro de sat\u00e9n.<\/p>\n<p style=\"text-align: left;\">Es una pieza atemporal y funcional,\u00a0medidas 10 cm de alto X 9 de largo.<\/p>\n<p style=\"text-align: left;\"><strong>Aviso importante<\/strong><\/p>\n<p style=\"text-align: left;\">Todos nuestros productos de cuero est\u00e1n hechos a mano y su nueva bolsa de cuero puede estar sujeta a una variaci\u00f3n natural en tama\u00f1o y color.<br \/>\nPara los tama\u00f1os, permita 1-2 cm difiere debido a la medida manual.<br \/>\nLas im\u00e1genes son 100% reales.<br \/>\nDebido al monitor del ordenador y el brillo real de la toma y otras razones, habr\u00e1 una cierta diferencia de color.<\/p>\n<!-- AddThis Advanced Settings generic via filter on the_content --><!-- AddThis Share Buttons generic via filter on the_content -->","protected":false},"excerpt":{"rendered":"<h2 style=\"text-align: left;\">\u00a1Este bolso de cuero R\u00fastico &#8220;tejido de cesta&#8221; es \u00fanico en su tipo!<\/h2>\n<h3 style=\"text-align: left;\">Esta piel de cuero fue realmente un hallazgo \u00fanico con la textura r\u00fastica del tejido de cesta.\u00a0El dise\u00f1o antiguo con un mosquet\u00f3n y aro en oro viejo crea ese aspecto discreto y R\u00fastico, elegante en la parte superior del monedero. Se utilizo un trozo de cuero para unir el mosquet\u00f3n grande en oro viejo al monedero. \u00a1Disfruta de este estilo manos libres!<\/h3>\n<h4 style=\"text-align: left;\">Una cremallera de metal duradera encierra un lujoso forro de sat\u00e9n.<\/h4>\n<h4 style=\"text-align: left;\">Es una pieza atemporal y funcional,\u00a0medidas 10 cm de alto X 9 de largo.<\/h4>\n<h4><strong>\u00bfAlguna duda? Ponte en contacto con nosotros a trav\u00e9s del bot\u00f3n del chat directo por whatsApp y te resolveremos las dudas al instante!.<\/strong><\/h4>\n<p>&nbsp;<!-- AddThis Advanced Settings generic via filter on get_the_excerpt --><!-- AddThis Share Buttons generic via filter on get_the_excerpt --><\/p>\n","protected":false},"featured_media":27222,"comment_status":"open","ping_status":"closed","template":"","meta":{"om_disable_all_campaigns":false,"_monsterinsights_skip_tracking":false,"_monsterinsights_sitenote_active":false,"_monsterinsights_sitenote_note":"","_monsterinsights_sitenote_category":0,"_uf_show_specific_survey":0,"_uf_disable_surveys":false},"product_brand":[1217],"product_cat":[1035,1300],"product_tag":[1096,305,313,782,1036,784,885,307,873,1102,1038,1048],"class_list":{"0":"post-27218","1":"product","2":"type-product","3":"status-publish","4":"has-post-thumbnail","6":"product_brand-ibags-belts","7":"product_cat-bolso-de-cuero-italiano","8":"product_cat-mini-carteras","9":"product_tag-artesania","10":"product_tag-bolso-cuero-artesanal","11":"product_tag-bolso-cuero-hecho-a-mano","12":"product_tag-bolso-de-cuero-hecho-a-mano","13":"product_tag-bolso-piel-italiano","14":"product_tag-bolso-trenzados","15":"product_tag-cartera","16":"product_tag-cuero-trenzado","17":"product_tag-monedero","18":"product_tag-piel","19":"product_tag-piel-lavada","20":"product_tag-trenzado","22":"first","23":"outofstock","24":"shipping-taxable","25":"purchasable","26":"product-type-simple","27":"add-to-wishlist-after_add_to_cart","28":"layout-style-1","29":"col-md-4 col-sm-4 col-xs-6","30":"col-lg-3","31":"product-has-gallery","32":"product-style-default"},"aioseo_notices":[],"_links":{"self":[{"href":"https:\/\/www.ibagsbelts.com\/tienda\/wp-json\/wp\/v2\/product\/27218","targetHints":{"allow":["GET"]}}],"collection":[{"href":"https:\/\/www.ibagsbelts.com\/tienda\/wp-json\/wp\/v2\/product"}],"about":[{"href":"https:\/\/www.ibagsbelts.com\/tienda\/wp-json\/wp\/v2\/types\/product"}],"replies":[{"embeddable":true,"href":"https:\/\/www.ibagsbelts.com\/tienda\/wp-json\/wp\/v2\/comments?post=27218"}],"wp:featuredmedia":[{"embeddable":true,"href":"https:\/\/www.ibagsbelts.com\/tienda\/wp-json\/wp\/v2\/media\/27222"}],"wp:attachment":[{"href":"https:\/\/www.ibagsbelts.com\/tienda\/wp-json\/wp\/v2\/media?parent=27218"}],"wp:term":[{"taxonomy":"product_brand","embeddable":true,"href":"https:\/\/www.ibagsbelts.com\/tienda\/wp-json\/wp\/v2\/product_brand?post=27218"},{"taxonomy":"product_cat","embeddable":true,"href":"https:\/\/www.ibagsbelts.com\/tienda\/wp-json\/wp\/v2\/product_cat?post=27218"},{"taxonomy":"product_tag","embeddable":true,"href":"https:\/\/www.ibagsbelts.com\/tienda\/wp-json\/wp\/v2\/product_tag?post=27218"}],"curies":[{"name":"wp","href":"https:\/\/api.w.org\/{rel}","templated":true}]}}