{"id":27259,"date":"2023-10-29T13:50:12","date_gmt":"2023-10-29T12:50:12","guid":{"rendered":"https:\/\/www.ibagsbelts.com\/tienda\/?post_type=product&#038;p=27259"},"modified":"2026-03-14T12:57:43","modified_gmt":"2026-03-14T11:57:43","slug":"bolso-de-mano-o-cartera-billetera-de-piel-italiano-rojo-lucia","status":"publish","type":"product","link":"https:\/\/www.ibagsbelts.com\/tienda\/producto\/bolso-de-mano-o-cartera-billetera-de-piel-italiano-rojo-lucia\/","title":{"rendered":"Bolso de mano o cartera billetera de piel italiano rojo Lucia"},"content":{"rendered":"<p>Fabricada a mano en suave cuero italiano vintage trenzado envejecido, nuestra nueva cartera, billetera, tarjetero es lo suficientemente espaciosa para su tel\u00e9fono celular y tiene dos correa de cuero una de mano y otra para llevarla como bandolera. Sirve como bolso de mano para una salida nocturna.<\/p>\n<p>Tiene dos compartimentos con cierre de cremallera. El primero tiene \u00a06 ranuras para tarjetas. El segundo tiene ranuras para billetes, bolsillo con cremallera \u00a0para documentos o monedas, etc.<\/p>\n<p>En la parte de atr\u00e1s tiene un bolsillo de cuero con cremallera.<\/p>\n<p>Correa de cuero. Piel lavada trenzada a mano.\u00a0Cuero:\u00a0\u00a0cuero italiano\u00a0lavado<\/p>\n<p>Medidas \u00a017 cm x 9 cm x 4 cm.<\/p>\n<p><strong>Aviso importante<\/strong><\/p>\n<p>Todos nuestros productos de cuero est\u00e1n hechos a mano y su nueva bolsa de cuero puede estar sujeta a una variaci\u00f3n natural en tama\u00f1o y color.<br \/>\nPara los tama\u00f1os, permita 1-2 cm difiere debido a la medida manual.<br \/>\nLas im\u00e1genes son 100% reales.<br \/>\nDebido al monitor del ordenador y el brillo real de la toma y otras razones, habr\u00e1 una cierta diferencia de color.<\/p>\n<!-- AddThis Advanced Settings generic via filter on the_content --><!-- AddThis Share Buttons generic via filter on the_content -->","protected":false},"excerpt":{"rendered":"<h2>Fabricada a mano en suave cuero italiano vintage trenzado envejecido, nuestra nueva cartera, billetera, tarjetero es lo suficientemente espaciosa para su tel\u00e9fono celular y tiene dos correa de cuero una de de mano y otra para llevarla como bandolera.<\/h2>\n<h3>Sirve como bolso de mano para una salida nocturna.\u00a0Tiene dos compartimentos con cierre de cremallera. El primero tiene \u00a06 ranuras para tarjetas. El segundo tiene ranuras para billetes, bolsillo con cremallera \u00a0para documentos o monedas, etc.<\/h3>\n<h4>En la parte de atr\u00e1s tiene un bolsillo de cuero con cremallera.<\/h4>\n<h4>Correa de cuero. Piel lavada trenzada a mano.\u00a0Cuero:\u00a0\u00a0cuero italiano\u00a0lavado<\/h4>\n<p>Medidas \u00a017 cm x 9 cm x 4 cm.<\/p>\n<div class=\"woocommerce-product-details__short-description\">\n<h5><b>\u00bfAlguna duda? Ponte en contacto con nosotros a trav\u00e9s del bot\u00f3n del chat directo por WhatsApp y te resolveremos las dudas al instante!<\/b><\/h5>\n<\/div>\n<p><!-- AddThis Advanced Settings generic via filter on get_the_excerpt --><!-- AddThis Share Buttons generic via filter on get_the_excerpt --><\/p>\n","protected":false},"featured_media":27265,"comment_status":"open","ping_status":"closed","template":"","meta":{"om_disable_all_campaigns":false,"_monsterinsights_skip_tracking":false,"_monsterinsights_sitenote_active":false,"_monsterinsights_sitenote_note":"","_monsterinsights_sitenote_category":0,"_uf_show_specific_survey":0,"_uf_disable_surveys":false},"product_brand":[1217],"product_cat":[240,1301,757,1035,1299,1302,1303],"product_tag":[301,877,881,266,303,299,305,315,255,823,1036,784,727,281,885,744,873,1102,1038],"class_list":{"0":"post-27259","1":"product","2":"type-product","3":"status-publish","4":"has-post-thumbnail","6":"product_brand-ibags-belts","7":"product_cat-bolsos-bandoleras-de-cuero-artesanal","8":"product_cat-billeteras","9":"product_cat-bolso-clutch","10":"product_cat-bolso-de-cuero-italiano","11":"product_cat-carteras","12":"product_cat-monederos-largos","13":"product_cat-tarjeteros","14":"product_tag-bandolera","15":"product_tag-bandoleras","16":"product_tag-billetero","17":"product_tag-bolso-bohemian-bolso-cuero-repujado-bolsos-cuero-retro-bolso-shopper-cuero-bolso-cuero-trenzado-bolso-cuero-troquelado","18":"product_tag-bolso-bohemian","19":"product_tag-bolso-cuero","20":"product_tag-bolso-cuero-artesanal","21":"product_tag-bolso-cuero-artesano","22":"product_tag-bolso-cuero-mujer","23":"product_tag-bolso-piel","24":"product_tag-bolso-piel-italiano","25":"product_tag-bolso-trenzados","26":"product_tag-bolsos-bandoleras-cuero","27":"product_tag-bolso-bohemian-bolso-cuero-para-hombre-bolso-cuero-repujado-bolsos-cuero-retro-bolso-shopper-cuero-bolso-cuero-trenzado-bolso-cuero-troquelado-bolso-cuero-vaca-bolso-cuero-viaje-hombre","28":"product_tag-cartera","29":"product_tag-estilo-bohochic","30":"product_tag-monedero","31":"product_tag-piel","32":"product_tag-piel-lavada","34":"first","35":"outofstock","36":"shipping-taxable","37":"purchasable","38":"product-type-simple","39":"add-to-wishlist-after_add_to_cart","40":"layout-style-1","41":"col-md-4 col-sm-4 col-xs-6","42":"col-lg-3","43":"product-has-gallery","44":"product-style-default"},"aioseo_notices":[],"_links":{"self":[{"href":"https:\/\/www.ibagsbelts.com\/tienda\/wp-json\/wp\/v2\/product\/27259","targetHints":{"allow":["GET"]}}],"collection":[{"href":"https:\/\/www.ibagsbelts.com\/tienda\/wp-json\/wp\/v2\/product"}],"about":[{"href":"https:\/\/www.ibagsbelts.com\/tienda\/wp-json\/wp\/v2\/types\/product"}],"replies":[{"embeddable":true,"href":"https:\/\/www.ibagsbelts.com\/tienda\/wp-json\/wp\/v2\/comments?post=27259"}],"wp:featuredmedia":[{"embeddable":true,"href":"https:\/\/www.ibagsbelts.com\/tienda\/wp-json\/wp\/v2\/media\/27265"}],"wp:attachment":[{"href":"https:\/\/www.ibagsbelts.com\/tienda\/wp-json\/wp\/v2\/media?parent=27259"}],"wp:term":[{"taxonomy":"product_brand","embeddable":true,"href":"https:\/\/www.ibagsbelts.com\/tienda\/wp-json\/wp\/v2\/product_brand?post=27259"},{"taxonomy":"product_cat","embeddable":true,"href":"https:\/\/www.ibagsbelts.com\/tienda\/wp-json\/wp\/v2\/product_cat?post=27259"},{"taxonomy":"product_tag","embeddable":true,"href":"https:\/\/www.ibagsbelts.com\/tienda\/wp-json\/wp\/v2\/product_tag?post=27259"}],"curies":[{"name":"wp","href":"https:\/\/api.w.org\/{rel}","templated":true}]}}