{"id":27291,"date":"2023-10-30T22:06:13","date_gmt":"2023-10-30T21:06:13","guid":{"rendered":"https:\/\/www.ibagsbelts.com\/tienda\/?post_type=product&#038;p=27291"},"modified":"2026-03-14T12:55:11","modified_gmt":"2026-03-14T11:55:11","slug":"bandolera-lisa-beige-de-piel-italiana-carina","status":"publish","type":"product","link":"https:\/\/www.ibagsbelts.com\/tienda\/producto\/bandolera-lisa-beige-de-piel-italiana-carina\/","title":{"rendered":"Bandolera lisa beige de piel italiana Carina"},"content":{"rendered":"<p style=\"text-align: left;\">El compa\u00f1ero perfecto para el pr\u00f3ximo paseo por el parque.<\/p>\n<p style=\"text-align: left;\">El bolso peque\u00f1o con correa larga regulable de quita y pon con mosquet\u00f3n dorado. Tiene espacio suficiente para lo indispensable en su interior como tu llaves, monedero y tu smartphone. Su estilo vintage hace que el bolso sea un compa\u00f1ero a temporal.<\/p>\n<p style=\"text-align: left;\">Se cierra mediante cremallera de metal color dorado el aspecto vintage que te encantar\u00e1.<\/p>\n<p style=\"text-align: left;\">Forro y bolsillo interior<\/p>\n<p style=\"text-align: left;\">29 cm de largo por 20 de alto por 5 cm de fondo<\/p>\n<p style=\"text-align: left;\"><strong>Aviso importante<\/strong><\/p>\n<p style=\"text-align: left;\">Todos nuestros productos de cuero est\u00e1n hechos a mano y su nueva bolsa de cuero puede estar sujeta a una variaci\u00f3n natural en tama\u00f1o y color.<br \/>\nPara los tama\u00f1os, permita 1-2 cm difiere debido a la medida manual.<br \/>\nLas im\u00e1genes son 100% reales.<br \/>\nDebido al monitor del ordenador y el brillo real de la toma y otras razones, habr\u00e1 una cierta diferencia de color.<\/p>\n<!-- AddThis Advanced Settings generic via filter on the_content --><!-- AddThis Share Buttons generic via filter on the_content -->","protected":false},"excerpt":{"rendered":"<h2 style=\"text-align: center;\">El compa\u00f1ero perfecto para el pr\u00f3ximo paseo por el parque o tu lugar favorito.<\/h2>\n<h3 style=\"text-align: center;\">El bolso peque\u00f1o con correa larga regulable de quita y pon con mosquet\u00f3n dorado. Tiene espacio suficiente para lo indispensable en su interior como tu llaves, monedero y tu smartphone. Su estilo vintage hace que el bolso sea un compa\u00f1ero a temporal.<\/h3>\n<h4 style=\"text-align: center;\">Se cierra mediante cremallera de metal color dorado el aspecto vintage que te encantar\u00e1.\u00a0Forro y bolsillo interior<\/h4>\n<p style=\"text-align: center;\">29 cm largo X 20 cm alto X 5 cm fondo<\/p>\n<h5 style=\"text-align: left;\"><strong>\u00bfAlguna duda? Ponte en contacto con nosotros a trav\u00e9s del bot\u00f3n del chat directo por whatsApp y te resolveremos las dudas al instante!<\/strong><\/h5>\n<p><!-- AddThis Advanced Settings generic via filter on get_the_excerpt --><!-- AddThis Share Buttons generic via filter on get_the_excerpt --><\/p>\n","protected":false},"featured_media":27295,"comment_status":"open","ping_status":"closed","template":"","meta":{"om_disable_all_campaigns":false,"_monsterinsights_skip_tracking":false,"_monsterinsights_sitenote_active":false,"_monsterinsights_sitenote_note":"","_monsterinsights_sitenote_category":0,"_uf_show_specific_survey":0,"_uf_disable_surveys":false},"product_brand":[1217],"product_cat":[240],"product_tag":[301,877,266,299,305,315,778,313,329,255,823,1036,727,302,1102],"class_list":{"0":"post-27291","1":"product","2":"type-product","3":"status-publish","4":"has-post-thumbnail","6":"product_brand-ibags-belts","7":"product_cat-bolsos-bandoleras-de-cuero-artesanal","8":"product_tag-bandolera","9":"product_tag-bandoleras","10":"product_tag-bolso-bohemian-bolso-cuero-repujado-bolsos-cuero-retro-bolso-shopper-cuero-bolso-cuero-trenzado-bolso-cuero-troquelado","11":"product_tag-bolso-cuero","12":"product_tag-bolso-cuero-artesanal","13":"product_tag-bolso-cuero-artesano","14":"product_tag-bolso-cuero-de-vaca","15":"product_tag-bolso-cuero-hecho-a-mano","16":"product_tag-bolso-cuero-hippie","17":"product_tag-bolso-cuero-mujer","18":"product_tag-bolso-piel","19":"product_tag-bolso-piel-italiano","20":"product_tag-bolsos-bandoleras-cuero","21":"product_tag-bolsos-de-cuero","22":"product_tag-piel","24":"first","25":"instock","26":"shipping-taxable","27":"purchasable","28":"product-type-simple","29":"add-to-wishlist-after_add_to_cart","30":"layout-style-1","31":"col-md-4 col-sm-4 col-xs-6","32":"col-lg-3","33":"product-has-gallery","34":"product-style-default"},"aioseo_notices":[],"_links":{"self":[{"href":"https:\/\/www.ibagsbelts.com\/tienda\/wp-json\/wp\/v2\/product\/27291","targetHints":{"allow":["GET"]}}],"collection":[{"href":"https:\/\/www.ibagsbelts.com\/tienda\/wp-json\/wp\/v2\/product"}],"about":[{"href":"https:\/\/www.ibagsbelts.com\/tienda\/wp-json\/wp\/v2\/types\/product"}],"replies":[{"embeddable":true,"href":"https:\/\/www.ibagsbelts.com\/tienda\/wp-json\/wp\/v2\/comments?post=27291"}],"wp:featuredmedia":[{"embeddable":true,"href":"https:\/\/www.ibagsbelts.com\/tienda\/wp-json\/wp\/v2\/media\/27295"}],"wp:attachment":[{"href":"https:\/\/www.ibagsbelts.com\/tienda\/wp-json\/wp\/v2\/media?parent=27291"}],"wp:term":[{"taxonomy":"product_brand","embeddable":true,"href":"https:\/\/www.ibagsbelts.com\/tienda\/wp-json\/wp\/v2\/product_brand?post=27291"},{"taxonomy":"product_cat","embeddable":true,"href":"https:\/\/www.ibagsbelts.com\/tienda\/wp-json\/wp\/v2\/product_cat?post=27291"},{"taxonomy":"product_tag","embeddable":true,"href":"https:\/\/www.ibagsbelts.com\/tienda\/wp-json\/wp\/v2\/product_tag?post=27291"}],"curies":[{"name":"wp","href":"https:\/\/api.w.org\/{rel}","templated":true}]}}