{"id":27299,"date":"2023-10-30T23:11:17","date_gmt":"2023-10-30T22:11:17","guid":{"rendered":"https:\/\/www.ibagsbelts.com\/tienda\/?post_type=product&#038;p=27299"},"modified":"2026-03-14T12:54:39","modified_gmt":"2026-03-14T11:54:39","slug":"funda-para-portatil-etnica-de-algodon-indra","status":"publish","type":"product","link":"https:\/\/www.ibagsbelts.com\/tienda\/producto\/funda-para-portatil-etnica-de-algodon-indra\/","title":{"rendered":"Funda para port\u00e1til \u00e9tnica de algod\u00f3n Indra"},"content":{"rendered":"<p style=\"text-align: left;\">Le presentamos una funda para port\u00e1til en algod\u00f3n org\u00e1nico ideal para tus aparatos electr\u00f3nicos. esta confeccionado con motivo floral lime Grove en suaves colores verdes amarillentos , rosa y verde. Tiene un exterior \u00a0acolchado.<\/p>\n<p style=\"text-align: left;\">Forrado por dentro con forro de nailon blanco semi impermeable.\u00a0Cierre de cremallera y asas de mano y de bandolera de quita y pon.<\/p>\n<p style=\"text-align: left;\">medidas 42 cm de largo x 30 cm de alto x 4 cm de profundidad.<\/p>\n<p><strong>Aviso importante<\/strong><\/p>\n<p style=\"text-align: left;\">Todos nuestros productos de cuero puede estar sujeta a una variaci\u00f3n natural en tama\u00f1o y color.<\/p>\n<p style=\"text-align: left;\">Para los tama\u00f1os, permita 1-2 cm diferencia debido a la medida manual.<\/p>\n<p style=\"text-align: left;\">Las im\u00e1genes son 100% reales.<\/p>\n<p style=\"text-align: left;\">Debido al monitor del ordenador y el brillo real de la toma y otras razones, habr\u00e1 una cierta diferencia de color.<\/p>\n<!-- AddThis Advanced Settings generic via filter on the_content --><!-- AddThis Share Buttons generic via filter on the_content -->","protected":false},"excerpt":{"rendered":"<h2 style=\"text-align: center;\">Le presentamos una funda para port\u00e1til en algod\u00f3n org\u00e1nico ideal para tus aparatos electr\u00f3nicos.<\/h2>\n<h3 style=\"text-align: center;\">Esta confeccionado con motivo floral lime Grove en suaves colores verdes amarillentos , rosa y verde. Tiene un exterior \u00a0acolchado.\u00a0Forrado por dentro con forro de nailon blanco semi impermeable.<\/h3>\n<h4 style=\"text-align: center;\">Cierre de cremallera y asas de mano y de bandolera de quita y pon.<\/h4>\n<p style=\"text-align: center;\">medidas 42 cm de largo x 30 cm de alto x 4 cm de profundidad.<\/p>\n<div class=\"woocommerce-product-details__short-description\">\n<div class=\"woocommerce-product-details__short-description\">\n<div class=\"woocommerce-product-details__short-description\">\n<h5 style=\"text-align: center;\"><strong>\u00bfAlguna duda? Ponte en contacto con nosotros a trav\u00e9s del bot\u00f3n del chat directo por whatsapp y te resolveremos las dudas al instante!<\/strong><\/h5>\n<\/div>\n<\/div>\n<\/div>\n<p><!-- AddThis Advanced Settings generic via filter on get_the_excerpt --><!-- AddThis Share Buttons generic via filter on get_the_excerpt --><\/p>\n","protected":false},"featured_media":27301,"comment_status":"open","ping_status":"closed","template":"","meta":{"om_disable_all_campaigns":false,"_monsterinsights_skip_tracking":false,"_monsterinsights_sitenote_active":false,"_monsterinsights_sitenote_note":"","_monsterinsights_sitenote_category":0,"_uf_show_specific_survey":0,"_uf_disable_surveys":false},"product_brand":[1217],"product_cat":[240,757,402],"product_tag":[736,737,1019,1020,743,745,739,875,928],"class_list":{"0":"post-27299","1":"product","2":"type-product","3":"status-publish","4":"has-post-thumbnail","6":"product_brand-ibags-belts","7":"product_cat-bolsos-bandoleras-de-cuero-artesanal","8":"product_cat-bolso-clutch","9":"product_cat-maletin-liso","10":"product_tag-boho","11":"product_tag-bohochic","12":"product_tag-bolsa-de-portatil","13":"product_tag-bolso-boho","14":"product_tag-estilo-boho","15":"product_tag-estilo-hippie","16":"product_tag-hippiechic","17":"product_tag-maletin","18":"product_tag-portafolios","20":"first","21":"instock","22":"shipping-taxable","23":"purchasable","24":"product-type-simple","25":"add-to-wishlist-after_add_to_cart","26":"layout-style-1","27":"col-md-4 col-sm-4 col-xs-6","28":"col-lg-3","29":"product-has-gallery","30":"product-style-default"},"aioseo_notices":[],"_links":{"self":[{"href":"https:\/\/www.ibagsbelts.com\/tienda\/wp-json\/wp\/v2\/product\/27299","targetHints":{"allow":["GET"]}}],"collection":[{"href":"https:\/\/www.ibagsbelts.com\/tienda\/wp-json\/wp\/v2\/product"}],"about":[{"href":"https:\/\/www.ibagsbelts.com\/tienda\/wp-json\/wp\/v2\/types\/product"}],"replies":[{"embeddable":true,"href":"https:\/\/www.ibagsbelts.com\/tienda\/wp-json\/wp\/v2\/comments?post=27299"}],"wp:featuredmedia":[{"embeddable":true,"href":"https:\/\/www.ibagsbelts.com\/tienda\/wp-json\/wp\/v2\/media\/27301"}],"wp:attachment":[{"href":"https:\/\/www.ibagsbelts.com\/tienda\/wp-json\/wp\/v2\/media?parent=27299"}],"wp:term":[{"taxonomy":"product_brand","embeddable":true,"href":"https:\/\/www.ibagsbelts.com\/tienda\/wp-json\/wp\/v2\/product_brand?post=27299"},{"taxonomy":"product_cat","embeddable":true,"href":"https:\/\/www.ibagsbelts.com\/tienda\/wp-json\/wp\/v2\/product_cat?post=27299"},{"taxonomy":"product_tag","embeddable":true,"href":"https:\/\/www.ibagsbelts.com\/tienda\/wp-json\/wp\/v2\/product_tag?post=27299"}],"curies":[{"name":"wp","href":"https:\/\/api.w.org\/{rel}","templated":true}]}}