{"id":27333,"date":"2023-10-31T23:07:51","date_gmt":"2023-10-31T22:07:51","guid":{"rendered":"https:\/\/www.ibagsbelts.com\/tienda\/?post_type=product&#038;p=27333"},"modified":"2026-03-14T12:36:07","modified_gmt":"2026-03-14T11:36:07","slug":"bolso-tote-de-piel-lavada-color-rosa-palo-gina","status":"publish","type":"product","link":"https:\/\/www.ibagsbelts.com\/tienda\/producto\/bolso-tote-de-piel-lavada-color-rosa-palo-gina\/","title":{"rendered":"Bolso tote de piel lavada color rosa palo Gina"},"content":{"rendered":"<p style=\"text-align: left;\">\u00a1No te pierdas este incre\u00edble tote que ser\u00e1 el complemento perfecto para cualquier ocasi\u00f3n! Este bolso de mano est\u00e1 hecho de suave piel lavada italiana, lo que lo convierte en una opci\u00f3n elegante y duradera para tu d\u00eda a d\u00eda.<\/p>\n<p style=\"text-align: left;\">Con un dise\u00f1o cl\u00e1sico y holgado, este tote cuenta con detalles de tachuelas de lat\u00f3n envejecido que le dan un toque de estilo \u00fanico. Adem\u00e1s, viene con asas superiores y una correa de cuero ajustable y suave que te permite llevarlo c\u00f3modamente como bandolera.<\/p>\n<p style=\"text-align: left;\">En su espacioso interior, encontrar\u00e1s un bolsillo con cremallera y dos bolsillos abiertos, perfectos para mantener tu tel\u00e9fono m\u00f3vil y otros art\u00edculos organizados y al alcance de la mano.<\/p>\n<p style=\"text-align: left;\">Hecho de cuero italiano vintage lavado suave, este tote no solo es hermoso, sino tambi\u00e9n muy pr\u00e1ctico y c\u00f3modo de llevar.<\/p>\n<p style=\"text-align: left;\">No dejes pasar la oportunidad de hacerte con este incre\u00edble bolso que seguramente se convertir\u00e1 en tu favorito.<\/p>\n<p style=\"text-align: left;\">Medidas: 50cm de largo x 17cm de ancho x 37cm de alto.<\/p>\n<h5 style=\"text-align: left;\"><strong>Aviso importante<\/strong><\/h5>\n<p style=\"text-align: left;\">Todos nuestros productos de cuero est\u00e1n hechos a mano y su nueva bolsa de cuero puede estar sujeta a una variaci\u00f3n natural en tama\u00f1o y color.<br \/>\nPara los tama\u00f1os, permita 1-2 cm difiere debido a la medida manual.<br \/>\nLas im\u00e1genes son 100% reales.<br \/>\nDebido al monitor del ordenador y el brillo real de la toma y otras razones, habr\u00e1 una cierta diferencia de color.<\/p>\n<!-- AddThis Advanced Settings generic via filter on the_content --><!-- AddThis Share Buttons generic via filter on the_content -->","protected":false},"excerpt":{"rendered":"<p style=\"text-align: left;\">Este tote es el sue\u00f1o de toda mujer por sus caracter\u00edsticas , es un bolso de piel lavada italiana con un dise\u00f1o holgado cl\u00e1sico con detalles de tachuelas de lat\u00f3n envejecido.<\/p>\n<p style=\"text-align: left;\">Asas superiores y una correa de cuero ajustable y suave\u00a0 para llevar de bandolera.\u00a0En el interior un<strong>\u00a0<\/strong>bolsillo con cremallera y 2 bolsillos abiertos perfectos para tel\u00e9fonos m\u00f3viles y organizaci\u00f3n. Correa de piel suave ajustable y extra\u00edble.<\/p>\n<p style=\"text-align: left;\">Cuero italiano vintage lavado suave.<\/p>\n<p style=\"text-align: left;\">Medidas:\u00a0 50 cm \u00d7\u00a0 17 cm \u00d7\u00a0 37 cm<\/p>\n<div class=\"woocommerce-product-details__short-description\">\n<h5 style=\"text-align: left;\"><strong>\u00bfAlguna duda? Ponte en contacto con nosotros a trav\u00e9s del bot\u00f3n del chat directo por whatsApp y te resolveremos las dudas al instante!<\/strong><\/h5>\n<\/div>\n<p><!-- AddThis Advanced Settings generic via filter on get_the_excerpt --><!-- AddThis Share Buttons generic via filter on get_the_excerpt --><\/p>\n","protected":false},"featured_media":27335,"comment_status":"open","ping_status":"closed","template":"","meta":{"om_disable_all_campaigns":false,"_monsterinsights_skip_tracking":false,"_monsterinsights_sitenote_active":false,"_monsterinsights_sitenote_note":"","_monsterinsights_sitenote_category":0,"_uf_show_specific_survey":0,"_uf_disable_surveys":false},"product_brand":[1217],"product_cat":[240,757,1035,41],"product_tag":[301,877,737,266,303,305,316,313,255,823,1036,727,744,1038],"class_list":{"0":"post-27333","1":"product","2":"type-product","3":"status-publish","4":"has-post-thumbnail","6":"product_brand-ibags-belts","7":"product_cat-bolsos-bandoleras-de-cuero-artesanal","8":"product_cat-bolso-clutch","9":"product_cat-bolso-de-cuero-italiano","10":"product_cat-shoppers","11":"product_tag-bandolera","12":"product_tag-bandoleras","13":"product_tag-bohochic","14":"product_tag-bolso-bohemian-bolso-cuero-repujado-bolsos-cuero-retro-bolso-shopper-cuero-bolso-cuero-trenzado-bolso-cuero-troquelado","15":"product_tag-bolso-bohemian","16":"product_tag-bolso-cuero-artesanal","17":"product_tag-bolso-cuero-con-tachuelas","18":"product_tag-bolso-cuero-hecho-a-mano","19":"product_tag-bolso-cuero-mujer","20":"product_tag-bolso-piel","21":"product_tag-bolso-piel-italiano","22":"product_tag-bolsos-bandoleras-cuero","23":"product_tag-estilo-bohochic","24":"product_tag-piel-lavada","26":"first","27":"instock","28":"shipping-taxable","29":"purchasable","30":"product-type-simple","31":"add-to-wishlist-after_add_to_cart","32":"layout-style-1","33":"col-md-4 col-sm-4 col-xs-6","34":"col-lg-3","35":"product-has-gallery","36":"product-style-default"},"aioseo_notices":[],"_links":{"self":[{"href":"https:\/\/www.ibagsbelts.com\/tienda\/wp-json\/wp\/v2\/product\/27333","targetHints":{"allow":["GET"]}}],"collection":[{"href":"https:\/\/www.ibagsbelts.com\/tienda\/wp-json\/wp\/v2\/product"}],"about":[{"href":"https:\/\/www.ibagsbelts.com\/tienda\/wp-json\/wp\/v2\/types\/product"}],"replies":[{"embeddable":true,"href":"https:\/\/www.ibagsbelts.com\/tienda\/wp-json\/wp\/v2\/comments?post=27333"}],"wp:featuredmedia":[{"embeddable":true,"href":"https:\/\/www.ibagsbelts.com\/tienda\/wp-json\/wp\/v2\/media\/27335"}],"wp:attachment":[{"href":"https:\/\/www.ibagsbelts.com\/tienda\/wp-json\/wp\/v2\/media?parent=27333"}],"wp:term":[{"taxonomy":"product_brand","embeddable":true,"href":"https:\/\/www.ibagsbelts.com\/tienda\/wp-json\/wp\/v2\/product_brand?post=27333"},{"taxonomy":"product_cat","embeddable":true,"href":"https:\/\/www.ibagsbelts.com\/tienda\/wp-json\/wp\/v2\/product_cat?post=27333"},{"taxonomy":"product_tag","embeddable":true,"href":"https:\/\/www.ibagsbelts.com\/tienda\/wp-json\/wp\/v2\/product_tag?post=27333"}],"curies":[{"name":"wp","href":"https:\/\/api.w.org\/{rel}","templated":true}]}}