{"id":27632,"date":"2024-02-04T11:07:06","date_gmt":"2024-02-04T10:07:06","guid":{"rendered":"https:\/\/www.ibagsbelts.com\/tienda\/?post_type=product&#038;p=27632"},"modified":"2026-03-14T12:15:57","modified_gmt":"2026-03-14T11:15:57","slug":"rinonera-motera-de-cuero-color-caoba","status":"publish","type":"product","link":"https:\/\/www.ibagsbelts.com\/tienda\/producto\/rinonera-motera-de-cuero-color-caoba\/","title":{"rendered":"Ri\u00f1onera motera de cuero color caoba Kai"},"content":{"rendered":"<p style=\"text-align: left;\">\u00a1Libertad, Comodidad y Estilo con Nuestra Ri\u00f1onera de Cuero Artesanal en Color Caoba!<\/p>\n<p style=\"text-align: left;\"><strong>Caracter\u00edsticas Destacadas:<\/strong><\/p>\n<ul style=\"text-align: left;\">\n<li><strong>Hecha a Mano:<\/strong> Cada ri\u00f1onera es \u00fanica, con detalles artesanales que la hacen especial.<\/li>\n<li><strong>Vers\u00e1til y Unisex:<\/strong> Perfecta para hombres y mujeres que buscan estilo y funcionalidad.<\/li>\n<li><strong>Ideal para Moteros:<\/strong> Su dise\u00f1o ajustable a la cintura y la pierna la hace perfecta para acompa\u00f1arte en tus aventuras en moto durante todo el a\u00f1o.<\/li>\n<li><strong>Compa\u00f1era de Festivales:<\/strong> Disfruta de la libertad y seguridad que te ofrece esta ri\u00f1onera mientras bailas y disfrutas en festivales.<\/li>\n<li><strong>Pr\u00e1ctica y Funcional:<\/strong> Con espacio suficiente para tus elementos esenciales como billetera, smartphone y llaves, te brinda comodidad sin sacrificar estilo.<\/li>\n<\/ul>\n<p style=\"text-align: left;\">No te pierdas la oportunidad de encontrar tu ri\u00f1onera favorita en nuestra secci\u00f3n. \u00a1Prep\u00e1rate para vivir d\u00edas inolvidables con estilo y seguridad!<\/p>\n<p style=\"text-align: left;\"><strong>Aviso importante<\/strong><\/p>\n<p style=\"text-align: left;\">Todos nuestros productos de cuero est\u00e1n hechos a mano y su nueva bolsa de cuero puede estar sujeta a una variaci\u00f3n natural en tama\u00f1o y color.<br \/>\nPara los tama\u00f1os, permita 1-2 cm difiere debido a la medida manual.<br \/>\nLas im\u00e1genes son 100% reales.<br \/>\nDebido al monitor del ordenador y el brillo real de la toma y otras razones, habr\u00e1 una cierta diferencia de color.<\/p>\n<!-- AddThis Advanced Settings generic via filter on the_content --><!-- AddThis Share Buttons generic via filter on the_content -->","protected":false},"excerpt":{"rendered":"<h2>Ri\u00f1onera de cuero artesanal en color caoba.<\/h2>\n<p>Unisex ideal para ir en moto en cualquier estaci\u00f3n del a\u00f1o.\u00a0Ri\u00f1onera para moteros que se sujeta a la cintura y a la pierna para que quede bien sujeta.<br \/>\nsi te gusta ir de festivales la ri\u00f1onera es la mejor aliada ya que te brinda lo que estas buscando libertad, seguridad y comodidad.<br \/>\nEn ella puedes llevar lo b\u00e1sico como tu billetera , smartfone , tus llaves y a disfrutar de d\u00edas inolvidables.<\/p>\n<h5><strong>\u00bfAlguna duda? Ponte en contacto con nosotros a trav\u00e9s del bot\u00f3n del chat directo por whatsApp y te resolveremos las dudas al instante!<\/strong><\/h5>\n<p><!-- AddThis Advanced Settings generic via filter on get_the_excerpt --><!-- AddThis Share Buttons generic via filter on get_the_excerpt --><\/p>\n","protected":false},"featured_media":27634,"comment_status":"open","ping_status":"closed","template":"","meta":{"om_disable_all_campaigns":false,"_monsterinsights_skip_tracking":false,"_monsterinsights_sitenote_active":false,"_monsterinsights_sitenote_note":"","_monsterinsights_sitenote_category":0,"_uf_show_specific_survey":0,"_uf_disable_surveys":false},"product_brand":[1217],"product_cat":[950],"product_tag":[1138,316,329,745,738,739,354,1101,795,793,1129],"class_list":{"0":"post-27632","1":"product","2":"type-product","3":"status-publish","4":"has-post-thumbnail","6":"product_brand-ibags-belts","7":"product_cat-rinoneras","8":"product_tag-bolso-cintura","9":"product_tag-bolso-cuero-con-tachuelas","10":"product_tag-bolso-cuero-hippie","11":"product_tag-estilo-hippie","12":"product_tag-hippie","13":"product_tag-hippiechic","14":"product_tag-mochila-moto-cuero","15":"product_tag-mochila-tachas","16":"product_tag-rinonera-cuero","17":"product_tag-rinoneras","18":"product_tag-tachas","20":"first","21":"instock","22":"shipping-taxable","23":"purchasable","24":"product-type-simple","25":"add-to-wishlist-after_add_to_cart","26":"layout-style-1","27":"col-md-4 col-sm-4 col-xs-6","28":"col-lg-3","29":"product-has-gallery","30":"product-style-default"},"aioseo_notices":[],"_links":{"self":[{"href":"https:\/\/www.ibagsbelts.com\/tienda\/wp-json\/wp\/v2\/product\/27632","targetHints":{"allow":["GET"]}}],"collection":[{"href":"https:\/\/www.ibagsbelts.com\/tienda\/wp-json\/wp\/v2\/product"}],"about":[{"href":"https:\/\/www.ibagsbelts.com\/tienda\/wp-json\/wp\/v2\/types\/product"}],"replies":[{"embeddable":true,"href":"https:\/\/www.ibagsbelts.com\/tienda\/wp-json\/wp\/v2\/comments?post=27632"}],"wp:featuredmedia":[{"embeddable":true,"href":"https:\/\/www.ibagsbelts.com\/tienda\/wp-json\/wp\/v2\/media\/27634"}],"wp:attachment":[{"href":"https:\/\/www.ibagsbelts.com\/tienda\/wp-json\/wp\/v2\/media?parent=27632"}],"wp:term":[{"taxonomy":"product_brand","embeddable":true,"href":"https:\/\/www.ibagsbelts.com\/tienda\/wp-json\/wp\/v2\/product_brand?post=27632"},{"taxonomy":"product_cat","embeddable":true,"href":"https:\/\/www.ibagsbelts.com\/tienda\/wp-json\/wp\/v2\/product_cat?post=27632"},{"taxonomy":"product_tag","embeddable":true,"href":"https:\/\/www.ibagsbelts.com\/tienda\/wp-json\/wp\/v2\/product_tag?post=27632"}],"curies":[{"name":"wp","href":"https:\/\/api.w.org\/{rel}","templated":true}]}}