{"id":27650,"date":"2024-02-08T21:07:40","date_gmt":"2024-02-08T20:07:40","guid":{"rendered":"https:\/\/www.ibagsbelts.com\/tienda\/?post_type=product&#038;p=27650"},"modified":"2026-03-14T12:15:04","modified_gmt":"2026-03-14T11:15:04","slug":"bolso-mini-con-tachas-para-movil-color-negro","status":"publish","type":"product","link":"https:\/\/www.ibagsbelts.com\/tienda\/producto\/bolso-mini-con-tachas-para-movil-color-negro\/","title":{"rendered":"Bolso mini con tachas para m\u00f3vil color negro"},"content":{"rendered":"<p style=\"text-align: left;\">Este modelo es ideal para el d\u00eda a d\u00eda, puedes usarlo en bandolera y tiene la capacidad ideal para el tel\u00e9fono m\u00f3vil, tarjetas, llavero, etc.<\/p>\n<p style=\"text-align: left;\">Su composici\u00f3n es piel de vacuno de la mejor calidad, terminado en la parte frontal con tachas con un dise\u00f1o de lo m\u00e1s actual.<\/p>\n<p style=\"text-align: left;\">Correa extensible, Forro poli\u00e9ster en color negro, Cierre de cremallera terminado en color bronce. Medidas: 20 cm alto, 16 cm ancho y 2 cm fondo.<\/p>\n<p style=\"text-align: left;\"><strong>Aviso importante<\/strong><\/p>\n<p style=\"text-align: left;\">Todos nuestros productos de cuero est\u00e1n hechos a mano y su nueva bolsa de cuero puede estar sujeta a una variaci\u00f3n natural en tama\u00f1o y color.<br \/>\nPara los tama\u00f1os, permita 1-2 cm difiere debido a la medida manual.<br \/>\nLas im\u00e1genes son 100% reales.<br \/>\nDebido al monitor del ordenador y el brillo real de la toma y otras razones, habr\u00e1 una cierta diferencia de color.<\/p>\n<!-- AddThis Advanced Settings generic via filter on the_content --><!-- AddThis Share Buttons generic via filter on the_content -->","protected":false},"excerpt":{"rendered":"<h2>Este modelo es ideal para el d\u00eda a d\u00eda, puedes usarlo en bandolera y tiene la capacidad ideal para el tel\u00e9fono m\u00f3vil, tarjetas, llavero, etc.<\/h2>\n<h3>Su composici\u00f3n es piel de vacuno de la mejor calidad, terminado en la parte frontal con tachas con un dise\u00f1o de lo m\u00e1s actual.<\/h3>\n<h3>Correa extensible, Forro poli\u00e9ster en color negro, Cierre de cremallera terminado en color bronce.<\/h3>\n<h4>Medidas: 20 cm alto, 16 cm ancho y 2 cm fondo.<\/h4>\n<h5><strong>\u00bfAlguna duda? Ponte en contacto con nosotros a trav\u00e9s del bot\u00f3n del chat directo por whatsApp y te resolveremos las dudas al instante!<\/strong><\/h5>\n<p><!-- AddThis Advanced Settings generic via filter on get_the_excerpt --><!-- AddThis Share Buttons generic via filter on get_the_excerpt --><\/p>\n","protected":false},"featured_media":27654,"comment_status":"open","ping_status":"closed","template":"","meta":{"om_disable_all_campaigns":false,"_monsterinsights_skip_tracking":false,"_monsterinsights_sitenote_active":false,"_monsterinsights_sitenote_note":"","_monsterinsights_sitenote_category":0,"_uf_show_specific_survey":0,"_uf_disable_surveys":false},"product_brand":[1217],"product_cat":[240,383],"product_tag":[301,266,299,314,277,823,1050,1049,1102,1118,1129],"class_list":{"0":"post-27650","1":"product","2":"type-product","3":"status-publish","4":"has-post-thumbnail","6":"product_brand-ibags-belts","7":"product_cat-bolsos-bandoleras-de-cuero-artesanal","8":"product_cat-bolsos-para-telefonos","9":"product_tag-bandolera","10":"product_tag-bolso-bohemian-bolso-cuero-repujado-bolsos-cuero-retro-bolso-shopper-cuero-bolso-cuero-trenzado-bolso-cuero-troquelado","11":"product_tag-bolso-cuero","12":"product_tag-bolso-cuero-pelo-vaca","13":"product_tag-bolsos-cuero-retro-bolso-shopper-cuero-bolso-cuero-trenzado-bolso-cuero-troquelado-bolso-cuero-vaca-bolso-cuero-viaje-hombre","14":"product_tag-bolso-piel","15":"product_tag-bolso-remaches","16":"product_tag-bolsos-remaches","17":"product_tag-piel","18":"product_tag-remaches","19":"product_tag-tachas","21":"first","22":"outofstock","23":"shipping-taxable","24":"purchasable","25":"product-type-simple","26":"add-to-wishlist-after_add_to_cart","27":"layout-style-1","28":"col-md-4 col-sm-4 col-xs-6","29":"col-lg-3","30":"product-has-gallery","31":"product-style-default"},"aioseo_notices":[],"_links":{"self":[{"href":"https:\/\/www.ibagsbelts.com\/tienda\/wp-json\/wp\/v2\/product\/27650","targetHints":{"allow":["GET"]}}],"collection":[{"href":"https:\/\/www.ibagsbelts.com\/tienda\/wp-json\/wp\/v2\/product"}],"about":[{"href":"https:\/\/www.ibagsbelts.com\/tienda\/wp-json\/wp\/v2\/types\/product"}],"replies":[{"embeddable":true,"href":"https:\/\/www.ibagsbelts.com\/tienda\/wp-json\/wp\/v2\/comments?post=27650"}],"wp:featuredmedia":[{"embeddable":true,"href":"https:\/\/www.ibagsbelts.com\/tienda\/wp-json\/wp\/v2\/media\/27654"}],"wp:attachment":[{"href":"https:\/\/www.ibagsbelts.com\/tienda\/wp-json\/wp\/v2\/media?parent=27650"}],"wp:term":[{"taxonomy":"product_brand","embeddable":true,"href":"https:\/\/www.ibagsbelts.com\/tienda\/wp-json\/wp\/v2\/product_brand?post=27650"},{"taxonomy":"product_cat","embeddable":true,"href":"https:\/\/www.ibagsbelts.com\/tienda\/wp-json\/wp\/v2\/product_cat?post=27650"},{"taxonomy":"product_tag","embeddable":true,"href":"https:\/\/www.ibagsbelts.com\/tienda\/wp-json\/wp\/v2\/product_tag?post=27650"}],"curies":[{"name":"wp","href":"https:\/\/api.w.org\/{rel}","templated":true}]}}