{"id":27719,"date":"2024-02-15T20:36:38","date_gmt":"2024-02-15T19:36:38","guid":{"rendered":"https:\/\/www.ibagsbelts.com\/tienda\/?post_type=product&#038;p=27719"},"modified":"2026-03-14T12:06:05","modified_gmt":"2026-03-14T11:06:05","slug":"cinturones-finos-de-cuero-trenzado-color-blanco-2","status":"publish","type":"product","link":"https:\/\/www.ibagsbelts.com\/tienda\/producto\/cinturones-finos-de-cuero-trenzado-color-blanco-2\/","title":{"rendered":"Cinturones finos de cuero trenzado color blanco 2"},"content":{"rendered":"<p>\u00a1La adici\u00f3n perfecta a cualquier atuendo! Este cintur\u00f3n se ajusta f\u00e1cilmente con toda su ropa y su guardarropa.<\/p>\n<p>Los cinturones de tres tonos de cuero de vaca curtido natural se entrelazan de una manera \u00fanica y original.<\/p>\n<p>Te dan un patr\u00f3n individual que favorece tu cintura o cadera.<br \/>\nEste cintur\u00f3n se ajusta a todos, d\u00e1ndole un toque original .<\/p>\n<p>El encanto natural y el dise\u00f1o simple lo convierten en una pieza de amor.<\/p>\n<p>Una chapa plateada con incrustaci\u00f3n de hueso le da un toque chic.<\/p>\n<p>Ancho: aproximadamente 2.5 cm y 3 cm.<\/p>\n<p>Largo: contamos con medidas de aproximadamente 110 metro.<\/p>\n<p><strong>Aviso importante<\/strong><\/p>\n<p>Todos nuestros productos de cuero est\u00e1n hechos a mano y su nuevo articulo de cuero puede estar sujeta a una variaci\u00f3n natural en tama\u00f1o y color.<br \/>\nLas im\u00e1genes son 100% reales.<br \/>\nDebido al monitor del ordenador y el brillo real de la toma y otras razones, habr\u00e1 una cierta diferencia de color.<\/p>\n<!-- AddThis Advanced Settings generic via filter on the_content --><!-- AddThis Share Buttons generic via filter on the_content -->","protected":false},"excerpt":{"rendered":"<h2>Cintur\u00f3n de cuero con correa trenzada color blanco, hebilla artesanal.<\/h2>\n<h3>El cierre es con un enganche en la hebilla que puedes ajustar a tu medida, por lo que sirve para todas las tallas.<\/h3>\n<h3 class=\"Standard\">\u00a0Mide 3,<strong>5 a 4<\/strong>\u00a0cm de ancho y un largo m\u00e1ximo de 115 cm lo puedes usar en la cintura o en las caderas<\/h3>\n<h3 class=\"Standard\">Es la mejor opci\u00f3n para llevarlo con tus vestidos, blusones, preferidos ya que le va a dar el toque que est\u00e1s buscando en tu outfits m\u00e1s original.<\/h3>\n<h3>Composici\u00f3n: Correa 100% cuero. Hebilla aleaci\u00f3n de metales.\u00a0Talla \u00fanica<\/h3>\n<h5><strong>\u00bfAlguna duda? Ponte en contacto con nosotros a trav\u00e9s del bot\u00f3n del chat directo por whatsApp y te resolveremos las dudas al instante!<\/strong><\/h5>\n<p><!-- AddThis Advanced Settings generic via filter on get_the_excerpt --><!-- AddThis Share Buttons generic via filter on get_the_excerpt --><\/p>\n","protected":false},"featured_media":27721,"comment_status":"open","ping_status":"closed","template":"","meta":{"om_disable_all_campaigns":false,"_monsterinsights_skip_tracking":false,"_monsterinsights_sitenote_active":false,"_monsterinsights_sitenote_note":"","_monsterinsights_sitenote_category":0,"_uf_show_specific_survey":0,"_uf_disable_surveys":false},"product_brand":[1217],"product_cat":[396],"product_tag":[290,332,341,264,335,333,1034,31,744,746,738],"class_list":{"0":"post-27719","1":"product","2":"type-product","3":"status-publish","4":"has-post-thumbnail","6":"product_brand-ibags-belts","7":"product_cat-trenzados-cinturon","8":"product_tag-cinturon","9":"product_tag-cinturon-cuero","10":"product_tag-cinturon-cuero-boho-chic","11":"product_tag-cinturon-cuero-de-vaca-cuero-de-cuero-cinturon-de-cuero-chapa","12":"product_tag-cinturon-cuero-natural","13":"product_tag-cinturon-cuero-vaca","14":"product_tag-cinturones","15":"product_tag-cinturon-trenzado-de-cuero","16":"product_tag-estilo-bohochic","17":"product_tag-estilo-hippiechic","18":"product_tag-hippie","20":"first","21":"instock","22":"shipping-taxable","23":"purchasable","24":"product-type-simple","25":"add-to-wishlist-after_add_to_cart","26":"layout-style-1","27":"col-md-4 col-sm-4 col-xs-6","28":"col-lg-3","29":"product-has-gallery","30":"product-style-default"},"aioseo_notices":[],"_links":{"self":[{"href":"https:\/\/www.ibagsbelts.com\/tienda\/wp-json\/wp\/v2\/product\/27719","targetHints":{"allow":["GET"]}}],"collection":[{"href":"https:\/\/www.ibagsbelts.com\/tienda\/wp-json\/wp\/v2\/product"}],"about":[{"href":"https:\/\/www.ibagsbelts.com\/tienda\/wp-json\/wp\/v2\/types\/product"}],"replies":[{"embeddable":true,"href":"https:\/\/www.ibagsbelts.com\/tienda\/wp-json\/wp\/v2\/comments?post=27719"}],"wp:featuredmedia":[{"embeddable":true,"href":"https:\/\/www.ibagsbelts.com\/tienda\/wp-json\/wp\/v2\/media\/27721"}],"wp:attachment":[{"href":"https:\/\/www.ibagsbelts.com\/tienda\/wp-json\/wp\/v2\/media?parent=27719"}],"wp:term":[{"taxonomy":"product_brand","embeddable":true,"href":"https:\/\/www.ibagsbelts.com\/tienda\/wp-json\/wp\/v2\/product_brand?post=27719"},{"taxonomy":"product_cat","embeddable":true,"href":"https:\/\/www.ibagsbelts.com\/tienda\/wp-json\/wp\/v2\/product_cat?post=27719"},{"taxonomy":"product_tag","embeddable":true,"href":"https:\/\/www.ibagsbelts.com\/tienda\/wp-json\/wp\/v2\/product_tag?post=27719"}],"curies":[{"name":"wp","href":"https:\/\/api.w.org\/{rel}","templated":true}]}}