{"id":27723,"date":"2024-02-15T20:46:12","date_gmt":"2024-02-15T19:46:12","guid":{"rendered":"https:\/\/www.ibagsbelts.com\/tienda\/?post_type=product&#038;p=27723"},"modified":"2026-03-14T12:05:39","modified_gmt":"2026-03-14T11:05:39","slug":"cinturon-fino-de-cuero-trenzado-artesanal-negro-hebilla-redonda-2","status":"publish","type":"product","link":"https:\/\/www.ibagsbelts.com\/tienda\/producto\/cinturon-fino-de-cuero-trenzado-artesanal-negro-hebilla-redonda-2\/","title":{"rendered":"Cintur\u00f3n fino de cuero trenzado artesanal negro hebilla redonda 2"},"content":{"rendered":"<p style=\"text-align: left;\">\u00a1La adici\u00f3n perfecta a cualquier atuendo! Este cintur\u00f3n se ajusta f\u00e1cilmente con toda su ropa y su guardarropa.<\/p>\n<p style=\"text-align: left;\">Los cinturones de tres tonos de cuero de vaca curtido natural se entrelazan de una manera \u00fanica y original. Te dan un patr\u00f3n individual que favorece tu cintura o cadera. Este cintur\u00f3n se ajusta a todos, d\u00e1ndole un toque original .<\/p>\n<p style=\"text-align: left;\">El encanto natural y el dise\u00f1o simple lo convierten en una pieza de amor. Una chapa plateada con incrustaci\u00f3n de hueso le da un toque chic.<\/p>\n<p style=\"text-align: left;\">Ancho: aproximadamente 4.5 cm y 5 cm. Largo: contamos con medidas de aproximadamente 115 cm m\u00e1ximo.<\/p>\n<p style=\"text-align: left;\"><strong>Aviso importante<\/strong><\/p>\n<p style=\"text-align: left;\">Todos nuestros productos de cuero est\u00e1n hechos a mano y su nuevo articulo de cuero puede estar sujeta a una variaci\u00f3n natural en tama\u00f1o y color.<br \/>\nLas im\u00e1genes son 100% reales.<br \/>\nDebido al monitor del ordenador y el brillo real de la toma y otras razones, habr\u00e1 una cierta diferencia de color.<\/p>\n<!-- AddThis Advanced Settings generic via filter on the_content --><!-- AddThis Share Buttons generic via filter on the_content -->","protected":false},"excerpt":{"rendered":"<h2>\u00a1La adici\u00f3n perfecta a cualquier atuendo! Este cintur\u00f3n se ajusta f\u00e1cilmente con toda su ropa y su guardarropa.<\/h2>\n<h3>Los cinturones de tres tonos de cuero de vaca curtido natural se entrelazan de una manera \u00fanica y original. Te dan un patr\u00f3n individual que favorece tu cintura o cadera. Blusa, Vestido, Falda , ya sea cual sea tu estilo<br \/>\nEste cintur\u00f3n se ajusta a todos, d\u00e1ndole un toque original . El encanto natural y el dise\u00f1o simple lo convierten en una pieza de amor. Una chapa plateada con incrustaciones le da un toque chic.<\/h3>\n<h4>Ancho: aproximadamente 4.5 cm y 5 cm. Largo: contamos con medidas de aproximadamente 115 cm m\u00e1ximo.<\/h4>\n<h5><strong>\u00bfAlguna duda? Ponte en contacto con nosotros a trav\u00e9s del bot\u00f3n del chat directo por whatsApp y te resolveremos las dudas al instante!<\/strong><\/h5>\n<p><!-- AddThis Advanced Settings generic via filter on get_the_excerpt --><!-- AddThis Share Buttons generic via filter on get_the_excerpt --><\/p>\n","protected":false},"featured_media":27725,"comment_status":"open","ping_status":"closed","template":"","meta":{"om_disable_all_campaigns":false,"_monsterinsights_skip_tracking":false,"_monsterinsights_sitenote_active":false,"_monsterinsights_sitenote_note":"","_monsterinsights_sitenote_category":0,"_uf_show_specific_survey":0,"_uf_disable_surveys":false},"product_brand":[1217],"product_cat":[396,951],"product_tag":[290,332,340,341,264,335,20,333,1034,31,743,745],"class_list":{"0":"post-27723","1":"product","2":"type-product","3":"status-publish","4":"has-post-thumbnail","6":"product_brand-ibags-belts","7":"product_cat-trenzados-cinturon","8":"product_cat-fajin","9":"product_tag-cinturon","10":"product_tag-cinturon-cuero","11":"product_tag-cinturon-cuero-ancho-bohemian","12":"product_tag-cinturon-cuero-boho-chic","13":"product_tag-cinturon-cuero-de-vaca-cuero-de-cuero-cinturon-de-cuero-chapa","14":"product_tag-cinturon-cuero-natural","15":"product_tag-cinturon-cuero-trenzado-fino","16":"product_tag-cinturon-cuero-vaca","17":"product_tag-cinturones","18":"product_tag-cinturon-trenzado-de-cuero","19":"product_tag-estilo-boho","20":"product_tag-estilo-hippie","22":"first","23":"instock","24":"shipping-taxable","25":"purchasable","26":"product-type-simple","27":"add-to-wishlist-after_add_to_cart","28":"layout-style-1","29":"col-md-4 col-sm-4 col-xs-6","30":"col-lg-3","31":"product-has-gallery","32":"product-style-default"},"aioseo_notices":[],"_links":{"self":[{"href":"https:\/\/www.ibagsbelts.com\/tienda\/wp-json\/wp\/v2\/product\/27723","targetHints":{"allow":["GET"]}}],"collection":[{"href":"https:\/\/www.ibagsbelts.com\/tienda\/wp-json\/wp\/v2\/product"}],"about":[{"href":"https:\/\/www.ibagsbelts.com\/tienda\/wp-json\/wp\/v2\/types\/product"}],"replies":[{"embeddable":true,"href":"https:\/\/www.ibagsbelts.com\/tienda\/wp-json\/wp\/v2\/comments?post=27723"}],"wp:featuredmedia":[{"embeddable":true,"href":"https:\/\/www.ibagsbelts.com\/tienda\/wp-json\/wp\/v2\/media\/27725"}],"wp:attachment":[{"href":"https:\/\/www.ibagsbelts.com\/tienda\/wp-json\/wp\/v2\/media?parent=27723"}],"wp:term":[{"taxonomy":"product_brand","embeddable":true,"href":"https:\/\/www.ibagsbelts.com\/tienda\/wp-json\/wp\/v2\/product_brand?post=27723"},{"taxonomy":"product_cat","embeddable":true,"href":"https:\/\/www.ibagsbelts.com\/tienda\/wp-json\/wp\/v2\/product_cat?post=27723"},{"taxonomy":"product_tag","embeddable":true,"href":"https:\/\/www.ibagsbelts.com\/tienda\/wp-json\/wp\/v2\/product_tag?post=27723"}],"curies":[{"name":"wp","href":"https:\/\/api.w.org\/{rel}","templated":true}]}}