{"id":27747,"date":"2024-02-17T13:16:11","date_gmt":"2024-02-17T12:16:11","guid":{"rendered":"https:\/\/www.ibagsbelts.com\/tienda\/?post_type=product&#038;p=27747"},"modified":"2026-03-14T12:05:13","modified_gmt":"2026-03-14T11:05:13","slug":"rinoneras-negro-hippie-clasica-tapiz","status":"publish","type":"product","link":"https:\/\/www.ibagsbelts.com\/tienda\/producto\/rinoneras-negro-hippie-clasica-tapiz\/","title":{"rendered":"Ri\u00f1oneras negro hippie cl\u00e1sica tapiz"},"content":{"rendered":"<p>Tiene dos compartimentos para llevar la cartera, el tel\u00e9fono, dinero en efectivo, las tarjetas de cr\u00e9dito m\u00e1s algunos otros elementos esenciales y se puede llevar en la cadera o en el hombro. Es ideal para viajar, correr, montar en bicicleta o en cualquier situaci\u00f3n que quieras llevar lo esencial y disponer de\u00a0 las manos libres.<\/p>\n<p>95% cuero, 5%\u00a0 killim consultar el tipo de tapiz<\/p>\n<p><strong>Aviso importante<\/strong><\/p>\n<p>Todos nuestros productos de cuero est\u00e1n hechos a mano y su nueva bolsa de cuero puede estar sujeta a una variaci\u00f3n natural en tama\u00f1o y color.<br \/>\nPara los tama\u00f1os, permita 1-2 cm difiere debido a la medida manual.<br \/>\nLas im\u00e1genes son 100% reales.<br \/>\nDebido al monitor del ordenador y el brillo real de la toma y otras razones, habr\u00e1 una cierta diferencia de color.<\/p>\n<!-- AddThis Advanced Settings generic via filter on the_content --><!-- AddThis Share Buttons generic via filter on the_content -->","protected":false},"excerpt":{"rendered":"<h2>Tiene dos compartimentos para llevar la cartera, el tel\u00e9fono, dinero en efectivo, las tarjetas de cr\u00e9dito m\u00e1s algunos otros elementos esenciales y se puede llevar en la cadera o en el hombro.<\/h2>\n<h3>Es ideal para viajar, hacer senderismo, correr, montar en bicicleta o en cualquier situaci\u00f3n que quieras llevar lo esencial y disponer de\u00a0 las manos libres.<\/h3>\n<h4>95% cuero\u00a05% tapiz killim<\/h4>\n<h5>Consultar el tapiz disponible\u00a0 656672083<\/h5>\n<h5><strong>\u00bfAlguna duda? Ponte en contacto con nosotros a trav\u00e9s del bot\u00f3n del chat directo por whatsApp y te resolveremos las dudas al instante!<\/strong><\/h5>\n<p><!-- AddThis Advanced Settings generic via filter on get_the_excerpt --><!-- AddThis Share Buttons generic via filter on get_the_excerpt --><\/p>\n","protected":false},"featured_media":12116,"comment_status":"open","ping_status":"closed","template":"","meta":{"om_disable_all_campaigns":false,"_monsterinsights_skip_tracking":false,"_monsterinsights_sitenote_active":false,"_monsterinsights_sitenote_note":"","_monsterinsights_sitenote_category":0,"_uf_show_specific_survey":0,"_uf_disable_surveys":false},"product_brand":[1217],"product_cat":[950],"product_tag":[1042,329,743,744,745,746,738,739,795,793],"class_list":{"0":"post-27747","1":"product","2":"type-product","3":"status-publish","4":"has-post-thumbnail","6":"product_brand-ibags-belts","7":"product_cat-rinoneras","8":"product_tag-banana","9":"product_tag-bolso-cuero-hippie","10":"product_tag-estilo-boho","11":"product_tag-estilo-bohochic","12":"product_tag-estilo-hippie","13":"product_tag-estilo-hippiechic","14":"product_tag-hippie","15":"product_tag-hippiechic","16":"product_tag-rinonera-cuero","17":"product_tag-rinoneras","19":"first","20":"instock","21":"featured","22":"shipping-taxable","23":"purchasable","24":"product-type-variable","25":"add-to-wishlist-after_add_to_cart","26":"layout-style-1","27":"col-md-4 col-sm-4 col-xs-6","28":"col-lg-3","29":"product-has-gallery","30":"product-style-default"},"aioseo_notices":[],"_links":{"self":[{"href":"https:\/\/www.ibagsbelts.com\/tienda\/wp-json\/wp\/v2\/product\/27747","targetHints":{"allow":["GET"]}}],"collection":[{"href":"https:\/\/www.ibagsbelts.com\/tienda\/wp-json\/wp\/v2\/product"}],"about":[{"href":"https:\/\/www.ibagsbelts.com\/tienda\/wp-json\/wp\/v2\/types\/product"}],"replies":[{"embeddable":true,"href":"https:\/\/www.ibagsbelts.com\/tienda\/wp-json\/wp\/v2\/comments?post=27747"}],"wp:featuredmedia":[{"embeddable":true,"href":"https:\/\/www.ibagsbelts.com\/tienda\/wp-json\/wp\/v2\/media\/12116"}],"wp:attachment":[{"href":"https:\/\/www.ibagsbelts.com\/tienda\/wp-json\/wp\/v2\/media?parent=27747"}],"wp:term":[{"taxonomy":"product_brand","embeddable":true,"href":"https:\/\/www.ibagsbelts.com\/tienda\/wp-json\/wp\/v2\/product_brand?post=27747"},{"taxonomy":"product_cat","embeddable":true,"href":"https:\/\/www.ibagsbelts.com\/tienda\/wp-json\/wp\/v2\/product_cat?post=27747"},{"taxonomy":"product_tag","embeddable":true,"href":"https:\/\/www.ibagsbelts.com\/tienda\/wp-json\/wp\/v2\/product_tag?post=27747"}],"curies":[{"name":"wp","href":"https:\/\/api.w.org\/{rel}","templated":true}]}}