{"id":27805,"date":"2024-02-17T16:40:18","date_gmt":"2024-02-17T15:40:18","guid":{"rendered":"https:\/\/www.ibagsbelts.com\/tienda\/?post_type=product&#038;p=27805"},"modified":"2026-03-14T12:03:38","modified_gmt":"2026-03-14T11:03:38","slug":"correas-estampadas-bolso-y-movil","status":"publish","type":"product","link":"https:\/\/www.ibagsbelts.com\/tienda\/producto\/correas-estampadas-bolso-y-movil\/","title":{"rendered":"Correas estampadas bolso y m\u00f3vil"},"content":{"rendered":"<p style=\"text-align: left;\">Correa estampada<\/p>\n<p style=\"text-align: left;\">Un accesorio lleno de estilo, para animar tu bolso o para poder llevar el m\u00f3vil siempre a mano. Estampados de \u00faltima tendencia que por si s\u00f3los son el mejor accesorio.<\/p>\n<p style=\"text-align: left;\">Esta es tu oportunidad para reinventar tu complemento favorito haci\u00e9ndolo \u00fanico y exclusivo, solo intercambiando estas\u00a0asas largas estilo guitarra, pensadas para todo tipo de bolsos, desde las bandoleras, a los\u00a0shopping bags. Colores,\u00a0 y multitud de detalles para vestir tu hombro con un plus de estilo. \u00a1Pura tendencia!<\/p>\n<p style=\"text-align: left;\">Disponible en varios colores<\/p>\n<p style=\"text-align: left;\">Complemento de correa para bolsos con estampado de longitud ajustable de 59 cm a 114,5cm y 5cm de ancho.<\/p>\n<!-- AddThis Advanced Settings generic via filter on the_content --><!-- AddThis Share Buttons generic via filter on the_content -->","protected":false},"excerpt":{"rendered":"<p>Un accesorio lleno de estilo, para animar tu bolso o para poder llevar el m\u00f3vil siempre a mano. Estampados de \u00faltima tendencia que por si s\u00f3los son el mejor accesorio.<\/p>\n<p>Esta es tu oportunidad para reinventar tu complemento favorito haci\u00e9ndolo \u00fanico y exclusivo, solo intercambiando estas\u00a0asas largas estilo guitarra, pensadas para todo tipo de bolsos, desde las bandoleras, a los\u00a0shopping bags. Colores,\u00a0 y multitud de detalles para vestir tu hombro con un plus de estilo. \u00a1Pura tendencia!<\/p>\n<p>Complemento de correa para bolsos con estampado de longitud ajustable de 59 cm a 114,5cm y 5cm de ancho.<\/p>\n<p>Elige tu estampado<!-- AddThis Advanced Settings generic via filter on get_the_excerpt --><!-- AddThis Share Buttons generic via filter on get_the_excerpt --><\/p>\n","protected":false},"featured_media":27811,"comment_status":"open","ping_status":"closed","template":"","meta":{"om_disable_all_campaigns":false,"_monsterinsights_skip_tracking":false,"_monsterinsights_sitenote_active":false,"_monsterinsights_sitenote_note":"","_monsterinsights_sitenote_category":0,"_uf_show_specific_survey":0,"_uf_disable_surveys":false},"product_brand":[1217],"product_cat":[1307],"product_tag":[1135,736,737,1139,1087,752,1088,738,739,1130],"class_list":{"0":"post-27805","1":"product","2":"type-product","3":"status-publish","4":"has-post-thumbnail","6":"product_brand-ibags-belts","7":"product_cat-mas-accesorios","8":"product_tag-accesorios-y-complementos","9":"product_tag-boho","10":"product_tag-bohochic","11":"product_tag-cinta","12":"product_tag-cinto","13":"product_tag-complementos","14":"product_tag-correa","15":"product_tag-hippie","16":"product_tag-hippiechic","17":"product_tag-tribal","19":"first","20":"instock","21":"shipping-taxable","22":"purchasable","23":"product-type-variable","24":"add-to-wishlist-after_add_to_cart","25":"layout-style-1","26":"col-md-4 col-sm-4 col-xs-6","27":"col-lg-3","28":"product-has-gallery","29":"product-style-default"},"aioseo_notices":[],"_links":{"self":[{"href":"https:\/\/www.ibagsbelts.com\/tienda\/wp-json\/wp\/v2\/product\/27805","targetHints":{"allow":["GET"]}}],"collection":[{"href":"https:\/\/www.ibagsbelts.com\/tienda\/wp-json\/wp\/v2\/product"}],"about":[{"href":"https:\/\/www.ibagsbelts.com\/tienda\/wp-json\/wp\/v2\/types\/product"}],"replies":[{"embeddable":true,"href":"https:\/\/www.ibagsbelts.com\/tienda\/wp-json\/wp\/v2\/comments?post=27805"}],"wp:featuredmedia":[{"embeddable":true,"href":"https:\/\/www.ibagsbelts.com\/tienda\/wp-json\/wp\/v2\/media\/27811"}],"wp:attachment":[{"href":"https:\/\/www.ibagsbelts.com\/tienda\/wp-json\/wp\/v2\/media?parent=27805"}],"wp:term":[{"taxonomy":"product_brand","embeddable":true,"href":"https:\/\/www.ibagsbelts.com\/tienda\/wp-json\/wp\/v2\/product_brand?post=27805"},{"taxonomy":"product_cat","embeddable":true,"href":"https:\/\/www.ibagsbelts.com\/tienda\/wp-json\/wp\/v2\/product_cat?post=27805"},{"taxonomy":"product_tag","embeddable":true,"href":"https:\/\/www.ibagsbelts.com\/tienda\/wp-json\/wp\/v2\/product_tag?post=27805"}],"curies":[{"name":"wp","href":"https:\/\/api.w.org\/{rel}","templated":true}]}}