{"id":27812,"date":"2024-02-17T17:19:37","date_gmt":"2024-02-17T16:19:37","guid":{"rendered":"https:\/\/www.ibagsbelts.com\/tienda\/?post_type=product&#038;p=27812"},"modified":"2026-03-14T12:03:19","modified_gmt":"2026-03-14T11:03:19","slug":"correas-intercambiables-etnicas","status":"publish","type":"product","link":"https:\/\/www.ibagsbelts.com\/tienda\/producto\/correas-intercambiables-etnicas\/","title":{"rendered":"Correas intercambiables \u00e9tnicas"},"content":{"rendered":"<h2>Correas intercambiables \u00e9tnicas para tu bolso.Olv\u00eddate de buscar el complemento de la temporada porque\u00a0el objeto de deseo m\u00e1s perseguido ser\u00e1 la correa del bolso.<\/h2>\n<h3>Esta es tu oportunidad para reinventar tu complemento favorito haci\u00e9ndolo \u00fanico y exclusivo, solo intercambiando estas\u00a0asas largas estilo guitarra, pensadas para todo tipo de bolsos, desde las bandoleras, a los\u00a0shopping bags. Colores,\u00a0 y multitud de detalles para vestir tu hombro con un plus de estilo. \u00a1Pura tendencia!<\/h3>\n<h4>Complemento de correa para bolsos de longitud ajustable de 59 cm a 114,5cm y 5cm de ancho. Disponible en varios colores.<\/h4>\n<!-- AddThis Advanced Settings generic via filter on the_content --><!-- AddThis Share Buttons generic via filter on the_content -->","protected":false},"excerpt":{"rendered":"<h2>Olv\u00eddate de buscar el complemento de la temporada porque\u00a0el objeto de deseo m\u00e1s perseguido ser\u00e1 la correa del bolso.<\/h2>\n<h3>Esta es tu oportunidad para reinventar tu complemento favorito haci\u00e9ndolo \u00fanico y exclusivo, solo intercambiando estas\u00a0asas largas estilo guitarra, pensadas para todo tipo de bolsos, desde las bandoleras, a los\u00a0shopping bags. Colores,\u00a0 y multitud de detalles para vestir tu hombro con un plus de estilo. \u00a1Pura tendencia!<\/h3>\n<h4>Disponible en varios colores. Complemento de correa para bolsos de longitud ajustable de 59 cm a 114,5cm y 5cm de ancho.<\/h4>\n<h5><strong>\u00bfAlguna duda? Ponte en contacto con nosotros a trav\u00e9s del bot\u00f3n del chat directo por whatsApp y te resolveremos las dudas al instante!<\/strong><\/h5>\n<p>&nbsp;<!-- AddThis Advanced Settings generic via filter on get_the_excerpt --><!-- AddThis Share Buttons generic via filter on get_the_excerpt --><\/p>\n","protected":false},"featured_media":27827,"comment_status":"open","ping_status":"closed","template":"","meta":{"om_disable_all_campaigns":false,"_monsterinsights_skip_tracking":false,"_monsterinsights_sitenote_active":false,"_monsterinsights_sitenote_note":"","_monsterinsights_sitenote_category":0,"_uf_show_specific_survey":0,"_uf_disable_surveys":false},"product_brand":[1217],"product_cat":[1307],"product_tag":[1135,1096,736,1139,1087,752,753,1088,746,739,1130],"class_list":{"0":"post-27812","1":"product","2":"type-product","3":"status-publish","4":"has-post-thumbnail","6":"product_brand-ibags-belts","7":"product_cat-mas-accesorios","8":"product_tag-accesorios-y-complementos","9":"product_tag-artesania","10":"product_tag-boho","11":"product_tag-cinta","12":"product_tag-cinto","13":"product_tag-complementos","14":"product_tag-complementos-de-cuero","15":"product_tag-correa","16":"product_tag-estilo-hippiechic","17":"product_tag-hippiechic","18":"product_tag-tribal","20":"first","21":"instock","22":"shipping-taxable","23":"purchasable","24":"product-type-variable","25":"add-to-wishlist-after_add_to_cart","26":"layout-style-1","27":"col-md-4 col-sm-4 col-xs-6","28":"col-lg-3","29":"product-has-gallery","30":"product-style-default"},"aioseo_notices":[],"_links":{"self":[{"href":"https:\/\/www.ibagsbelts.com\/tienda\/wp-json\/wp\/v2\/product\/27812","targetHints":{"allow":["GET"]}}],"collection":[{"href":"https:\/\/www.ibagsbelts.com\/tienda\/wp-json\/wp\/v2\/product"}],"about":[{"href":"https:\/\/www.ibagsbelts.com\/tienda\/wp-json\/wp\/v2\/types\/product"}],"replies":[{"embeddable":true,"href":"https:\/\/www.ibagsbelts.com\/tienda\/wp-json\/wp\/v2\/comments?post=27812"}],"wp:featuredmedia":[{"embeddable":true,"href":"https:\/\/www.ibagsbelts.com\/tienda\/wp-json\/wp\/v2\/media\/27827"}],"wp:attachment":[{"href":"https:\/\/www.ibagsbelts.com\/tienda\/wp-json\/wp\/v2\/media?parent=27812"}],"wp:term":[{"taxonomy":"product_brand","embeddable":true,"href":"https:\/\/www.ibagsbelts.com\/tienda\/wp-json\/wp\/v2\/product_brand?post=27812"},{"taxonomy":"product_cat","embeddable":true,"href":"https:\/\/www.ibagsbelts.com\/tienda\/wp-json\/wp\/v2\/product_cat?post=27812"},{"taxonomy":"product_tag","embeddable":true,"href":"https:\/\/www.ibagsbelts.com\/tienda\/wp-json\/wp\/v2\/product_tag?post=27812"}],"curies":[{"name":"wp","href":"https:\/\/api.w.org\/{rel}","templated":true}]}}