{"id":27845,"date":"2024-02-17T17:27:37","date_gmt":"2024-02-17T16:27:37","guid":{"rendered":"https:\/\/www.ibagsbelts.com\/tienda\/?post_type=product&#038;p=27845"},"modified":"2026-03-14T12:02:42","modified_gmt":"2026-03-14T11:02:42","slug":"correas-animal-print-para-bolso-y-movil","status":"publish","type":"product","link":"https:\/\/www.ibagsbelts.com\/tienda\/producto\/correas-animal-print-para-bolso-y-movil\/","title":{"rendered":"Correas animal print para bolso y m\u00f3vil"},"content":{"rendered":"<p style=\"text-align: left;\">Un accesorio lleno de estilo, para animar tu bolso o para poder llevar el m\u00f3vil siempre a mano. Estampados de \u00faltima tendencia que por si s\u00f3los son el mejor accesorio.<\/p>\n<p style=\"text-align: left;\">Esta es tu oportunidad para reinventar tu complemento favorito haci\u00e9ndolo \u00fanico y exclusivo, solo intercambiando estas\u00a0asas largas estilo guitarra, pensadas para todo tipo de bolsos, desde las bandoleras, a los\u00a0shopping bags. Colores,\u00a0 y multitud de detalles para vestir tu hombro con un plus de estilo. \u00a1Pura tendencia!<\/p>\n<p style=\"text-align: left;\">Disponible en varios colores<\/p>\n<p style=\"text-align: left;\">Complemento de correa para bolsos con estampado de longitud ajustable de 59 cm a 114,5cm y 5cm de ancho.<\/p>\n<!-- AddThis Advanced Settings generic via filter on the_content --><!-- AddThis Share Buttons generic via filter on the_content -->","protected":false},"excerpt":{"rendered":"<p>Un accesorio lleno de estilo, para animar tu bolso o para poder llevar el m\u00f3vil siempre a mano. Estampados de \u00faltima tendencia que por si s\u00f3los son el mejor accesorio.<\/p>\n<p>Esta es tu oportunidad para reinventar tu complemento favorito haci\u00e9ndolo \u00fanico y exclusivo, solo intercambiando estas\u00a0asas largas estilo guitarra, pensadas para todo tipo de bolsos, desde las bandoleras, a los\u00a0shopping bags. Colores,\u00a0 y multitud de detalles para vestir tu hombro con un plus de estilo. \u00a1Pura tendencia!<\/p>\n<p>Complemento de correa para bolsos con estampado de longitud ajustable de 59 cm a 114,5cm y 5cm de ancho.<\/p>\n<p>Disponible en varios colores.\u00a0Elige tu estampado.<\/p>\n<h5><strong>\u00bfAlguna duda? Ponte en contacto con nosotros a trav\u00e9s del bot\u00f3n del chat directo por whatsApp y te resolveremos las dudas al instante!<\/strong><\/h5>\n<p><!-- AddThis Advanced Settings generic via filter on get_the_excerpt --><!-- AddThis Share Buttons generic via filter on get_the_excerpt --><\/p>\n","protected":false},"featured_media":27853,"comment_status":"open","ping_status":"closed","template":"","meta":{"om_disable_all_campaigns":false,"_monsterinsights_skip_tracking":false,"_monsterinsights_sitenote_active":false,"_monsterinsights_sitenote_note":"","_monsterinsights_sitenote_category":0,"_uf_show_specific_survey":0,"_uf_disable_surveys":false},"product_brand":[1217],"product_cat":[1307],"product_tag":[1135,736,737,1139,1087,752,1088,738,739,1098,1130],"class_list":{"0":"post-27845","1":"product","2":"type-product","3":"status-publish","4":"has-post-thumbnail","6":"product_brand-ibags-belts","7":"product_cat-mas-accesorios","8":"product_tag-accesorios-y-complementos","9":"product_tag-boho","10":"product_tag-bohochic","11":"product_tag-cinta","12":"product_tag-cinto","13":"product_tag-complementos","14":"product_tag-correa","15":"product_tag-hippie","16":"product_tag-hippiechic","17":"product_tag-portamovil","18":"product_tag-tribal","20":"first","21":"instock","22":"shipping-taxable","23":"purchasable","24":"product-type-variable","25":"add-to-wishlist-after_add_to_cart","26":"layout-style-1","27":"col-md-4 col-sm-4 col-xs-6","28":"col-lg-3","29":"product-has-gallery","30":"product-style-default"},"aioseo_notices":[],"_links":{"self":[{"href":"https:\/\/www.ibagsbelts.com\/tienda\/wp-json\/wp\/v2\/product\/27845","targetHints":{"allow":["GET"]}}],"collection":[{"href":"https:\/\/www.ibagsbelts.com\/tienda\/wp-json\/wp\/v2\/product"}],"about":[{"href":"https:\/\/www.ibagsbelts.com\/tienda\/wp-json\/wp\/v2\/types\/product"}],"replies":[{"embeddable":true,"href":"https:\/\/www.ibagsbelts.com\/tienda\/wp-json\/wp\/v2\/comments?post=27845"}],"wp:featuredmedia":[{"embeddable":true,"href":"https:\/\/www.ibagsbelts.com\/tienda\/wp-json\/wp\/v2\/media\/27853"}],"wp:attachment":[{"href":"https:\/\/www.ibagsbelts.com\/tienda\/wp-json\/wp\/v2\/media?parent=27845"}],"wp:term":[{"taxonomy":"product_brand","embeddable":true,"href":"https:\/\/www.ibagsbelts.com\/tienda\/wp-json\/wp\/v2\/product_brand?post=27845"},{"taxonomy":"product_cat","embeddable":true,"href":"https:\/\/www.ibagsbelts.com\/tienda\/wp-json\/wp\/v2\/product_cat?post=27845"},{"taxonomy":"product_tag","embeddable":true,"href":"https:\/\/www.ibagsbelts.com\/tienda\/wp-json\/wp\/v2\/product_tag?post=27845"}],"curies":[{"name":"wp","href":"https:\/\/api.w.org\/{rel}","templated":true}]}}