{"id":2790,"date":"2018-03-02T06:07:55","date_gmt":"2018-03-02T05:07:55","guid":{"rendered":"https:\/\/www.ibagsbelts.com\/?post_type=product&#038;p=2790"},"modified":"2026-03-15T20:22:42","modified_gmt":"2026-03-15T19:22:42","slug":"bolso-bandolera-cuero-rectangular-cambridge","status":"publish","type":"product","link":"https:\/\/www.ibagsbelts.com\/tienda\/producto\/bolso-bandolera-cuero-rectangular-cambridge\/","title":{"rendered":"Bolso bandolera de cuero rectangular Cambridge"},"content":{"rendered":"<p>El bolso mediano de cuero de vaca es una opci\u00f3n de gran comodidad, siendo el favorito tanto para hombres como para mujeres. Este modelo cl\u00e1sico ha sido dise\u00f1ado para mantener tus accesorios organizados y accesibles en todo momento gracias a sus bolsillos.<\/p>\n<p>La correa ajustable con hebilla proporciona la comodidad que buscas en un bolso de este tipo. Hecho de cuero artesanal, sus medidas son 28 cm de alto, 24 cm de largo y 6 cm de ancho.<\/p>\n<p>\u00a1No te quedes sin el tuyo, c\u00f3mpralo ya<\/p>\n<p style=\"text-align: left;\"><strong>Aviso importante<\/strong><\/p>\n<p style=\"text-align: left;\">Todos nuestros productos de cuero puede estar sujeta a una variaci\u00f3n natural en tama\u00f1o y color.<\/p>\n<p style=\"text-align: left;\">Las pieles utilizadas han sido procesadas y curtidas en una de las curtidoras m\u00e1s antiguas utilizando t\u00e9cnicas centenarias para dar al cuero acabado un aspecto antiguo \/ vintage.<br \/>\nPara los tama\u00f1os, permita 1-2 cm diferencia debido a la medida manual.<br \/>\nLas im\u00e1genes son 100% reales.<br \/>\nDebido al monitor del ordenador y el brillo real de la toma y otras razones, habr\u00e1 una cierta diferencia de color.<\/p>\n<!-- AddThis Advanced Settings generic via filter on the_content --><!-- AddThis Share Buttons generic via filter on the_content -->","protected":false},"excerpt":{"rendered":"<h2>El bolso mediano de cuero de vaca es una opci\u00f3n de gran comodidad, siendo el favorito tanto para hombres como para mujeres.<\/h2>\n<h3>Este modelo cl\u00e1sico ha sido dise\u00f1ado para mantener tus accesorios organizados y accesibles en todo momento gracias a sus bolsillos.<\/h3>\n<h4>La correa ajustable con hebilla proporciona la comodidad que buscas en un bolso de este tipo. Hecho de cuero artesanal, sus medidas son 28 cm de alto, 24 cm de largo y 6 cm de ancho.<\/h4>\n<h4>\u00a1No te quedes sin el tuyo, c\u00f3mpralo ya!<\/h4>\n<h5><a href=\"https:\/\/bit.ly\/TE-AYUDO\"><b>\u00bfAlguna duda? Ponte en contacto con nosotros a trav\u00e9s del bot\u00f3n del chat directo por WhatsApp y te resolveremos las dudas al instante<\/b><\/a><b>!<\/b><\/h5>\n<p>&nbsp;<!-- AddThis Advanced Settings generic via filter on get_the_excerpt --><!-- AddThis Share Buttons generic via filter on get_the_excerpt --><\/p>\n","protected":false},"featured_media":14055,"comment_status":"open","ping_status":"closed","template":"","meta":{"om_disable_all_campaigns":false,"_monsterinsights_skip_tracking":false,"_monsterinsights_sitenote_active":false,"_monsterinsights_sitenote_note":"","_monsterinsights_sitenote_category":0,"_uf_show_specific_survey":0,"_uf_disable_surveys":false},"product_brand":[1217],"product_cat":[240,971],"product_tag":[301,877,266,299,305,315,313,823,727,905],"class_list":{"0":"post-2790","1":"product","2":"type-product","3":"status-publish","4":"has-post-thumbnail","6":"product_brand-ibags-belts","7":"product_cat-bolsos-bandoleras-de-cuero-artesanal","8":"product_cat-hombre","9":"product_tag-bandolera","10":"product_tag-bandoleras","11":"product_tag-bolso-bohemian-bolso-cuero-repujado-bolsos-cuero-retro-bolso-shopper-cuero-bolso-cuero-trenzado-bolso-cuero-troquelado","12":"product_tag-bolso-cuero","13":"product_tag-bolso-cuero-artesanal","14":"product_tag-bolso-cuero-artesano","15":"product_tag-bolso-cuero-hecho-a-mano","16":"product_tag-bolso-piel","17":"product_tag-bolsos-bandoleras-cuero","18":"product_tag-casual","20":"first","21":"instock","22":"shipping-taxable","23":"purchasable","24":"product-type-simple","25":"add-to-wishlist-after_add_to_cart","26":"layout-style-1","27":"col-md-4 col-sm-4 col-xs-6","28":"col-lg-3","29":"product-has-gallery","30":"product-style-default"},"aioseo_notices":[],"_links":{"self":[{"href":"https:\/\/www.ibagsbelts.com\/tienda\/wp-json\/wp\/v2\/product\/2790","targetHints":{"allow":["GET"]}}],"collection":[{"href":"https:\/\/www.ibagsbelts.com\/tienda\/wp-json\/wp\/v2\/product"}],"about":[{"href":"https:\/\/www.ibagsbelts.com\/tienda\/wp-json\/wp\/v2\/types\/product"}],"replies":[{"embeddable":true,"href":"https:\/\/www.ibagsbelts.com\/tienda\/wp-json\/wp\/v2\/comments?post=2790"}],"wp:featuredmedia":[{"embeddable":true,"href":"https:\/\/www.ibagsbelts.com\/tienda\/wp-json\/wp\/v2\/media\/14055"}],"wp:attachment":[{"href":"https:\/\/www.ibagsbelts.com\/tienda\/wp-json\/wp\/v2\/media?parent=2790"}],"wp:term":[{"taxonomy":"product_brand","embeddable":true,"href":"https:\/\/www.ibagsbelts.com\/tienda\/wp-json\/wp\/v2\/product_brand?post=2790"},{"taxonomy":"product_cat","embeddable":true,"href":"https:\/\/www.ibagsbelts.com\/tienda\/wp-json\/wp\/v2\/product_cat?post=2790"},{"taxonomy":"product_tag","embeddable":true,"href":"https:\/\/www.ibagsbelts.com\/tienda\/wp-json\/wp\/v2\/product_tag?post=2790"}],"curies":[{"name":"wp","href":"https:\/\/api.w.org\/{rel}","templated":true}]}}