{"id":2834,"date":"2018-03-02T06:42:35","date_gmt":"2018-03-02T05:42:35","guid":{"rendered":"https:\/\/www.ibagsbelts.com\/?post_type=product&#038;p=2834"},"modified":"2026-03-15T20:20:53","modified_gmt":"2026-03-15T19:20:53","slug":"rinonera-de-cuero-leeds","status":"publish","type":"product","link":"https:\/\/www.ibagsbelts.com\/tienda\/producto\/rinonera-de-cuero-leeds\/","title":{"rendered":"Ri\u00f1oneras de cuero Leeds"},"content":{"rendered":"<p style=\"text-align: left;\">La ri\u00f1onera de cuero es el accesorio perfecto para cualquier temporada del a\u00f1o, especialmente si disfrutas yendo a festivales. Su dise\u00f1o te brinda libertad, seguridad y comodidad, siendo la compa\u00f1era ideal para eventos y espect\u00e1culos.<\/p>\n<p style=\"text-align: left;\">Estas ri\u00f1oneras son ideales para llevar lo esencial, como la billetera, el tel\u00e9fono m\u00f3vil y las llaves, permiti\u00e9ndote disfrutar de tus d\u00edas de manera despreocupada. Adem\u00e1s, ofrecen un toque de estilo y practicidad que las convierte en un elemento imprescindible.<\/p>\n<p style=\"text-align: left;\">Echa un vistazo a nuestra secci\u00f3n para encontrar la ri\u00f1onera perfecta que se adapte a tu estilo y necesidades.<\/p>\n<p style=\"text-align: left;\"><strong>Aviso importante<\/strong><\/p>\n<p style=\"text-align: left;\">Todos nuestros productos de cuero puede estar sujeta a una variaci\u00f3n natural en tama\u00f1o y color.<\/p>\n<p style=\"text-align: left;\">Las pieles utilizadas han sido procesadas y curtidas en una de las curtidur\u00edas m\u00e1s antiguas utilizando t\u00e9cnicas centenarias para dar al cuero acabado un aspecto antiguo \/ vintage.<br \/>\nPara los tama\u00f1os, permita 1-2 cm diferencia debido a la medida manual.<br \/>\nLas im\u00e1genes son 100% reales.<br \/>\nDebido al monitor del ordenador y el brillo real de la toma y otras razones, habr\u00e1 una cierta diferencia de color.<\/p>\n<!-- AddThis Advanced Settings generic via filter on the_content --><!-- AddThis Share Buttons generic via filter on the_content -->","protected":false},"excerpt":{"rendered":"<h2 style=\"text-align: left;\">Ri\u00f1onera de cuero ideal para cualquier estaci\u00f3n del a\u00f1o.<\/h2>\n<h3 style=\"text-align: left;\">Si te gusta ir de festivales la ri\u00f1onera es la mejor aliada para este tipo de espect\u00e1culos.<\/h3>\n<h4 style=\"text-align: left;\">Te brinda lo que estas buscando libertad, seguridad\u00a0 y comodidad. En ellas puedes llevar lo b\u00e1sico como tu billetera, tu m\u00f3vil, tus llaves a disfrutar de d\u00edas inolvidables.\u00a0No te puede faltar mirar en nuestra secci\u00f3n\u00a0 y seguro encontraras tu favorita.<\/h4>\n<h5 style=\"text-align: center;\"><a href=\"https:\/\/bit.ly\/TE-AYUDO\"><b>\u00bfAlguna duda? Ponte en contacto con nosotros a trav\u00e9s del bot\u00f3n del chat directo por WhatsApp y te resolveremos las dudas al instante<\/b><\/a><b>!<\/b><\/h5>\n<p><!-- AddThis Advanced Settings generic via filter on get_the_excerpt --><!-- AddThis Share Buttons generic via filter on get_the_excerpt --><\/p>\n","protected":false},"featured_media":23577,"comment_status":"open","ping_status":"closed","template":"","meta":{"om_disable_all_campaigns":false,"_monsterinsights_skip_tracking":false,"_monsterinsights_sitenote_active":false,"_monsterinsights_sitenote_note":"","_monsterinsights_sitenote_category":0,"_uf_show_specific_survey":0,"_uf_disable_surveys":false},"product_brand":[1217],"product_cat":[950],"product_tag":[1042,1033,1087,332,745,738,739,354,795,793],"class_list":{"0":"post-2834","1":"product","2":"type-product","3":"status-publish","4":"has-post-thumbnail","6":"product_brand-ibags-belts","7":"product_cat-rinoneras","8":"product_tag-banana","9":"product_tag-bananas","10":"product_tag-cinto","11":"product_tag-cinturon-cuero","12":"product_tag-estilo-hippie","13":"product_tag-hippie","14":"product_tag-hippiechic","15":"product_tag-mochila-moto-cuero","16":"product_tag-rinonera-cuero","17":"product_tag-rinoneras","19":"first","20":"instock","21":"shipping-taxable","22":"purchasable","23":"product-type-variable","24":"add-to-wishlist-after_add_to_cart","25":"layout-style-1","26":"col-md-4 col-sm-4 col-xs-6","27":"col-lg-3","28":"product-has-gallery","29":"product-style-default"},"aioseo_notices":[],"_links":{"self":[{"href":"https:\/\/www.ibagsbelts.com\/tienda\/wp-json\/wp\/v2\/product\/2834","targetHints":{"allow":["GET"]}}],"collection":[{"href":"https:\/\/www.ibagsbelts.com\/tienda\/wp-json\/wp\/v2\/product"}],"about":[{"href":"https:\/\/www.ibagsbelts.com\/tienda\/wp-json\/wp\/v2\/types\/product"}],"replies":[{"embeddable":true,"href":"https:\/\/www.ibagsbelts.com\/tienda\/wp-json\/wp\/v2\/comments?post=2834"}],"wp:featuredmedia":[{"embeddable":true,"href":"https:\/\/www.ibagsbelts.com\/tienda\/wp-json\/wp\/v2\/media\/23577"}],"wp:attachment":[{"href":"https:\/\/www.ibagsbelts.com\/tienda\/wp-json\/wp\/v2\/media?parent=2834"}],"wp:term":[{"taxonomy":"product_brand","embeddable":true,"href":"https:\/\/www.ibagsbelts.com\/tienda\/wp-json\/wp\/v2\/product_brand?post=2834"},{"taxonomy":"product_cat","embeddable":true,"href":"https:\/\/www.ibagsbelts.com\/tienda\/wp-json\/wp\/v2\/product_cat?post=2834"},{"taxonomy":"product_tag","embeddable":true,"href":"https:\/\/www.ibagsbelts.com\/tienda\/wp-json\/wp\/v2\/product_tag?post=2834"}],"curies":[{"name":"wp","href":"https:\/\/api.w.org\/{rel}","templated":true}]}}