{"id":28391,"date":"2024-03-24T11:53:54","date_gmt":"2024-03-24T10:53:54","guid":{"rendered":"https:\/\/www.ibagsbelts.com\/tienda\/?post_type=product&#038;p=28391"},"modified":"2026-03-14T11:29:21","modified_gmt":"2026-03-14T10:29:21","slug":"bolso-bandolera-de-piel-lavada-tejida-camel-apolo","status":"publish","type":"product","link":"https:\/\/www.ibagsbelts.com\/tienda\/producto\/bolso-bandolera-de-piel-lavada-tejida-camel-apolo\/","title":{"rendered":"Bolso bandolera de piel lavada tejida camel Apolo"},"content":{"rendered":"<p style=\"text-align: left;\">El trenzado de la piel agregan un toque de estilo hippie chic, lo que hace que este bolso sea vers\u00e1til y adaptable a tu estilo \u00fanico.<\/p>\n<p style=\"text-align: left;\">En el interior, encontrar\u00e1s un bolsillo con cremallera y dos bolsillos abiertos, dise\u00f1ados para mantener tu tel\u00e9fono m\u00f3vil y otros objetos peque\u00f1os perfectamente organizados y al alcance de la mano.<\/p>\n<p style=\"text-align: left;\">Con una correa de piel suave ajustable, este bolso se puede llevar c\u00f3modamente en el hombro, como un totalizador o cruzado, adapt\u00e1ndose a tus necesidades y preferencias de estilo.<\/p>\n<p style=\"text-align: left;\">No esperes m\u00e1s para a\u00f1adir este elegante y vers\u00e1til bolso a tu colecci\u00f3n. \u00a1Hazte con el tuyo hoy mismo y eleva tu estilo al siguiente nivel!<\/p>\n<p style=\"text-align: left;\">Medidas: 30 cm de largo x 9 cm de ancho x 23 cm de alto.<\/p>\n<h5 style=\"text-align: left;\"><strong>Aviso importante<\/strong><\/h5>\n<p style=\"text-align: left;\">Todos nuestros productos de cuero est\u00e1n hechos a mano y su nueva bolsa de cuero puede estar sujeta a una variaci\u00f3n natural en tama\u00f1o y color.<br \/>\nPara los tama\u00f1os, permita 1-2 cm difiere debido a la medida manual.<br \/>\nLas im\u00e1genes son 100% reales.<br \/>\nDebido al monitor del ordenador y el brillo real de la toma y otras razones, habr\u00e1 una cierta diferencia de color.<\/p>\n<!-- AddThis Advanced Settings generic via filter on the_content --><!-- AddThis Share Buttons generic via filter on the_content -->","protected":false},"excerpt":{"rendered":"<p style=\"text-align: left;\">Con su trenzado de piel que a\u00f1ade un toque de estilo hippie chic, este bolso se convierte en una opci\u00f3n vers\u00e1til y adaptable que complementar\u00e1 tu estilo \u00fanico.<\/p>\n<p style=\"text-align: left;\">En su interior, descubrir\u00e1s un bolsillo con cremallera y dos bolsillos abiertos, dise\u00f1ados para mantener tu tel\u00e9fono m\u00f3vil y otros objetos peque\u00f1os organizados y al alcance de tu mano en todo momento.<\/p>\n<p style=\"text-align: left;\">Equipado con una correa de piel suave ajustable, este bolso puede llevarse c\u00f3modamente sobre el hombro, como un totalizador elegante o cruzado, adapt\u00e1ndose a tus necesidades y preferencias de estilo con facilidad.<\/p>\n<p style=\"text-align: left;\">No pierdas m\u00e1s tiempo y a\u00f1ade este elegante y vers\u00e1til bolso a tu colecci\u00f3n hoy mismo. \u00a1Hazte con el tuyo y lleva tu estilo al siguiente nivel!<\/p>\n<p style=\"text-align: left;\">Dimensiones: 30 cm de largo x 9 cm de ancho x 23 cm de alto.<\/p>\n<div class=\"woocommerce-product-details__short-description\">\n<div class=\"woocommerce-product-details__short-description\">\n<h5 style=\"text-align: center;\"><strong>\u00bfAlguna duda? Ponte en contacto con nosotros a trav\u00e9s del bot\u00f3n del chat directo por whatsApp y te resolveremos las dudas al instante!<\/strong><\/h5>\n<\/div>\n<\/div>\n<p><!-- AddThis Advanced Settings generic via filter on get_the_excerpt --><!-- AddThis Share Buttons generic via filter on get_the_excerpt --><\/p>\n","protected":false},"featured_media":29447,"comment_status":"open","ping_status":"closed","template":"","meta":{"om_disable_all_campaigns":false,"_monsterinsights_skip_tracking":false,"_monsterinsights_sitenote_active":false,"_monsterinsights_sitenote_note":"","_monsterinsights_sitenote_category":0,"_uf_show_specific_survey":0,"_uf_disable_surveys":false},"product_brand":[1217],"product_cat":[240,757,382,1035,40],"product_tag":[1096,301,877,736,737,266,305,313,255,823,1036,784,340,307,743,744,1102,1038,1048],"class_list":{"0":"post-28391","1":"product","2":"type-product","3":"status-publish","4":"has-post-thumbnail","6":"product_brand-ibags-belts","7":"product_cat-bolsos-bandoleras-de-cuero-artesanal","8":"product_cat-bolso-clutch","9":"product_cat-bowling","10":"product_cat-bolso-de-cuero-italiano","11":"product_cat-bolsos-de-hombro","12":"product_tag-artesania","13":"product_tag-bandolera","14":"product_tag-bandoleras","15":"product_tag-boho","16":"product_tag-bohochic","17":"product_tag-bolso-bohemian-bolso-cuero-repujado-bolsos-cuero-retro-bolso-shopper-cuero-bolso-cuero-trenzado-bolso-cuero-troquelado","18":"product_tag-bolso-cuero-artesanal","19":"product_tag-bolso-cuero-hecho-a-mano","20":"product_tag-bolso-cuero-mujer","21":"product_tag-bolso-piel","22":"product_tag-bolso-piel-italiano","23":"product_tag-bolso-trenzados","24":"product_tag-cinturon-cuero-ancho-bohemian","25":"product_tag-cuero-trenzado","26":"product_tag-estilo-boho","27":"product_tag-estilo-bohochic","28":"product_tag-piel","29":"product_tag-piel-lavada","30":"product_tag-trenzado","32":"first","33":"instock","34":"shipping-taxable","35":"purchasable","36":"product-type-simple","37":"add-to-wishlist-after_add_to_cart","38":"layout-style-1","39":"col-md-4 col-sm-4 col-xs-6","40":"col-lg-3","41":"product-has-gallery","42":"product-style-default"},"aioseo_notices":[],"_links":{"self":[{"href":"https:\/\/www.ibagsbelts.com\/tienda\/wp-json\/wp\/v2\/product\/28391","targetHints":{"allow":["GET"]}}],"collection":[{"href":"https:\/\/www.ibagsbelts.com\/tienda\/wp-json\/wp\/v2\/product"}],"about":[{"href":"https:\/\/www.ibagsbelts.com\/tienda\/wp-json\/wp\/v2\/types\/product"}],"replies":[{"embeddable":true,"href":"https:\/\/www.ibagsbelts.com\/tienda\/wp-json\/wp\/v2\/comments?post=28391"}],"wp:featuredmedia":[{"embeddable":true,"href":"https:\/\/www.ibagsbelts.com\/tienda\/wp-json\/wp\/v2\/media\/29447"}],"wp:attachment":[{"href":"https:\/\/www.ibagsbelts.com\/tienda\/wp-json\/wp\/v2\/media?parent=28391"}],"wp:term":[{"taxonomy":"product_brand","embeddable":true,"href":"https:\/\/www.ibagsbelts.com\/tienda\/wp-json\/wp\/v2\/product_brand?post=28391"},{"taxonomy":"product_cat","embeddable":true,"href":"https:\/\/www.ibagsbelts.com\/tienda\/wp-json\/wp\/v2\/product_cat?post=28391"},{"taxonomy":"product_tag","embeddable":true,"href":"https:\/\/www.ibagsbelts.com\/tienda\/wp-json\/wp\/v2\/product_tag?post=28391"}],"curies":[{"name":"wp","href":"https:\/\/api.w.org\/{rel}","templated":true}]}}