{"id":28872,"date":"2024-04-22T22:52:40","date_gmt":"2024-04-22T20:52:40","guid":{"rendered":"https:\/\/www.ibagsbelts.com\/tienda\/?post_type=product&#038;p=28872"},"modified":"2026-03-14T10:54:38","modified_gmt":"2026-03-14T09:54:38","slug":"bolso-negro-pequeno-de-piel-con-tachuelas-jake","status":"publish","type":"product","link":"https:\/\/www.ibagsbelts.com\/tienda\/producto\/bolso-negro-pequeno-de-piel-con-tachuelas-jake\/","title":{"rendered":"Bolso negro peque\u00f1o de piel lavada  con tachuelas Jake"},"content":{"rendered":"<p>Descubre la versatilidad y el estilo \u00fanico del bolso bag-in-bag, directamente desde Italia. Confeccionado con 100% piel de vacuno de alta calidad y fabricado con el exquisito detalle artesanal italiano, este bolso te ofrece dos opciones en una para adaptarse a tus necesidades cambiantes.<\/p>\n<p>Con unas dimensiones de 20 cm de alto, 30 cm de ancho y 2 cm de fondo, este bolso presenta un dise\u00f1o innovador que lo convierte en el compa\u00f1ero perfecto para cualquier ocasi\u00f3n. Su bolsillo exterior m\u00e1s grande, con cremallera, es ideal para llevar tus art\u00edculos m\u00e1s grandes, como una botella de agua o una cartera. Mientras tanto, el bolsillo interior m\u00e1s peque\u00f1o, tambi\u00e9n con cremallera, te permite mantener tus objetos m\u00e1s peque\u00f1os organizados y protegidos.<\/p>\n<p>Lo mejor de todo es que este bolso ofrece tres opciones de transporte: \u00fasalo como un bolso de hombro m\u00e1s grande, un bolso de hombro m\u00e1s peque\u00f1o o comb\u00ednalos juntos para obtener un estilo \u00fanico y llamativo. La correa para el hombro extra\u00edble y ajustable te permite adaptar el bolso a tus necesidades y preferencias.<\/p>\n<p>Con aplicaciones de remaches decorativos que a\u00f1aden un toque de estilo rock-chic, este bolso es perfecto para fiestas, conciertos y cualquier ocasi\u00f3n en la que quieras destacar. \u00a1Hazte con el tuyo hoy mismo y lleva contigo el encanto italiano en cada paso!.<\/p>\n<p><strong>Aviso importante<\/strong><\/p>\n<p>Todos nuestros productos de cuero est\u00e1n hechos a mano y su nueva bolsa de cuero puede estar sujeta a una variaci\u00f3n natural en tama\u00f1o y color.<br \/>\nPara los tama\u00f1os, permita 1-2 cm difiere debido a la medida manual.<br \/>\nLas im\u00e1genes son 100% reales.<br \/>\nDebido al monitor del ordenador y el brillo real de la toma y otras razones, habr\u00e1 una cierta diferencia de color.<\/p>\n<!-- AddThis Advanced Settings generic via filter on the_content --><!-- AddThis Share Buttons generic via filter on the_content -->","protected":false},"excerpt":{"rendered":"<p>Descubre la versatilidad y el estilo \u00fanico del bolso confeccionado con 100% piel de vacuno de alta calidad y fabricado con el exquisito detalle artesanal italiano, este bolso te ofrece dos opciones en una para adaptarse a tus necesidades cambiantes.<\/p>\n<p>Con unas dimensiones de 20 cm de alto, 30 cm de ancho y 2 cm de fondo, este bolso presenta un dise\u00f1o innovador que lo convierte en el compa\u00f1ero perfecto para cualquier ocasi\u00f3n. Su bolsillo exterior m\u00e1s grande, con cremallera, es ideal para llevar tus art\u00edculos m\u00e1s grandes, como una botella de agua o una cartera. Mientras tanto, el bolsillo interior m\u00e1s peque\u00f1o, tambi\u00e9n con cremallera, te permite mantener tus objetos m\u00e1s peque\u00f1os organizados y protegidos.<\/p>\n<p>Con aplicaciones de remaches decorativos que a\u00f1aden un toque de estilo rock-chic, este bolso es perfecto para fiestas, conciertos y cualquier ocasi\u00f3n en la que quieras destacar. \u00a1Hazte con el tuyo hoy mismo y lleva contigo el encanto italiano en cada paso!.<\/p>\n<h5><strong>\u00bfAlguna duda? Ponte en contacto con nosotros a trav\u00e9s del bot\u00f3n del chat directo por WhatsApp y te resolveremos las dudas al instante!<\/strong><\/h5>\n<p><!-- AddThis Advanced Settings generic via filter on get_the_excerpt --><!-- AddThis Share Buttons generic via filter on get_the_excerpt --><\/p>\n","protected":false},"featured_media":28879,"comment_status":"open","ping_status":"closed","template":"","meta":{"om_disable_all_campaigns":false,"_monsterinsights_skip_tracking":false,"_monsterinsights_sitenote_active":false,"_monsterinsights_sitenote_note":"","_monsterinsights_sitenote_category":0,"_uf_show_specific_survey":0,"_uf_disable_surveys":false},"product_brand":[1217],"product_cat":[240,757,1035],"product_tag":[1135,1096,301,877,266,303,315,316,255,823,1036,1050,727,1049,1102,1038,1118,1129],"class_list":{"0":"post-28872","1":"product","2":"type-product","3":"status-publish","4":"has-post-thumbnail","6":"product_brand-ibags-belts","7":"product_cat-bolsos-bandoleras-de-cuero-artesanal","8":"product_cat-bolso-clutch","9":"product_cat-bolso-de-cuero-italiano","10":"product_tag-accesorios-y-complementos","11":"product_tag-artesania","12":"product_tag-bandolera","13":"product_tag-bandoleras","14":"product_tag-bolso-bohemian-bolso-cuero-repujado-bolsos-cuero-retro-bolso-shopper-cuero-bolso-cuero-trenzado-bolso-cuero-troquelado","15":"product_tag-bolso-bohemian","16":"product_tag-bolso-cuero-artesano","17":"product_tag-bolso-cuero-con-tachuelas","18":"product_tag-bolso-cuero-mujer","19":"product_tag-bolso-piel","20":"product_tag-bolso-piel-italiano","21":"product_tag-bolso-remaches","22":"product_tag-bolsos-bandoleras-cuero","23":"product_tag-bolsos-remaches","24":"product_tag-piel","25":"product_tag-piel-lavada","26":"product_tag-remaches","27":"product_tag-tachas","29":"first","30":"instock","31":"sale","32":"shipping-taxable","33":"purchasable","34":"product-type-simple","35":"add-to-wishlist-after_add_to_cart","36":"layout-style-1","37":"col-md-4 col-sm-4 col-xs-6","38":"col-lg-3","39":"product-has-gallery","40":"product-style-default"},"aioseo_notices":[],"_links":{"self":[{"href":"https:\/\/www.ibagsbelts.com\/tienda\/wp-json\/wp\/v2\/product\/28872","targetHints":{"allow":["GET"]}}],"collection":[{"href":"https:\/\/www.ibagsbelts.com\/tienda\/wp-json\/wp\/v2\/product"}],"about":[{"href":"https:\/\/www.ibagsbelts.com\/tienda\/wp-json\/wp\/v2\/types\/product"}],"replies":[{"embeddable":true,"href":"https:\/\/www.ibagsbelts.com\/tienda\/wp-json\/wp\/v2\/comments?post=28872"}],"wp:featuredmedia":[{"embeddable":true,"href":"https:\/\/www.ibagsbelts.com\/tienda\/wp-json\/wp\/v2\/media\/28879"}],"wp:attachment":[{"href":"https:\/\/www.ibagsbelts.com\/tienda\/wp-json\/wp\/v2\/media?parent=28872"}],"wp:term":[{"taxonomy":"product_brand","embeddable":true,"href":"https:\/\/www.ibagsbelts.com\/tienda\/wp-json\/wp\/v2\/product_brand?post=28872"},{"taxonomy":"product_cat","embeddable":true,"href":"https:\/\/www.ibagsbelts.com\/tienda\/wp-json\/wp\/v2\/product_cat?post=28872"},{"taxonomy":"product_tag","embeddable":true,"href":"https:\/\/www.ibagsbelts.com\/tienda\/wp-json\/wp\/v2\/product_tag?post=28872"}],"curies":[{"name":"wp","href":"https:\/\/api.w.org\/{rel}","templated":true}]}}