{"id":28902,"date":"2024-04-25T20:25:54","date_gmt":"2024-04-25T18:25:54","guid":{"rendered":"https:\/\/www.ibagsbelts.com\/tienda\/?post_type=product&#038;p=28902"},"modified":"2026-03-14T09:21:57","modified_gmt":"2026-03-14T08:21:57","slug":"bolso-verde-piel-lavada-inspiracion-silla-de-montar","status":"publish","type":"product","link":"https:\/\/www.ibagsbelts.com\/tienda\/producto\/bolso-verde-piel-lavada-inspiracion-silla-de-montar\/","title":{"rendered":"Bolso verde piel lavada inspiraci\u00f3n silla de montar"},"content":{"rendered":"<p style=\"text-align: left;\">Sum\u00e9rgete en el encanto del bolso inspiraci\u00f3n, una pieza excepcional confeccionada en piel lavada que combina estilo y funcionalidad a la perfecci\u00f3n. Dise\u00f1ado para adaptarse a tu estilo de vida din\u00e1mico, este bolso vers\u00e1til puede llevarse c\u00f3modamente al hombro o en la mano, ofreci\u00e9ndote libertad de movimiento y un toque de elegancia en cada paso.<\/p>\n<p style=\"text-align: left;\">El interior forrado en tela garantiza la seguridad de tus pertenencias, mientras que el compartimento con cierre de cremallera te permite organizar tus objetos personales de manera eficiente. Adem\u00e1s, este bolso viene equipado con dos correas: una corta y otra larga, para que puedas elegir la opci\u00f3n que mejor se adapte a tus necesidades y preferencias.<\/p>\n<p style=\"text-align: left;\">Para garantizar su mejor conservaci\u00f3n, todos nuestros bolsos vienen con guardapolvos, asegurando que tu bolso se mantenga en \u00f3ptimas condiciones durante m\u00e1s tiempo.<\/p>\n<p style=\"text-align: left;\">Con unas dimensiones de 25 cm de largo y 20 cm de alto, 6 cm ancho, este bolso es el compa\u00f1ero perfecto para cualquier ocasi\u00f3n, ya sea una salida informal o un evento m\u00e1s elegante. Hazte con el bolso inspiraci\u00f3n y a\u00f1ade un toque de estilo atemporal a tu look.<\/p>\n<p style=\"text-align: left;\"><strong>Aviso importante<\/strong><\/p>\n<p style=\"text-align: left;\">Todos nuestros productos de cuero est\u00e1n hechos a mano y su nueva bolsa de cuero puede estar sujeta a una variaci\u00f3n natural en tama\u00f1o y color.<br \/>\nPara los tama\u00f1os, permita 1-2 cm difiere debido a la medida manual.<br \/>\nLas im\u00e1genes son 100% reales.<br \/>\nDebido al monitor del ordenador y el brillo real de la toma y otras razones, habr\u00e1 una cierta diferencia de color.<\/p>\n<!-- AddThis Advanced Settings generic via filter on the_content --><!-- AddThis Share Buttons generic via filter on the_content -->","protected":false},"excerpt":{"rendered":"<p>Sum\u00e9rgete en el encanto del bolso inspiraci\u00f3n, una pieza excepcional confeccionada en piel lavada que combina estilo y funcionalidad a la perfecci\u00f3n. Dise\u00f1ado para adaptarse a tu estilo de vida din\u00e1mico, este bolso vers\u00e1til puede llevarse c\u00f3modamente al hombro o en la mano, ofreci\u00e9ndote libertad de movimiento y un toque de elegancia en cada paso.<\/p>\n<p>El interior forrado en tela garantiza la seguridad de tus pertenencias, mientras que el compartimento con cierre de cremallera te permite organizar tus objetos personales de manera eficiente. Adem\u00e1s, este bolso viene equipado con dos correas: una corta y otra larga, para que puedas elegir la opci\u00f3n que mejor se adapte a tus necesidades y preferencias.<\/p>\n<p>Con unas dimensiones de 25 cm de largo y 20 cm de alto, 6 cm ancho.<\/p>\n<h5 style=\"text-align: center;\"><strong>\u00bfAlguna duda? Ponte en contacto con nosotros a trav\u00e9s del bot\u00f3n del chat directo por WhatsApp y te resolveremos las dudas al instante!<\/strong><\/h5>\n<p><!-- AddThis Advanced Settings generic via filter on get_the_excerpt --><!-- AddThis Share Buttons generic via filter on get_the_excerpt --><\/p>\n","protected":false},"featured_media":28904,"comment_status":"open","ping_status":"closed","template":"","meta":{"om_disable_all_campaigns":false,"_monsterinsights_skip_tracking":false,"_monsterinsights_sitenote_active":false,"_monsterinsights_sitenote_note":"","_monsterinsights_sitenote_category":0,"_uf_show_specific_survey":0,"_uf_disable_surveys":false},"product_brand":[1217],"product_cat":[240,1035,40],"product_tag":[1135,1096,301,877,266,303,305,255,823,1036,727,281,816,743,746,1165,1102,1038],"class_list":{"0":"post-28902","1":"product","2":"type-product","3":"status-publish","4":"has-post-thumbnail","6":"product_brand-ibags-belts","7":"product_cat-bolsos-bandoleras-de-cuero-artesanal","8":"product_cat-bolso-de-cuero-italiano","9":"product_cat-bolsos-de-hombro","10":"product_tag-accesorios-y-complementos","11":"product_tag-artesania","12":"product_tag-bandolera","13":"product_tag-bandoleras","14":"product_tag-bolso-bohemian-bolso-cuero-repujado-bolsos-cuero-retro-bolso-shopper-cuero-bolso-cuero-trenzado-bolso-cuero-troquelado","15":"product_tag-bolso-bohemian","16":"product_tag-bolso-cuero-artesanal","17":"product_tag-bolso-cuero-mujer","18":"product_tag-bolso-piel","19":"product_tag-bolso-piel-italiano","20":"product_tag-bolsos-bandoleras-cuero","21":"product_tag-bolso-bohemian-bolso-cuero-para-hombre-bolso-cuero-repujado-bolsos-cuero-retro-bolso-shopper-cuero-bolso-cuero-trenzado-bolso-cuero-troquelado-bolso-cuero-vaca-bolso-cuero-viaje-hombre","22":"product_tag-cowboy","23":"product_tag-estilo-boho","24":"product_tag-estilo-hippiechic","25":"product_tag-gaucho","26":"product_tag-piel","27":"product_tag-piel-lavada","29":"first","30":"instock","31":"shipping-taxable","32":"purchasable","33":"product-type-simple","34":"add-to-wishlist-after_add_to_cart","35":"layout-style-1","36":"col-md-4 col-sm-4 col-xs-6","37":"col-lg-3","38":"product-has-gallery","39":"product-style-default"},"aioseo_notices":[],"_links":{"self":[{"href":"https:\/\/www.ibagsbelts.com\/tienda\/wp-json\/wp\/v2\/product\/28902","targetHints":{"allow":["GET"]}}],"collection":[{"href":"https:\/\/www.ibagsbelts.com\/tienda\/wp-json\/wp\/v2\/product"}],"about":[{"href":"https:\/\/www.ibagsbelts.com\/tienda\/wp-json\/wp\/v2\/types\/product"}],"replies":[{"embeddable":true,"href":"https:\/\/www.ibagsbelts.com\/tienda\/wp-json\/wp\/v2\/comments?post=28902"}],"wp:featuredmedia":[{"embeddable":true,"href":"https:\/\/www.ibagsbelts.com\/tienda\/wp-json\/wp\/v2\/media\/28904"}],"wp:attachment":[{"href":"https:\/\/www.ibagsbelts.com\/tienda\/wp-json\/wp\/v2\/media?parent=28902"}],"wp:term":[{"taxonomy":"product_brand","embeddable":true,"href":"https:\/\/www.ibagsbelts.com\/tienda\/wp-json\/wp\/v2\/product_brand?post=28902"},{"taxonomy":"product_cat","embeddable":true,"href":"https:\/\/www.ibagsbelts.com\/tienda\/wp-json\/wp\/v2\/product_cat?post=28902"},{"taxonomy":"product_tag","embeddable":true,"href":"https:\/\/www.ibagsbelts.com\/tienda\/wp-json\/wp\/v2\/product_tag?post=28902"}],"curies":[{"name":"wp","href":"https:\/\/api.w.org\/{rel}","templated":true}]}}