{"id":28914,"date":"2024-04-25T22:05:07","date_gmt":"2024-04-25T20:05:07","guid":{"rendered":"https:\/\/www.ibagsbelts.com\/tienda\/?post_type=product&#038;p=28914"},"modified":"2026-03-14T09:20:46","modified_gmt":"2026-03-14T08:20:46","slug":"bolso-shopper-verde-de-piel-lavada-lili","status":"publish","type":"product","link":"https:\/\/www.ibagsbelts.com\/tienda\/producto\/bolso-shopper-verde-de-piel-lavada-lili\/","title":{"rendered":"Bolso shopper verde caqui de Piel lavada Lili"},"content":{"rendered":"<p style=\"text-align: left;\">Descubre la elegancia y la artesan\u00eda incomparable del bolso para llevar al hombro de piel verdadera lavada vintage, una creaci\u00f3n excepcional. Made in Italy que encarna el lujo y la sofisticaci\u00f3n.<\/p>\n<p style=\"text-align: left;\">Confeccionado con piel verdadera lavada y cosida a mano en relieve, este bolso destaca por su acabado precioso y su estructura m\u00f3rbida, que lo convierten en el accesorio perfecto para a\u00f1adir un toque de estilo a cualquier conjunto. Hecho en Florencia de forma artesanal, cada detalle de este bolso refleja la pasi\u00f3n y la dedicaci\u00f3n de los expertos artesanos italianos.<\/p>\n<p style=\"text-align: left;\">En su interior, encontrar\u00e1s un forro de tela suave y un \u00fanico compartimento espacioso, dise\u00f1ado para almacenar todas tus pertenencias de forma segura y organizada. Adem\u00e1s, cuenta con accesorios de metal de alta calidad y un cierre de cremallera para ofrecerte una mayor tranquilidad.<\/p>\n<p style=\"text-align: left;\">La bandolera ajustable y desmontable te permite llevar este bolso de m\u00faltiples maneras, adapt\u00e1ndose a tus necesidades y preferencias. Con unas dimensiones de 50 cm de anchura, 30 cm de altura y 15 cm de espesor, este bolso combina estilo y funcionalidad a la perfecci\u00f3n, convirti\u00e9ndolo en un imprescindible para cualquier mujer que aprecie la calidad y el buen gusto.<\/p>\n<p style=\"text-align: left;\"><strong>Aviso importante<\/strong><\/p>\n<p style=\"text-align: left;\">Todos nuestros productos de cuero est\u00e1n hechos a mano y su nueva bolsa de cuero puede estar sujeta a una variaci\u00f3n natural en tama\u00f1o y color.<br \/>\nPara los tama\u00f1os, permita 1-2 cm difiere debido a la medida manual.<br \/>\nLas im\u00e1genes son 100% reales.<br \/>\nDebido al monitor del ordenador y el brillo real de la toma y otras razones, habr\u00e1 una cierta diferencia de color.<\/p>\n<!-- AddThis Advanced Settings generic via filter on the_content --><!-- AddThis Share Buttons generic via filter on the_content -->","protected":false},"excerpt":{"rendered":"<p>Descubre la elegancia y la artesan\u00eda incomparable del bolso para llevar al hombro de piel verdadera lavada vintage, una creaci\u00f3n excepcional. Made in Italy que encarna el lujo y la sofisticaci\u00f3n.<\/p>\n<p>En su interior, encontrar\u00e1s un forro de tela suave y un \u00fanico compartimento espacioso, dise\u00f1ado para almacenar todas tus pertenencias de forma segura y organizada. Adem\u00e1s, cuenta con accesorios de metal de alta calidad y un cierre de cremallera para ofrecerte una mayor tranquilidad.<\/p>\n<p>La bandolera ajustable y desmontable te permite llevar este bolso de m\u00faltiples maneras, adapt\u00e1ndose a tus necesidades y preferencias. Con unas dimensiones de 50 cm de anchura, 30 cm de altura y 15 cm de espesor, este bolso combina estilo y funcionalidad a la perfecci\u00f3n, convirti\u00e9ndolo en un imprescindible para cualquier mujer que aprecie la calidad y el buen gusto.<\/p>\n<h5><strong>\u00bfAlguna duda? Ponte en contacto con nosotros a trav\u00e9s del bot\u00f3n del chat directo por WhatsApp y te resolveremos las dudas al instante!<\/strong><\/h5>\n<p><!-- AddThis Advanced Settings generic via filter on get_the_excerpt --><!-- AddThis Share Buttons generic via filter on get_the_excerpt --><\/p>\n","protected":false},"featured_media":28915,"comment_status":"open","ping_status":"closed","template":"","meta":{"om_disable_all_campaigns":false,"_monsterinsights_skip_tracking":false,"_monsterinsights_sitenote_active":false,"_monsterinsights_sitenote_note":"","_monsterinsights_sitenote_category":0,"_uf_show_specific_survey":0,"_uf_disable_surveys":false},"product_brand":[1217],"product_cat":[240,1035,40,41],"product_tag":[303,1020,315,778,313,255,1140,823,1036,727,1102,1038,1166,263],"class_list":{"0":"post-28914","1":"product","2":"type-product","3":"status-publish","4":"has-post-thumbnail","6":"product_brand-ibags-belts","7":"product_cat-bolsos-bandoleras-de-cuero-artesanal","8":"product_cat-bolso-de-cuero-italiano","9":"product_cat-bolsos-de-hombro","10":"product_cat-shoppers","11":"product_tag-bolso-bohemian","12":"product_tag-bolso-boho","13":"product_tag-bolso-cuero-artesano","14":"product_tag-bolso-cuero-de-vaca","15":"product_tag-bolso-cuero-hecho-a-mano","16":"product_tag-bolso-cuero-mujer","17":"product_tag-bolso-hombro","18":"product_tag-bolso-piel","19":"product_tag-bolso-piel-italiano","20":"product_tag-bolsos-bandoleras-cuero","21":"product_tag-piel","22":"product_tag-piel-lavada","23":"product_tag-shopper","24":"product_tag-bolso-cuero-artesanal-bolso-cuero-artesanal-hombre-bolso-cuero-boho-bolso-cuero-con-tachuelas-bolsos-cuero-caballero-bolso-cuero-de-hombre-bolso-cuero-de-viaje","26":"first","27":"instock","28":"shipping-taxable","29":"purchasable","30":"product-type-simple","31":"add-to-wishlist-after_add_to_cart","32":"layout-style-1","33":"col-md-4 col-sm-4 col-xs-6","34":"col-lg-3","35":"product-has-gallery","36":"product-style-default"},"aioseo_notices":[],"_links":{"self":[{"href":"https:\/\/www.ibagsbelts.com\/tienda\/wp-json\/wp\/v2\/product\/28914","targetHints":{"allow":["GET"]}}],"collection":[{"href":"https:\/\/www.ibagsbelts.com\/tienda\/wp-json\/wp\/v2\/product"}],"about":[{"href":"https:\/\/www.ibagsbelts.com\/tienda\/wp-json\/wp\/v2\/types\/product"}],"replies":[{"embeddable":true,"href":"https:\/\/www.ibagsbelts.com\/tienda\/wp-json\/wp\/v2\/comments?post=28914"}],"wp:featuredmedia":[{"embeddable":true,"href":"https:\/\/www.ibagsbelts.com\/tienda\/wp-json\/wp\/v2\/media\/28915"}],"wp:attachment":[{"href":"https:\/\/www.ibagsbelts.com\/tienda\/wp-json\/wp\/v2\/media?parent=28914"}],"wp:term":[{"taxonomy":"product_brand","embeddable":true,"href":"https:\/\/www.ibagsbelts.com\/tienda\/wp-json\/wp\/v2\/product_brand?post=28914"},{"taxonomy":"product_cat","embeddable":true,"href":"https:\/\/www.ibagsbelts.com\/tienda\/wp-json\/wp\/v2\/product_cat?post=28914"},{"taxonomy":"product_tag","embeddable":true,"href":"https:\/\/www.ibagsbelts.com\/tienda\/wp-json\/wp\/v2\/product_tag?post=28914"}],"curies":[{"name":"wp","href":"https:\/\/api.w.org\/{rel}","templated":true}]}}