{"id":29048,"date":"2024-04-28T12:46:10","date_gmt":"2024-04-28T10:46:10","guid":{"rendered":"https:\/\/www.ibagsbelts.com\/tienda\/?post_type=product&#038;p=29048"},"modified":"2026-03-14T09:03:29","modified_gmt":"2026-03-14T08:03:29","slug":"bolso-de-hombro-en-piel-azul-cosido-a-mano-en-relieve-matilda","status":"publish","type":"product","link":"https:\/\/www.ibagsbelts.com\/tienda\/producto\/bolso-de-hombro-en-piel-azul-cosido-a-mano-en-relieve-matilda\/","title":{"rendered":"Bolso de hombro en piel azul cosido a mano en relieve Matilda"},"content":{"rendered":"<p style=\"text-align: left;\">Este bolso bandolera ofrece un hermoso dise\u00f1o ideal para el uso diario. Est\u00e1 confeccionado con piel vintage tejida a mano, lo que le confiere un aspecto suave y holgado. Cuenta con asas dobles ajustables con hebillas, correas con cintur\u00f3n para bandolera. Cierre principal \u00a0con cremallera.<\/p>\n<p style=\"text-align: left;\">Adem\u00e1s en el interior, incluye un gran bolsillo lateral con cremallera y dos bolsillos abiertos para mantener el tel\u00e9fono y las llaves al alcance.<\/p>\n<p style=\"text-align: left;\">El bolso est\u00e1 elaborado con piel verdadera lavada y cosida a mano en relieve, lo que resalta su acabado precioso y su estructura m\u00f3rbida. Viene equipado con una correa de cuero suave ajustable que permite llevarlo tanto en bandolera como al hombro, gracias a las correas de hebilla ajustables.<\/p>\n<p style=\"text-align: left;\">Con su cuero italiano vintage lavado suave y sus medidas de 50 cm de largo x 17 cm de ancho x 30 cm de alto, este bolso es una elecci\u00f3n elegante y funcional para el d\u00eda a d\u00eda.<\/p>\n<p style=\"text-align: left;\"><strong>Aviso importante<\/strong><\/p>\n<p style=\"text-align: left;\">Todos nuestros productos de cuero est\u00e1n hechos a mano y su nueva bolsa de cuero puede estar sujeta a una variaci\u00f3n natural en tama\u00f1o y color.<br \/>\nPara los tama\u00f1os, permita 1-2 cm difiere debido a la medida manual.<br \/>\nLas im\u00e1genes son 100% reales.<br \/>\nDebido al monitor del ordenador y el brillo real de la toma y otras razones, habr\u00e1 una cierta diferencia de color.<\/p>\n<!-- AddThis Advanced Settings generic via filter on the_content --><!-- AddThis Share Buttons generic via filter on the_content -->","protected":false},"excerpt":{"rendered":"<p style=\"text-align: left;\">Este bolso bandolera ofrece un hermoso dise\u00f1o ideal para el uso diario. Est\u00e1 confeccionado con piel vintage tejida a mano, lo que le confiere un aspecto suave y holgado. Cierre principal con cremallera. Cuenta con asas dobles ajustables con hebillas, correas con cintur\u00f3n para bandolera.<\/p>\n<p style=\"text-align: left;\">El bolso est\u00e1 elaborado con piel verdadera lavada y cosida a mano en relieve, lo que resalta su acabado precioso y su estructura m\u00f3rbida. Viene equipado con una correa de cuero suave ajustable que permite llevarlo tanto en bandolera como al hombro, gracias a las correas de hebilla ajustables.<\/p>\n<p style=\"text-align: left;\">Con su cuero italiano vintage lavado suave y sus medidas de 50 cm de largo x 17 cm de ancho x 30 cm de alto, este bolso es una elecci\u00f3n elegante y funcional para el d\u00eda a d\u00eda.<\/p>\n<div class=\"woocommerce-product-details__short-description\">\n<h5 style=\"text-align: center;\"><strong>\u00bfAlguna duda? Ponte en contacto con nosotros a trav\u00e9s del bot\u00f3n del chat directo por WhatsApp y te resolveremos las dudas al instante!<\/strong><\/h5>\n<\/div>\n<p><!-- AddThis Advanced Settings generic via filter on get_the_excerpt --><!-- AddThis Share Buttons generic via filter on get_the_excerpt --><\/p>\n","protected":false},"featured_media":29049,"comment_status":"open","ping_status":"closed","template":"","meta":{"om_disable_all_campaigns":false,"_monsterinsights_skip_tracking":false,"_monsterinsights_sitenote_active":false,"_monsterinsights_sitenote_note":"","_monsterinsights_sitenote_category":0,"_uf_show_specific_survey":0,"_uf_disable_surveys":false},"product_brand":[1217],"product_cat":[240,1035,40,41],"product_tag":[301,877,736,737,266,299,305,315,268,313,255,823,1036,784,727,302,743,1102,1038],"class_list":{"0":"post-29048","1":"product","2":"type-product","3":"status-publish","4":"has-post-thumbnail","6":"product_brand-ibags-belts","7":"product_cat-bolsos-bandoleras-de-cuero-artesanal","8":"product_cat-bolso-de-cuero-italiano","9":"product_cat-bolsos-de-hombro","10":"product_cat-shoppers","11":"product_tag-bandolera","12":"product_tag-bandoleras","13":"product_tag-boho","14":"product_tag-bohochic","15":"product_tag-bolso-bohemian-bolso-cuero-repujado-bolsos-cuero-retro-bolso-shopper-cuero-bolso-cuero-trenzado-bolso-cuero-troquelado","16":"product_tag-bolso-cuero","17":"product_tag-bolso-cuero-artesanal","18":"product_tag-bolso-cuero-artesano","19":"product_tag-bolso-cuero-boho-bolso-cuero-con-tachuelas-bolsos-cuero-caballero-bolso-cuero-de-hombre-bolso-cuero-de-viaje-bolso-cuero-de-vaca-bolso-de-cuero-artesanal-bolso-de-cuero","20":"product_tag-bolso-cuero-hecho-a-mano","21":"product_tag-bolso-cuero-mujer","22":"product_tag-bolso-piel","23":"product_tag-bolso-piel-italiano","24":"product_tag-bolso-trenzados","25":"product_tag-bolsos-bandoleras-cuero","26":"product_tag-bolsos-de-cuero","27":"product_tag-estilo-boho","28":"product_tag-piel","29":"product_tag-piel-lavada","31":"first","32":"outofstock","33":"shipping-taxable","34":"purchasable","35":"product-type-simple","36":"add-to-wishlist-after_add_to_cart","37":"layout-style-1","38":"col-md-4 col-sm-4 col-xs-6","39":"col-lg-3","40":"product-has-gallery","41":"product-style-default"},"aioseo_notices":[],"_links":{"self":[{"href":"https:\/\/www.ibagsbelts.com\/tienda\/wp-json\/wp\/v2\/product\/29048","targetHints":{"allow":["GET"]}}],"collection":[{"href":"https:\/\/www.ibagsbelts.com\/tienda\/wp-json\/wp\/v2\/product"}],"about":[{"href":"https:\/\/www.ibagsbelts.com\/tienda\/wp-json\/wp\/v2\/types\/product"}],"replies":[{"embeddable":true,"href":"https:\/\/www.ibagsbelts.com\/tienda\/wp-json\/wp\/v2\/comments?post=29048"}],"wp:featuredmedia":[{"embeddable":true,"href":"https:\/\/www.ibagsbelts.com\/tienda\/wp-json\/wp\/v2\/media\/29049"}],"wp:attachment":[{"href":"https:\/\/www.ibagsbelts.com\/tienda\/wp-json\/wp\/v2\/media?parent=29048"}],"wp:term":[{"taxonomy":"product_brand","embeddable":true,"href":"https:\/\/www.ibagsbelts.com\/tienda\/wp-json\/wp\/v2\/product_brand?post=29048"},{"taxonomy":"product_cat","embeddable":true,"href":"https:\/\/www.ibagsbelts.com\/tienda\/wp-json\/wp\/v2\/product_cat?post=29048"},{"taxonomy":"product_tag","embeddable":true,"href":"https:\/\/www.ibagsbelts.com\/tienda\/wp-json\/wp\/v2\/product_tag?post=29048"}],"curies":[{"name":"wp","href":"https:\/\/api.w.org\/{rel}","templated":true}]}}