{"id":29102,"date":"2024-04-30T23:46:39","date_gmt":"2024-04-30T21:46:39","guid":{"rendered":"https:\/\/www.ibagsbelts.com\/tienda\/?post_type=product&#038;p=29102"},"modified":"2025-05-10T16:19:50","modified_gmt":"2025-05-10T14:19:50","slug":"bandolera-de-piel-rosa-palo-con-cinturon-decorativo-wendy","status":"publish","type":"product","link":"https:\/\/www.ibagsbelts.com\/tienda\/producto\/bandolera-de-piel-rosa-palo-con-cinturon-decorativo-wendy\/","title":{"rendered":"Bandolera de piel rosa palo con cintur\u00f3n decorativo Wendy"},"content":{"rendered":"<p style=\"text-align: left;\">Descubre nuestra exclusiva bandolera de piel italiana, dise\u00f1ada con detalle de cintur\u00f3n decorativo que le confieren un estilo \u00fanico y moderno. Su cierre con bot\u00f3n magn\u00e9tico garantiza la seguridad de tus pertenencias, mientras que el acceso con cremallera a cada compartimento te brinda una organizaci\u00f3n \u00f3ptima.<\/p>\n<p style=\"text-align: left;\">En su interior, encontrar\u00e1s un bolsillo con cremallera y un compartimento abierto para almacenar tus objetos de forma segura y ordenada. Adem\u00e1s, la comodidad de uso se complementa con la correa larga ajustable, que te permite llevarla de manera pr\u00e1ctica y c\u00f3moda.<\/p>\n<p style=\"text-align: left;\">Fabricada en piel natural vintage, esta bandolera es sin\u00f3nimo de durabilidad y resistencia. Su piel vacuna s\u00f3lida y resistente a los ara\u00f1azos y a las inclemencias del tiempo la convierten en el compa\u00f1ero perfecto para tu d\u00eda a d\u00eda y tus grandes salidas.<\/p>\n<p style=\"text-align: left;\">Una vez que conozcas este bolso messenger, no podr\u00e1s pasar un d\u00eda m\u00e1s sin \u00e9l. \u00a1Hazte con el tuyo hoy mismo y eleva tu estilo a un nivel superior!<\/p>\n<p style=\"text-align: left;\">Medidas: 37 cm de largo x 6 cm de ancho x 26 cm de alto.<\/p>\n<p style=\"text-align: left;\"><strong>Aviso importante<\/strong><\/p>\n<p style=\"text-align: left;\">Todos nuestros productos de cuero est\u00e1n hechos a mano y su nueva bolsa de cuero puede estar sujeta a una variaci\u00f3n natural en tama\u00f1o y color.<br \/>\nPara los tama\u00f1os, permita 1-2 cm difiere debido a la medida manual.<br \/>\nLas im\u00e1genes son 100% reales.<br \/>\nDebido al monitor del ordenador y el brillo real de la toma y otras razones, habr\u00e1 una cierta diferencia de color.<\/p>\n<!-- AddThis Advanced Settings generic via filter on the_content --><!-- AddThis Share Buttons generic via filter on the_content -->","protected":false},"excerpt":{"rendered":"<p style=\"text-align: left;\">Descubre nuestra exclusiva bandolera de piel italiana, dise\u00f1ada con detalle de cintur\u00f3n decorativo que le confieren un estilo \u00fanico y moderno. Su cierre con bot\u00f3n magn\u00e9tico garantiza la seguridad de tus pertenencias, mientras que el acceso con cremallera a cada compartimento te brinda una organizaci\u00f3n \u00f3ptima.<\/p>\n<p style=\"text-align: left;\">En su interior, encontrar\u00e1s un bolsillo con cremallera y un compartimento abierto para almacenar tus objetos de forma segura y ordenada. Adem\u00e1s, la comodidad de uso se complementa con la correa larga ajustable, que te permite llevarla de manera pr\u00e1ctica y c\u00f3moda.<\/p>\n<p style=\"text-align: left;\">Fabricada en piel natural vintage, esta bandolera es sin\u00f3nimo de durabilidad y resistencia. Su piel vacuna s\u00f3lida y resistente a los ara\u00f1azos y a las inclemencias del tiempo la convierten en el compa\u00f1ero perfecto para tu d\u00eda a d\u00eda y tus grandes salidas.<\/p>\n<p style=\"text-align: left;\">Una vez que conozcas este bolso messenger, no podr\u00e1s pasar un d\u00eda m\u00e1s sin \u00e9l. \u00a1Hazte con el tuyo hoy mismo y eleva tu estilo a un nivel superior!<\/p>\n<p style=\"text-align: left;\">Medidas: 37 cm de largo x 6 cm de ancho x 26 cm de alto.<\/p>\n<p style=\"text-align: center;\"><b style=\"font-family: 'Roboto Slab'; font-size: 14px;\">\u00bfAlguna duda? Ponte en contacto con nosotros a trav\u00e9s del bot\u00f3n del chat directo por WhatsApp y te resolveremos las dudas al instante!<\/b><\/p>\n<p><!-- AddThis Advanced Settings generic via filter on get_the_excerpt --><!-- AddThis Share Buttons generic via filter on get_the_excerpt --><\/p>\n","protected":false},"featured_media":29103,"comment_status":"open","ping_status":"closed","template":"","meta":{"om_disable_all_campaigns":false,"_monsterinsights_skip_tracking":false,"_monsterinsights_sitenote_active":false,"_monsterinsights_sitenote_note":"","_monsterinsights_sitenote_category":0,"_uf_show_specific_survey":0,"_uf_disable_surveys":false},"product_brand":[1217],"product_cat":[240,38,1035,40],"product_tag":[1096,301,877,266,299,305,315,313,255,823,1036,784,727,302,1102,1038,1123],"class_list":{"0":"post-29102","1":"product","2":"type-product","3":"status-publish","4":"has-post-thumbnail","6":"product_brand-ibags-belts","7":"product_cat-bolsos-bandoleras-de-cuero-artesanal","8":"product_cat-bolsos-de-cuero-artesanales","9":"product_cat-bolso-de-cuero-italiano","10":"product_cat-bolsos-de-hombro","11":"product_tag-artesania","12":"product_tag-bandolera","13":"product_tag-bandoleras","14":"product_tag-bolso-bohemian-bolso-cuero-repujado-bolsos-cuero-retro-bolso-shopper-cuero-bolso-cuero-trenzado-bolso-cuero-troquelado","15":"product_tag-bolso-cuero","16":"product_tag-bolso-cuero-artesanal","17":"product_tag-bolso-cuero-artesano","18":"product_tag-bolso-cuero-hecho-a-mano","19":"product_tag-bolso-cuero-mujer","20":"product_tag-bolso-piel","21":"product_tag-bolso-piel-italiano","22":"product_tag-bolso-trenzados","23":"product_tag-bolsos-bandoleras-cuero","24":"product_tag-bolsos-de-cuero","25":"product_tag-piel","26":"product_tag-piel-lavada","27":"product_tag-vintage","29":"first","30":"instock","31":"shipping-taxable","32":"purchasable","33":"product-type-simple","34":"add-to-wishlist-after_add_to_cart","35":"layout-style-1","36":"col-md-4 col-sm-4 col-xs-6","37":"col-lg-3","38":"product-has-gallery","39":"product-style-default"},"aioseo_notices":[],"_links":{"self":[{"href":"https:\/\/www.ibagsbelts.com\/tienda\/wp-json\/wp\/v2\/product\/29102","targetHints":{"allow":["GET"]}}],"collection":[{"href":"https:\/\/www.ibagsbelts.com\/tienda\/wp-json\/wp\/v2\/product"}],"about":[{"href":"https:\/\/www.ibagsbelts.com\/tienda\/wp-json\/wp\/v2\/types\/product"}],"replies":[{"embeddable":true,"href":"https:\/\/www.ibagsbelts.com\/tienda\/wp-json\/wp\/v2\/comments?post=29102"}],"wp:featuredmedia":[{"embeddable":true,"href":"https:\/\/www.ibagsbelts.com\/tienda\/wp-json\/wp\/v2\/media\/29103"}],"wp:attachment":[{"href":"https:\/\/www.ibagsbelts.com\/tienda\/wp-json\/wp\/v2\/media?parent=29102"}],"wp:term":[{"taxonomy":"product_brand","embeddable":true,"href":"https:\/\/www.ibagsbelts.com\/tienda\/wp-json\/wp\/v2\/product_brand?post=29102"},{"taxonomy":"product_cat","embeddable":true,"href":"https:\/\/www.ibagsbelts.com\/tienda\/wp-json\/wp\/v2\/product_cat?post=29102"},{"taxonomy":"product_tag","embeddable":true,"href":"https:\/\/www.ibagsbelts.com\/tienda\/wp-json\/wp\/v2\/product_tag?post=29102"}],"curies":[{"name":"wp","href":"https:\/\/api.w.org\/{rel}","templated":true}]}}