{"id":29133,"date":"2024-05-01T22:00:53","date_gmt":"2024-05-01T20:00:53","guid":{"rendered":"https:\/\/www.ibagsbelts.com\/tienda\/?post_type=product&#038;p=29133"},"modified":"2026-03-13T20:03:23","modified_gmt":"2026-03-13T19:03:23","slug":"bolso-bandolera-de-piel-azul-con-solapa-trenzada-kimberly","status":"publish","type":"product","link":"https:\/\/www.ibagsbelts.com\/tienda\/producto\/bolso-bandolera-de-piel-azul-con-solapa-trenzada-kimberly\/","title":{"rendered":"Bolso bandolera de piel azul con solapa trenzada Kimberly"},"content":{"rendered":"<p style=\"text-align: left;\">\u00a1Descubre la elegancia y la funcionalidad con nuestro bolso bandolera de tama\u00f1o mediano! Este bolso est\u00e1 confeccionado en piel aut\u00e9ntica, lo que le otorga durabilidad y un aspecto sofisticado. Destaca por su tejido estrecho en el panel frontal, que le a\u00f1ade un toque \u00fanico y distintivo.<\/p>\n<p style=\"text-align: left;\">Totalmente forrado en lona de algod\u00f3n, este bolso ofrece un interior espacioso y resistente. Adem\u00e1s, cuenta con un peculiar dise\u00f1o de tachuelas en la parte delantera, que le confiere un estilo moderno y llamativo.<\/p>\n<p style=\"text-align: left;\">Explora nuestra colecci\u00f3n completa de bolsos en <a href=\"https:\/\/www.ibagsbelts.com\/tienda\/?s=azul\"><strong>azul<\/strong><\/a> para encontrar el complemento perfecto para tu estilo. Adem\u00e1s, no te pierdas nuestra selecci\u00f3n de bolsos bandolera y bolsos con tejido estrecho para descubrir m\u00e1s opciones que se adapten a tus gustos y necesidades.<\/p>\n<p style=\"text-align: left;\">Con nuestro bolso bandolera de piel aut\u00e9ntica, estar\u00e1s lista para enfrentar cualquier aventura con estilo y elegancia. \u00a1Hazte con el tuyo hoy mismo!<\/p>\n<p style=\"text-align: left;\">Con medidas de 34 cm de alto x 26 cm de largo, este bolso es el complemento ideal para tu estilo \u00fanico. \u00a1Atr\u00e9vete a lucir este bolso y marca tendencia dondequiera que vayas!<\/p>\n<p style=\"text-align: left;\"><strong>Aviso importante<\/strong><\/p>\n<p>Todos nuestros productos de cuero est\u00e1n hechos a mano y su nueva bolsa de cuero puede estar sujeta a una variaci\u00f3n natural en tama\u00f1o y color.<br \/>\nPara los tama\u00f1os, permita 1-2 cm difiere debido a la medida manual.<br \/>\nLas im\u00e1genes son 100% reales.<br \/>\nDebido al monitor del ordenador y el brillo real de la toma y otras razones, habr\u00e1 una cierta diferencia de color.<\/p>\n<!-- AddThis Advanced Settings generic via filter on the_content --><!-- AddThis Share Buttons generic via filter on the_content -->","protected":false},"excerpt":{"rendered":"<p style=\"text-align: left;\">\u00a1Descubre la elegancia y la funcionalidad con nuestro bolso bandolera de tama\u00f1o mediano! Este bolso est\u00e1 confeccionado en piel aut\u00e9ntica, lo que le otorga durabilidad y un aspecto sofisticado. Destaca por su tejido estrecho en el panel frontal, que le a\u00f1ade un toque \u00fanico y distintivo.<\/p>\n<p style=\"text-align: left;\">Totalmente forrado en lona de algod\u00f3n, este bolso ofrece un interior espacioso y resistente. Adem\u00e1s, cuenta con un peculiar dise\u00f1o de tachuelas en la parte delantera, que le confiere un estilo moderno y llamativo.<\/p>\n<p style=\"text-align: left;\">Con medidas de 34 cm de alto x 26 cm de largo, este bolso es el complemento ideal para tu estilo \u00fanico. \u00a1Atr\u00e9vete a lucir este bolso y marca tendencia dondequiera que vayas!<\/p>\n<h5 style=\"text-align: center;\"><strong>\u00bfAlguna duda? Ponte en contacto con nosotros a trav\u00e9s del bot\u00f3n del chat directo por WhatsApp y te resolveremos las dudas al instante<\/strong><\/h5>\n<p><!-- AddThis Advanced Settings generic via filter on get_the_excerpt --><!-- AddThis Share Buttons generic via filter on get_the_excerpt --><\/p>\n","protected":false},"featured_media":29117,"comment_status":"open","ping_status":"closed","template":"","meta":{"om_disable_all_campaigns":false,"_monsterinsights_skip_tracking":false,"_monsterinsights_sitenote_active":false,"_monsterinsights_sitenote_note":"","_monsterinsights_sitenote_category":0,"_uf_show_specific_survey":0,"_uf_disable_surveys":false},"product_brand":[1217],"product_cat":[240,1035,40],"product_tag":[1135,1096,301,877,303,305,316,313,255,823,1036,784,727,281,753,743,744,1102,1038],"class_list":{"0":"post-29133","1":"product","2":"type-product","3":"status-publish","4":"has-post-thumbnail","6":"product_brand-ibags-belts","7":"product_cat-bolsos-bandoleras-de-cuero-artesanal","8":"product_cat-bolso-de-cuero-italiano","9":"product_cat-bolsos-de-hombro","10":"product_tag-accesorios-y-complementos","11":"product_tag-artesania","12":"product_tag-bandolera","13":"product_tag-bandoleras","14":"product_tag-bolso-bohemian","15":"product_tag-bolso-cuero-artesanal","16":"product_tag-bolso-cuero-con-tachuelas","17":"product_tag-bolso-cuero-hecho-a-mano","18":"product_tag-bolso-cuero-mujer","19":"product_tag-bolso-piel","20":"product_tag-bolso-piel-italiano","21":"product_tag-bolso-trenzados","22":"product_tag-bolsos-bandoleras-cuero","23":"product_tag-bolso-bohemian-bolso-cuero-para-hombre-bolso-cuero-repujado-bolsos-cuero-retro-bolso-shopper-cuero-bolso-cuero-trenzado-bolso-cuero-troquelado-bolso-cuero-vaca-bolso-cuero-viaje-hombre","24":"product_tag-complementos-de-cuero","25":"product_tag-estilo-boho","26":"product_tag-estilo-bohochic","27":"product_tag-piel","28":"product_tag-piel-lavada","30":"first","31":"instock","32":"shipping-taxable","33":"purchasable","34":"product-type-simple","35":"add-to-wishlist-after_add_to_cart","36":"layout-style-1","37":"col-md-4 col-sm-4 col-xs-6","38":"col-lg-3","39":"product-has-gallery","40":"product-style-default"},"aioseo_notices":[],"_links":{"self":[{"href":"https:\/\/www.ibagsbelts.com\/tienda\/wp-json\/wp\/v2\/product\/29133","targetHints":{"allow":["GET"]}}],"collection":[{"href":"https:\/\/www.ibagsbelts.com\/tienda\/wp-json\/wp\/v2\/product"}],"about":[{"href":"https:\/\/www.ibagsbelts.com\/tienda\/wp-json\/wp\/v2\/types\/product"}],"replies":[{"embeddable":true,"href":"https:\/\/www.ibagsbelts.com\/tienda\/wp-json\/wp\/v2\/comments?post=29133"}],"wp:featuredmedia":[{"embeddable":true,"href":"https:\/\/www.ibagsbelts.com\/tienda\/wp-json\/wp\/v2\/media\/29117"}],"wp:attachment":[{"href":"https:\/\/www.ibagsbelts.com\/tienda\/wp-json\/wp\/v2\/media?parent=29133"}],"wp:term":[{"taxonomy":"product_brand","embeddable":true,"href":"https:\/\/www.ibagsbelts.com\/tienda\/wp-json\/wp\/v2\/product_brand?post=29133"},{"taxonomy":"product_cat","embeddable":true,"href":"https:\/\/www.ibagsbelts.com\/tienda\/wp-json\/wp\/v2\/product_cat?post=29133"},{"taxonomy":"product_tag","embeddable":true,"href":"https:\/\/www.ibagsbelts.com\/tienda\/wp-json\/wp\/v2\/product_tag?post=29133"}],"curies":[{"name":"wp","href":"https:\/\/api.w.org\/{rel}","templated":true}]}}