{"id":29137,"date":"2024-05-01T22:37:45","date_gmt":"2024-05-01T20:37:45","guid":{"rendered":"https:\/\/www.ibagsbelts.com\/tienda\/?post_type=product&#038;p=29137"},"modified":"2026-03-13T19:59:53","modified_gmt":"2026-03-13T18:59:53","slug":"bolso-bandolera-beige-en-piel-lavada-estilo-boho-mariah","status":"publish","type":"product","link":"https:\/\/www.ibagsbelts.com\/tienda\/producto\/bolso-bandolera-beige-en-piel-lavada-estilo-boho-mariah\/","title":{"rendered":"Bolso bandolera beige en piel lavada estilo boho Mariah"},"content":{"rendered":"<p style=\"text-align: left;\">Bandolera de piel Italiana para el d\u00eda y noche con nuestro impresionante bandolera de piel envejecida. Con solapa. Bolsillo y secciones interiores para mantenerte organizado.<\/p>\n<p style=\"text-align: left;\">Un cl\u00e1sico bolso de cartero en la versi\u00f3n <a href=\"https:\/\/www.ibagsbelts.com\/tienda\/?s=boho\"><strong>boho<\/strong><\/a>. Alto nivel de elaboraci\u00f3n obtenido gracias al uso del mejor cuero y a la precisi\u00f3n italiana de elaboraci\u00f3n. El bolso est\u00e1 cosido a mano y te\u00f1ido seg\u00fan las \u00faltimas tendencias en las mejores curtidur\u00edas italianas, gracias a lo cual cada pieza es \u00fanica e irrepetible. La estructura variable del rostro es un elemento de dise\u00f1o del producto que demuestra su autenticidad. Un bolso de aspecto antiguo (envejecido) se caracteriza por ser ultra agradable al tacto, gracias a lo cual no querr\u00e1s desprenderte de \u00e9l. El acceso al interior del bolso est\u00e1 doblemente asegurado con una solapa y cierre con cremallera. El centro est\u00e1 adornado con un forro. Tres bolsillos interiores: \u00a0dos abiertos y uno con cremallera. Correa para bandolera ajustable hace que sea c\u00f3modo de llevar. Escucha tus deseos ocultos y d\u00e9jate seducir por la marca IBAGS BELTS<\/p>\n<p style=\"text-align: left;\">Correa de cuero suave ajustable larga 115 cm. Medidas: 34 cm x 10 cm x 27 cm.<\/p>\n<p style=\"text-align: left;\">C<span style=\"font-size: 1.4rem;\">remallera interna. Interior de tela con bolsillos con cremallera.\u00a0<\/span>Bags, Messenger y Crossbody<\/p>\n<p style=\"text-align: left;\"><strong>Aviso importante<\/strong><\/p>\n<p style=\"text-align: left;\">Todos nuestros productos de cuero est\u00e1n hechos a mano y su nueva bolsa de cuero puede estar sujeta a una variaci\u00f3n natural en tama\u00f1o y color.<br \/>\nPara los tama\u00f1os, permita 1-2 cm difiere debido a la medida manual.<br \/>\nLas im\u00e1genes son 100% reales.<br \/>\nDebido al monitor del ordenador y el brillo real de la toma y otras razones, habr\u00e1 una cierta diferencia de color.<\/p>\n<!-- AddThis Advanced Settings generic via filter on the_content --><!-- AddThis Share Buttons generic via filter on the_content -->","protected":false},"excerpt":{"rendered":"<p style=\"text-align: left;\">Bandolera de piel Italiana para el d\u00eda y noche con nuestro impresionante bandolera de piel envejecida. Con solapa. Bolsillo y secciones interiores para mantenerte organizado.<\/p>\n<p style=\"text-align: left;\">Un cl\u00e1sico bolso de cartero en la versi\u00f3n boho. Alto nivel de elaboraci\u00f3n obtenido gracias al uso del mejor cuero y a la precisi\u00f3n italiana de elaboraci\u00f3n. El bolso est\u00e1 cosido a mano y te\u00f1ido seg\u00fan las \u00faltimas tendencias en las mejores curtidur\u00edas italianas, gracias a lo cual cada pieza es \u00fanica e irrepetible.<\/p>\n<p style=\"text-align: left;\">La estructura variable del rostro es un elemento de dise\u00f1o del producto que demuestra su autenticidad. Un bolso de aspecto antiguo (envejecido) se caracteriza por ser ultra agradable al tacto, gracias a lo cual no querr\u00e1s desprenderte de \u00e9l. El acceso al interior del bolso est\u00e1 doblemente asegurado con una solapa y cierre con cremallera. El centro est\u00e1 adornado con un forro. Tres bolsillos interiores: \u00a0dos abiertos y uno con cremallera. Correa para bandolera ajustable hace que sea c\u00f3modo de llevar. Correa de cuero suave ajustable larga 115 cm. Medidas: 34 cm x 10 cm x 27 cm.<\/p>\n<p style=\"text-align: left;\">C<span style=\"font-size: 1.4rem;\">remallera interna. Interior de tela con bolsillos con cremallera.\u00a0<\/span>Bags, Messenger y Crossbody<\/p>\n<h5 style=\"text-align: center;\"><strong>\u00bfAlguna duda? Ponte en contacto con nosotros a trav\u00e9s del bot\u00f3n del chat directo por whatsApp y te resolveremos las dudas al instante!<\/strong><\/h5>\n<p><!-- AddThis Advanced Settings generic via filter on get_the_excerpt --><!-- AddThis Share Buttons generic via filter on get_the_excerpt --><\/p>\n","protected":false},"featured_media":29167,"comment_status":"open","ping_status":"closed","template":"","meta":{"om_disable_all_campaigns":false,"_monsterinsights_skip_tracking":false,"_monsterinsights_sitenote_active":false,"_monsterinsights_sitenote_note":"","_monsterinsights_sitenote_category":0,"_uf_show_specific_survey":0,"_uf_disable_surveys":false},"product_brand":[1217],"product_cat":[240,1035],"product_tag":[301,877,266,305,315,313,255,823,1036,302,744,1102,1038],"class_list":{"0":"post-29137","1":"product","2":"type-product","3":"status-publish","4":"has-post-thumbnail","6":"product_brand-ibags-belts","7":"product_cat-bolsos-bandoleras-de-cuero-artesanal","8":"product_cat-bolso-de-cuero-italiano","9":"product_tag-bandolera","10":"product_tag-bandoleras","11":"product_tag-bolso-bohemian-bolso-cuero-repujado-bolsos-cuero-retro-bolso-shopper-cuero-bolso-cuero-trenzado-bolso-cuero-troquelado","12":"product_tag-bolso-cuero-artesanal","13":"product_tag-bolso-cuero-artesano","14":"product_tag-bolso-cuero-hecho-a-mano","15":"product_tag-bolso-cuero-mujer","16":"product_tag-bolso-piel","17":"product_tag-bolso-piel-italiano","18":"product_tag-bolsos-de-cuero","19":"product_tag-estilo-bohochic","20":"product_tag-piel","21":"product_tag-piel-lavada","23":"first","24":"outofstock","25":"shipping-taxable","26":"purchasable","27":"product-type-simple","28":"add-to-wishlist-after_add_to_cart","29":"layout-style-1","30":"col-md-4 col-sm-4 col-xs-6","31":"col-lg-3","32":"product-has-gallery","33":"product-style-default"},"aioseo_notices":[],"_links":{"self":[{"href":"https:\/\/www.ibagsbelts.com\/tienda\/wp-json\/wp\/v2\/product\/29137","targetHints":{"allow":["GET"]}}],"collection":[{"href":"https:\/\/www.ibagsbelts.com\/tienda\/wp-json\/wp\/v2\/product"}],"about":[{"href":"https:\/\/www.ibagsbelts.com\/tienda\/wp-json\/wp\/v2\/types\/product"}],"replies":[{"embeddable":true,"href":"https:\/\/www.ibagsbelts.com\/tienda\/wp-json\/wp\/v2\/comments?post=29137"}],"wp:featuredmedia":[{"embeddable":true,"href":"https:\/\/www.ibagsbelts.com\/tienda\/wp-json\/wp\/v2\/media\/29167"}],"wp:attachment":[{"href":"https:\/\/www.ibagsbelts.com\/tienda\/wp-json\/wp\/v2\/media?parent=29137"}],"wp:term":[{"taxonomy":"product_brand","embeddable":true,"href":"https:\/\/www.ibagsbelts.com\/tienda\/wp-json\/wp\/v2\/product_brand?post=29137"},{"taxonomy":"product_cat","embeddable":true,"href":"https:\/\/www.ibagsbelts.com\/tienda\/wp-json\/wp\/v2\/product_cat?post=29137"},{"taxonomy":"product_tag","embeddable":true,"href":"https:\/\/www.ibagsbelts.com\/tienda\/wp-json\/wp\/v2\/product_tag?post=29137"}],"curies":[{"name":"wp","href":"https:\/\/api.w.org\/{rel}","templated":true}]}}