{"id":29469,"date":"2024-05-18T15:39:14","date_gmt":"2024-05-18T13:39:14","guid":{"rendered":"https:\/\/www.ibagsbelts.com\/tienda\/?post_type=product&#038;p=29469"},"modified":"2026-03-12T23:07:08","modified_gmt":"2026-03-12T22:07:08","slug":"bolso-tote-trenzado-de-piel-lavada-rosa-palo-brenda","status":"publish","type":"product","link":"https:\/\/www.ibagsbelts.com\/tienda\/producto\/bolso-tote-trenzado-de-piel-lavada-rosa-palo-brenda\/","title":{"rendered":"Bolso tote trenzado de piel lavada rosa palo Brenda"},"content":{"rendered":"<p style=\"text-align: left;\">Descubre una pieza favorita del estilo de vida italiano: \u00a1un bolso para los enamorados! Pr\u00e1ctico, de alta calidad y extremadamente atractivo, este bolso es absolutamente perfecto para el d\u00eda a d\u00eda, para salir o para hacer negocios. \u00a1Con este elegante bolso, seguro que atraer\u00e1s todas las miradas!<\/p>\n<p style=\"text-align: left;\">Fabricado con cuero s\u00faper hermoso y suave, el bolso se cierra de manera segura con una cremallera. El amplio y espacioso compartimento interior ofrece una incre\u00edble cantidad de espacio, ideal para todas tus pertenencias esenciales.<\/p>\n<p style=\"text-align: left;\">En su interior, encontrar\u00e1s un compartimento lateral con cremallera y dos peque\u00f1os bolsillos perfectos para tu tel\u00e9fono y cartera. Los detalles del equipo aseguran una funcionalidad \u00f3ptima:<\/p>\n<ul style=\"text-align: left;\">\n<li>Amplio compartimento principal con cremallera.<\/li>\n<li>Asas para llevar en la mano.<\/li>\n<li>Forro interior de algod\u00f3n.<\/li>\n<li>Dos peque\u00f1os bolsillos interiores y un compartimento interior lateral con cremallera.<\/li>\n<\/ul>\n<p style=\"text-align: left;\">Adem\u00e1s, incluye una correa para el hombro larga, extra\u00edble y ajustable, con una longitud de aproximadamente 90-120 cm, brind\u00e1ndote versatilidad en su uso.<\/p>\n<p style=\"text-align: left;\">Dimensiones: 30 cm (ancho) x 10 cm (profundidad) x 30 cm (alto).<\/p>\n<p style=\"text-align: left;\">Este bolso combina la funcionalidad con el estilo italiano, convirti\u00e9ndose en el complemento ideal para cualquier ocasi\u00f3n.<\/p>\n<!-- AddThis Advanced Settings generic via filter on the_content --><!-- AddThis Share Buttons generic via filter on the_content -->","protected":false},"excerpt":{"rendered":"<p style=\"text-align: left;\">Descubre una pieza favorita del estilo de vida italiano: \u00a1un bolso para los enamorados! Pr\u00e1ctico, de alta calidad y extremadamente atractivo, este bolso es absolutamente perfecto para el d\u00eda a d\u00eda, para salir o para hacer negocios. \u00a1Con este elegante bolso, seguro que atraer\u00e1s todas las miradas!<\/p>\n<p style=\"text-align: left;\">En su interior, encontrar\u00e1s un compartimento lateral con cremallera y dos peque\u00f1os bolsillos perfectos para tu tel\u00e9fono y cartera. Los detalles del equipo aseguran una funcionalidad \u00f3ptima:<\/p>\n<ul style=\"text-align: left;\">\n<li>Amplio compartimento principal con cremallera.<\/li>\n<li>Asas para llevar en la mano.<\/li>\n<li>Forro interior de algod\u00f3n.<\/li>\n<li>Dos peque\u00f1os bolsillos interiores y un compartimento interior lateral con cremallera.<\/li>\n<\/ul>\n<p style=\"text-align: left;\">Adem\u00e1s, incluye una correa para el hombro larga, extra\u00edble y ajustable, con una longitud de aproximadamente 90-120 cm, brind\u00e1ndote versatilidad en su uso.<\/p>\n<p style=\"text-align: left;\">Dimensiones: 30 cm (ancho) x 10 cm (profundidad) x 30 cm (alto).<\/p>\n<h5 style=\"text-align: center;\"><strong>\u00bfAlguna duda? Ponte en contacto con nosotros a trav\u00e9s del bot\u00f3n del chat directo por whatsApp y te resolveremos las dudas al instante!<\/strong><\/h5>\n<p><!-- AddThis Advanced Settings generic via filter on get_the_excerpt --><!-- AddThis Share Buttons generic via filter on get_the_excerpt --><\/p>\n","protected":false},"featured_media":29472,"comment_status":"open","ping_status":"closed","template":"","meta":{"om_disable_all_campaigns":false,"_monsterinsights_skip_tracking":false,"_monsterinsights_sitenote_active":false,"_monsterinsights_sitenote_note":"","_monsterinsights_sitenote_category":0,"_uf_show_specific_survey":0,"_uf_disable_surveys":false},"product_brand":[1217],"product_cat":[240,757,1035],"product_tag":[1096,301,877,266,303,255,823,1036,784,727,281,743,745,1102,1038,263,1023],"class_list":{"0":"post-29469","1":"product","2":"type-product","3":"status-publish","4":"has-post-thumbnail","6":"product_brand-ibags-belts","7":"product_cat-bolsos-bandoleras-de-cuero-artesanal","8":"product_cat-bolso-clutch","9":"product_cat-bolso-de-cuero-italiano","10":"product_tag-artesania","11":"product_tag-bandolera","12":"product_tag-bandoleras","13":"product_tag-bolso-bohemian-bolso-cuero-repujado-bolsos-cuero-retro-bolso-shopper-cuero-bolso-cuero-trenzado-bolso-cuero-troquelado","14":"product_tag-bolso-bohemian","15":"product_tag-bolso-cuero-mujer","16":"product_tag-bolso-piel","17":"product_tag-bolso-piel-italiano","18":"product_tag-bolso-trenzados","19":"product_tag-bolsos-bandoleras-cuero","20":"product_tag-bolso-bohemian-bolso-cuero-para-hombre-bolso-cuero-repujado-bolsos-cuero-retro-bolso-shopper-cuero-bolso-cuero-trenzado-bolso-cuero-troquelado-bolso-cuero-vaca-bolso-cuero-viaje-hombre","21":"product_tag-estilo-boho","22":"product_tag-estilo-hippie","23":"product_tag-piel","24":"product_tag-piel-lavada","25":"product_tag-bolso-cuero-artesanal-bolso-cuero-artesanal-hombre-bolso-cuero-boho-bolso-cuero-con-tachuelas-bolsos-cuero-caballero-bolso-cuero-de-hombre-bolso-cuero-de-viaje","26":"product_tag-tote","28":"first","29":"instock","30":"shipping-taxable","31":"purchasable","32":"product-type-simple","33":"add-to-wishlist-after_add_to_cart","34":"layout-style-1","35":"col-md-4 col-sm-4 col-xs-6","36":"col-lg-3","37":"product-has-gallery","38":"product-style-default"},"aioseo_notices":[],"_links":{"self":[{"href":"https:\/\/www.ibagsbelts.com\/tienda\/wp-json\/wp\/v2\/product\/29469","targetHints":{"allow":["GET"]}}],"collection":[{"href":"https:\/\/www.ibagsbelts.com\/tienda\/wp-json\/wp\/v2\/product"}],"about":[{"href":"https:\/\/www.ibagsbelts.com\/tienda\/wp-json\/wp\/v2\/types\/product"}],"replies":[{"embeddable":true,"href":"https:\/\/www.ibagsbelts.com\/tienda\/wp-json\/wp\/v2\/comments?post=29469"}],"wp:featuredmedia":[{"embeddable":true,"href":"https:\/\/www.ibagsbelts.com\/tienda\/wp-json\/wp\/v2\/media\/29472"}],"wp:attachment":[{"href":"https:\/\/www.ibagsbelts.com\/tienda\/wp-json\/wp\/v2\/media?parent=29469"}],"wp:term":[{"taxonomy":"product_brand","embeddable":true,"href":"https:\/\/www.ibagsbelts.com\/tienda\/wp-json\/wp\/v2\/product_brand?post=29469"},{"taxonomy":"product_cat","embeddable":true,"href":"https:\/\/www.ibagsbelts.com\/tienda\/wp-json\/wp\/v2\/product_cat?post=29469"},{"taxonomy":"product_tag","embeddable":true,"href":"https:\/\/www.ibagsbelts.com\/tienda\/wp-json\/wp\/v2\/product_tag?post=29469"}],"curies":[{"name":"wp","href":"https:\/\/api.w.org\/{rel}","templated":true}]}}