{"id":29567,"date":"2024-05-21T22:50:41","date_gmt":"2024-05-21T20:50:41","guid":{"rendered":"https:\/\/www.ibagsbelts.com\/tienda\/?post_type=product&#038;p=29567"},"modified":"2026-03-12T22:56:50","modified_gmt":"2026-03-12T21:56:50","slug":"bolso-bandolera-verde-c-en-piel-lavada-con-efecto-vintage-flora","status":"publish","type":"product","link":"https:\/\/www.ibagsbelts.com\/tienda\/producto\/bolso-bandolera-verde-c-en-piel-lavada-con-efecto-vintage-flora\/","title":{"rendered":"Bolso bandolera verde c en piel lavada con efecto vintage Flora"},"content":{"rendered":"<p>Este bolso bandolera es una verdadera joya del estilo italiano, elaborado artesanalmente por expertos en cuero en Italia. Fabricado con cuero bovino curtido con taninos vegetales y pulido a mano, este accesorio ofrece una sensaci\u00f3n agradable al tacto y un estilo inconfundible caracter\u00edstico de los art\u00edculos de cuero italiano.<\/p>\n<p><strong>Exterior:<\/strong><\/p>\n<ul>\n<li><strong>Material:<\/strong> Cuero bovino lavado y trenzado<\/li>\n<li><strong>Composici\u00f3n:<\/strong> Suave<\/li>\n<li><strong>Cierre:<\/strong> Cremallera<\/li>\n<li><strong>Asa:<\/strong> Piel<\/li>\n<li><strong>Bandolera:<\/strong> Piel ajustable y removible<\/li>\n<li><strong>Accesorios:<\/strong> Metal<\/li>\n<li><strong>Decoraci\u00f3n:<\/strong> Tachones de metal<\/li>\n<\/ul>\n<p><strong>Interior:<\/strong><\/p>\n<ul>\n<li><strong>Forro:<\/strong> Tela<\/li>\n<li><strong>Compartimentos:<\/strong> Un compartimento principal<\/li>\n<li><strong>Bolsillos:<\/strong> Dos bolsillos laterales para almacenar objetos y un bolsillo con solapa en piel con cierre de cremallera<\/li>\n<li><strong>Accesorios:<\/strong> Metal<\/li>\n<\/ul>\n<p><strong>Dimensiones:<\/strong><\/p>\n<ul>\n<li><strong>Ancho:<\/strong> 34 cm<\/li>\n<li><strong>Altura:<\/strong> 30 cm<\/li>\n<li><strong>Profundidad:<\/strong> 14 cm<\/li>\n<\/ul>\n<p>Este bolso, vendido directamente por la empresa que lo produce, es perfecto para el d\u00eda a d\u00eda, salidas o incluso para ocasiones m\u00e1s formales. Su dise\u00f1o trenzado, junto con la combinaci\u00f3n de asas y bandoleras ajustables, lo convierte en un accesorio vers\u00e1til y elegante que atraer\u00e1 todas las miradas.<\/p>\n<p style=\"text-align: left;\"><strong>Aviso importante<\/strong><\/p>\n<p style=\"text-align: left;\">Todos nuestros productos de cuero est\u00e1n hechos a mano y su nueva bolsa de cuero puede estar sujeta a una variaci\u00f3n natural en tama\u00f1o y color.<br \/>\nPara los tama\u00f1os, permita 1-2 cm difiere debido a la medida manual.<br \/>\nLas im\u00e1genes son 100% reales.<br \/>\nDebido al monitor del ordenador y el brillo real de la toma y otras razones, habr\u00e1 una cierta diferencia de color.<\/p>\n<!-- AddThis Advanced Settings generic via filter on the_content --><!-- AddThis Share Buttons generic via filter on the_content -->","protected":false},"excerpt":{"rendered":"<p style=\"text-align: left;\">Fabricado completamente en Italia por artesanos expertos del cuero mediante el uso de cuero bovino curtido con taninos vegetales y posteriormente pulido a mano.<\/p>\n<p style=\"text-align: left;\">La peculiaridad de este cuero natural ofrece un sensaci\u00f3n agradable al tacto y un estilo inconfundible de art\u00edculos de cuero italiano.<\/p>\n<p style=\"text-align: left;\">La venta del producto es realizada directamente por la empresa que lo produce.<\/p>\n<p style=\"text-align: left;\">EXTERIOR:<\/p>\n<p style=\"text-align: left;\">Cuero lavado trenzado,\u00a0composici\u00f3n suave,\u00a0cierre de cremallera,\u00a0\u00a0asa en piel,\u00a0\u00a0bandolera en piel ajustable y removible,\u00a0accesorios en metal,\u00a0tachones de metal<\/p>\n<p style=\"text-align: left;\">INTERIOR:<\/p>\n<p style=\"text-align: left;\">Forro interno de tela,\u00a0un compartimento,\u00a0dos bolsillos a los lados para almacenar objetos,\u00a0un bolsillo con solapa en piel y cierre con cremallera,\u00a0accesorios en metal<\/p>\n<p style=\"text-align: left;\">DIMENSIONES :<\/p>\n<p style=\"text-align: left;\">Ancho: 34cm | Altura: 30cm | Profundidad: 14cm<\/p>\n<h5 style=\"text-align: center;\"><strong>\u00bfAlguna duda? Ponte en contacto con nosotros a trav\u00e9s del bot\u00f3n del chat directo por WhatsApp y te resolveremos las dudas al instante!<\/strong><\/h5>\n<p><!-- AddThis Advanced Settings generic via filter on get_the_excerpt --><!-- AddThis Share Buttons generic via filter on get_the_excerpt --><\/p>\n","protected":false},"featured_media":29570,"comment_status":"open","ping_status":"closed","template":"","meta":{"om_disable_all_campaigns":false,"_monsterinsights_skip_tracking":false,"_monsterinsights_sitenote_active":false,"_monsterinsights_sitenote_note":"","_monsterinsights_sitenote_category":0,"_uf_show_specific_survey":0,"_uf_disable_surveys":false},"product_brand":[1217],"product_cat":[240,1035,40],"product_tag":[301,877,266,305,315,313,255,1140,823,1036,784,302,744,1048],"class_list":{"0":"post-29567","1":"product","2":"type-product","3":"status-publish","4":"has-post-thumbnail","6":"product_brand-ibags-belts","7":"product_cat-bolsos-bandoleras-de-cuero-artesanal","8":"product_cat-bolso-de-cuero-italiano","9":"product_cat-bolsos-de-hombro","10":"product_tag-bandolera","11":"product_tag-bandoleras","12":"product_tag-bolso-bohemian-bolso-cuero-repujado-bolsos-cuero-retro-bolso-shopper-cuero-bolso-cuero-trenzado-bolso-cuero-troquelado","13":"product_tag-bolso-cuero-artesanal","14":"product_tag-bolso-cuero-artesano","15":"product_tag-bolso-cuero-hecho-a-mano","16":"product_tag-bolso-cuero-mujer","17":"product_tag-bolso-hombro","18":"product_tag-bolso-piel","19":"product_tag-bolso-piel-italiano","20":"product_tag-bolso-trenzados","21":"product_tag-bolsos-de-cuero","22":"product_tag-estilo-bohochic","23":"product_tag-trenzado","25":"first","26":"instock","27":"shipping-taxable","28":"purchasable","29":"product-type-simple","30":"add-to-wishlist-after_add_to_cart","31":"layout-style-1","32":"col-md-4 col-sm-4 col-xs-6","33":"col-lg-3","34":"product-has-gallery","35":"product-style-default"},"aioseo_notices":[],"_links":{"self":[{"href":"https:\/\/www.ibagsbelts.com\/tienda\/wp-json\/wp\/v2\/product\/29567","targetHints":{"allow":["GET"]}}],"collection":[{"href":"https:\/\/www.ibagsbelts.com\/tienda\/wp-json\/wp\/v2\/product"}],"about":[{"href":"https:\/\/www.ibagsbelts.com\/tienda\/wp-json\/wp\/v2\/types\/product"}],"replies":[{"embeddable":true,"href":"https:\/\/www.ibagsbelts.com\/tienda\/wp-json\/wp\/v2\/comments?post=29567"}],"wp:featuredmedia":[{"embeddable":true,"href":"https:\/\/www.ibagsbelts.com\/tienda\/wp-json\/wp\/v2\/media\/29570"}],"wp:attachment":[{"href":"https:\/\/www.ibagsbelts.com\/tienda\/wp-json\/wp\/v2\/media?parent=29567"}],"wp:term":[{"taxonomy":"product_brand","embeddable":true,"href":"https:\/\/www.ibagsbelts.com\/tienda\/wp-json\/wp\/v2\/product_brand?post=29567"},{"taxonomy":"product_cat","embeddable":true,"href":"https:\/\/www.ibagsbelts.com\/tienda\/wp-json\/wp\/v2\/product_cat?post=29567"},{"taxonomy":"product_tag","embeddable":true,"href":"https:\/\/www.ibagsbelts.com\/tienda\/wp-json\/wp\/v2\/product_tag?post=29567"}],"curies":[{"name":"wp","href":"https:\/\/api.w.org\/{rel}","templated":true}]}}