{"id":29628,"date":"2024-06-06T12:52:36","date_gmt":"2024-06-06T10:52:36","guid":{"rendered":"https:\/\/www.ibagsbelts.com\/tienda\/?post_type=product&#038;p=29628"},"modified":"2026-03-12T22:52:04","modified_gmt":"2026-03-12T21:52:04","slug":"cinturon-de-piel-con-hebilla-rectangular-con-piedras-turquesas","status":"publish","type":"product","link":"https:\/\/www.ibagsbelts.com\/tienda\/producto\/cinturon-de-piel-con-hebilla-rectangular-con-piedras-turquesas\/","title":{"rendered":"Cintur\u00f3n de piel con hebilla rectangular con piedras turquesas"},"content":{"rendered":"<p style=\"text-align: left;\">Este cintur\u00f3n con hebilla de excelente calidad es el accesorio perfecto para elevar cualquier atuendo en tu armario. Ya sea que lo combines con vaqueros informales, pantalones de vestir o incluso con tu vestido favorito, este cintur\u00f3n seguramente atraer\u00e1 muchos elogios.<\/p>\n<p style=\"text-align: left;\">Dise\u00f1ado para aquellos que desean lucir a la moda sin comprometer sus principios \u00e9ticos, esta serie de productos demuestra que la moda puede ser divertida y compasiva al mismo tiempo. No importa el estilo de ropa que prefieras, este cintur\u00f3n se adapta perfectamente a cualquier ocasi\u00f3n, ya sea casual o elegante.<\/p>\n<p style=\"text-align: left;\">Elaborado por un dise\u00f1ador profesional. Este cintur\u00f3n combina a la perfecci\u00f3n negocios y ocio, manteniendo siempre un aire de elegancia y juventud. Ya sea para usar con trajes formales, vaqueros o pantalones de vestir, este cintur\u00f3n autom\u00e1tico a\u00f1ade un toque distintivo a tu estilo \u00fanico.<\/p>\n<p style=\"text-align: left;\"><strong>Aviso importante<\/strong><\/p>\n<p style=\"text-align: left;\">Todos nuestros productos de cuero est\u00e1n hechos a mano y su nueva bolsa de cuero puede estar sujeta a una variaci\u00f3n natural en tama\u00f1o y color.<br \/>\nPara los tama\u00f1os, permita 1-2 cm difiere debido a la medida manual.<br \/>\nLas im\u00e1genes son 100% reales.<br \/>\nDebido al monitor del ordenador y el brillo real de la toma y otras razones, habr\u00e1 una cierta diferencia de color.<\/p>\n<!-- AddThis Advanced Settings generic via filter on the_content --><!-- AddThis Share Buttons generic via filter on the_content -->","protected":false},"excerpt":{"rendered":"<p style=\"text-align: left;\">Hebilla de cintur\u00f3n con Turquesas estilo cowboy del oeste indio vintage con cintur\u00f3n de piel para jeans.<\/p>\n<p style=\"text-align: left;\">Novedad, accesorios cl\u00e1sicos, modernos y de moda para mujeres.\u00a0<span class=\"a-list-item\">Cinturones con un ancho de 3.8-4cm.\u00a0<\/span><span class=\"a-list-item\">Aleaci\u00f3n de zinc de alta calidad, acabado met\u00e1lico<\/span><\/p>\n<p style=\"text-align: left;\"><span class=\"a-list-item\">El paquete incluye 1 hebilla de metal y cintur\u00f3n de cuero incluido)<\/span><\/p>\n<p style=\"text-align: left;\"><span class=\"a-list-item\"> <strong>Por favor indicar medida de tu cintura.<\/strong><\/span><\/p>\n<h5 style=\"text-align: center;\"><strong>\u00bfAlguna duda? Ponte en contacto con nosotros a trav\u00e9s del bot\u00f3n del chat directo por whatsApp y te resolveremos las dudas al instante!<\/strong><\/h5>\n<p><!-- AddThis Advanced Settings generic via filter on get_the_excerpt --><!-- AddThis Share Buttons generic via filter on get_the_excerpt --><\/p>\n","protected":false},"featured_media":29632,"comment_status":"open","ping_status":"closed","template":"","meta":{"om_disable_all_campaigns":false,"_monsterinsights_skip_tracking":false,"_monsterinsights_sitenote_active":false,"_monsterinsights_sitenote_note":"","_monsterinsights_sitenote_category":0,"_uf_show_specific_survey":0,"_uf_disable_surveys":false},"product_brand":[1217],"product_cat":[980],"product_tag":[1135,1087,290,258,332,340,341,264,343,335,333,1089,1034,1088,746,1102],"class_list":{"0":"post-29628","1":"product","2":"type-product","3":"status-publish","4":"has-post-thumbnail","6":"product_brand-ibags-belts","7":"product_cat-cinturones-lisos","8":"product_tag-accesorios-y-complementos","9":"product_tag-cinto","10":"product_tag-cinturon","11":"product_tag-cinturon-cuero-cowboy-cinturon-cuero-de-vaca-cinturon-de-cuero-artesanal-bolso-de-cuero-cinturon-cuero-para-hombre-cinturon-para-mujer","12":"product_tag-cinturon-cuero","13":"product_tag-cinturon-cuero-ancho-bohemian","14":"product_tag-cinturon-cuero-boho-chic","15":"product_tag-cinturon-cuero-de-vaca-cuero-de-cuero-cinturon-de-cuero-chapa","16":"product_tag-cinturon-cuero-moderno","17":"product_tag-cinturon-cuero-natural","18":"product_tag-cinturon-cuero-vaca","19":"product_tag-cinturon-piel","20":"product_tag-cinturones","21":"product_tag-correa","22":"product_tag-estilo-hippiechic","23":"product_tag-piel","25":"first","26":"instock","27":"shipping-taxable","28":"purchasable","29":"product-type-variable","30":"add-to-wishlist-after_add_to_cart","31":"layout-style-1","32":"col-md-4 col-sm-4 col-xs-6","33":"col-lg-3","34":"product-has-gallery","35":"product-style-default"},"aioseo_notices":[],"_links":{"self":[{"href":"https:\/\/www.ibagsbelts.com\/tienda\/wp-json\/wp\/v2\/product\/29628","targetHints":{"allow":["GET"]}}],"collection":[{"href":"https:\/\/www.ibagsbelts.com\/tienda\/wp-json\/wp\/v2\/product"}],"about":[{"href":"https:\/\/www.ibagsbelts.com\/tienda\/wp-json\/wp\/v2\/types\/product"}],"replies":[{"embeddable":true,"href":"https:\/\/www.ibagsbelts.com\/tienda\/wp-json\/wp\/v2\/comments?post=29628"}],"wp:featuredmedia":[{"embeddable":true,"href":"https:\/\/www.ibagsbelts.com\/tienda\/wp-json\/wp\/v2\/media\/29632"}],"wp:attachment":[{"href":"https:\/\/www.ibagsbelts.com\/tienda\/wp-json\/wp\/v2\/media?parent=29628"}],"wp:term":[{"taxonomy":"product_brand","embeddable":true,"href":"https:\/\/www.ibagsbelts.com\/tienda\/wp-json\/wp\/v2\/product_brand?post=29628"},{"taxonomy":"product_cat","embeddable":true,"href":"https:\/\/www.ibagsbelts.com\/tienda\/wp-json\/wp\/v2\/product_cat?post=29628"},{"taxonomy":"product_tag","embeddable":true,"href":"https:\/\/www.ibagsbelts.com\/tienda\/wp-json\/wp\/v2\/product_tag?post=29628"}],"curies":[{"name":"wp","href":"https:\/\/api.w.org\/{rel}","templated":true}]}}