{"id":29696,"date":"2024-06-09T15:33:09","date_gmt":"2024-06-09T13:33:09","guid":{"rendered":"https:\/\/www.ibagsbelts.com\/tienda\/?post_type=product&#038;p=29696"},"modified":"2026-03-12T22:48:12","modified_gmt":"2026-03-12T21:48:12","slug":"bolso-lila-trenzado-de-piel-italiana-margarita","status":"publish","type":"product","link":"https:\/\/www.ibagsbelts.com\/tienda\/producto\/bolso-lila-trenzado-de-piel-italiana-margarita\/","title":{"rendered":"Bolso lila trenzado de piel italiana Margarita"},"content":{"rendered":"<div class=\"flex-1 overflow-hidden\">\n<div class=\"react-scroll-to-bottom--css-utlcl-79elbk h-full\">\n<div class=\"react-scroll-to-bottom--css-utlcl-1n7m0yu\">\n<div class=\"flex flex-col text-sm pb-9\">\n<div class=\"w-full text-token-text-primary\" dir=\"auto\" data-testid=\"conversation-turn-753\">\n<div class=\"px-4 py-2 justify-center text-base md:gap-6 m-auto\">\n<div class=\"flex flex-1 text-base mx-auto gap-3 juice:gap-4 juice:md:gap-6 md:px-5 lg:px-1 xl:px-5 md:max-w-3xl lg:max-w-[40rem] xl:max-w-[48rem]\">\n<div class=\"relative flex w-full flex-col agent-turn\">\n<div class=\"flex-col gap-1 md:gap-3\">\n<div class=\"flex flex-grow flex-col max-w-full\">\n<div class=\"min-h-[20px] text-message flex flex-col items-start gap-3 whitespace-pre-wrap break-words [.text-message+&amp;]:mt-5 overflow-x-auto\" dir=\"auto\" data-message-author-role=\"assistant\" data-message-id=\"c0124fa8-5255-48d0-814c-82d275c59e83\">\n<div class=\"markdown prose w-full break-words dark:prose-invert light\">\n<p style=\"text-align: left;\">Descubre la elegancia y la funcionalidad del bolso de piel italiano. Fabricado con 100% piel de vacuno y con el sello de calidad de Italia, este bolso es el complemento perfecto para cualquier ocasi\u00f3n.<\/p>\n<p style=\"text-align: left;\">Con unas dimensiones de 24 cm de alto, 20 cm de ancho y 10 cm de fondo, este bolso ofrece un amplio espacio para llevar contigo todo lo que necesitas en tu d\u00eda a d\u00eda. Su espacioso compartimento principal con cremallera garantiza la seguridad de tus pertenencias, mientras que el bolsillo interior y el bolsillo con cremallera te permiten organizar tus objetos m\u00e1s peque\u00f1os de forma eficiente.<\/p>\n<p style=\"text-align: left;\">Adem\u00e1s, este bolso cuenta con un pr\u00e1ctico compartimento interior espec\u00edficamente dise\u00f1ado para smartphones de hasta 5,5 pulgadas, manteni\u00e9ndolos siempre a mano y protegidos.<\/p>\n<p style=\"text-align: left;\">El detalle del tejido de cuero le da un toque \u00fanico y llamativo a este bolso, mientras que la correa de hombro ajustable y extra\u00edble te ofrece versatilidad y comodidad en el transporte.<\/p>\n<p style=\"text-align: left;\">Ya sea para ir de compras, trabajar o salir con amigos, el bolso de piel italiano es el compa\u00f1ero perfecto para destacar tu estilo con elegancia y funcionalidad. \u00a1Hazte con el tuyo hoy mismo y lleva contigo el encanto italiano en cada paso!.<\/p>\n<p><strong>Aviso importante<\/strong><\/p>\n<p>Todos nuestros productos de cuero est\u00e1n hechos a mano y su nueva bolsa de cuero puede estar sujeta a una variaci\u00f3n natural en tama\u00f1o y color.<br \/>\nPara los tama\u00f1os, permita 1-2 cm difiere debido a la medida manual.<br \/>\nLas im\u00e1genes son 100% reales.<br \/>\nDebido al monitor del ordenador y el brillo real de la toma y otras razones, habr\u00e1 una cierta diferencia de color.<\/p>\n<\/div>\n<\/div>\n<\/div>\n<\/div>\n<\/div>\n<\/div>\n<\/div>\n<\/div>\n<\/div>\n<\/div>\n<\/div>\n<\/div>\n<!-- AddThis Advanced Settings generic via filter on the_content --><!-- AddThis Share Buttons generic via filter on the_content -->","protected":false},"excerpt":{"rendered":"<div class=\"flex-1 overflow-hidden\">\n<div class=\"react-scroll-to-bottom--css-utlcl-79elbk h-full\">\n<div class=\"react-scroll-to-bottom--css-utlcl-1n7m0yu\">\n<div class=\"flex flex-col text-sm pb-9\">\n<div class=\"w-full text-token-text-primary\" dir=\"auto\" data-testid=\"conversation-turn-753\">\n<div class=\"px-4 py-2 justify-center text-base md:gap-6 m-auto\">\n<div class=\"flex flex-1 text-base mx-auto gap-3 juice:gap-4 juice:md:gap-6 md:px-5 lg:px-1 xl:px-5 md:max-w-3xl lg:max-w-[40rem] xl:max-w-[48rem]\">\n<div class=\"relative flex w-full flex-col agent-turn\">\n<div class=\"flex-col gap-1 md:gap-3\">\n<div class=\"flex flex-grow flex-col max-w-full\">\n<div class=\"min-h-[20px] text-message flex flex-col items-start gap-3 whitespace-pre-wrap break-words [.text-message+&amp;]:mt-5 overflow-x-auto\" dir=\"auto\" data-message-author-role=\"assistant\" data-message-id=\"c0124fa8-5255-48d0-814c-82d275c59e83\">\n<div class=\"markdown prose w-full break-words dark:prose-invert light\">\n<p style=\"text-align: left;\">Descubre la elegancia y la funcionalidad del bolso de piel italiano. Fabricado con 100% piel de vacuno y con el sello de calidad de Italia, este bolso es el complemento perfecto para cualquier ocasi\u00f3n.<\/p>\n<p style=\"text-align: left;\">Con unas dimensiones de 24 cm de alto, 20 cm de ancho y 10 cm de fondo, este bolso ofrece un amplio espacio para llevar contigo todo lo que necesitas en tu d\u00eda a d\u00eda. Su espacioso compartimento principal con cremallera garantiza la seguridad de tus pertenencias, mientras que el bolsillo interior y el bolsillo con cremallera te permiten organizar tus objetos m\u00e1s peque\u00f1os de forma eficiente.<\/p>\n<p style=\"text-align: left;\">Adem\u00e1s, este bolso cuenta con un pr\u00e1ctico compartimento interior espec\u00edficamente dise\u00f1ado para smartphones de hasta 5,5 pulgadas, manteni\u00e9ndolos siempre a mano y protegidos.<\/p>\n<p style=\"text-align: left;\">El detalle del tejido de cuero le da un toque \u00fanico y llamativo a este bolso, mientras que la correa de hombro ajustable y extra\u00edble te ofrece versatilidad y comodidad en el transporte.<\/p>\n<p style=\"text-align: left;\">Ya sea para ir de compras, trabajar o salir con amigos, el bolso de piel italiano es el compa\u00f1ero perfecto para destacar tu estilo con elegancia y funcionalidad. \u00a1Hazte con el tuyo hoy mismo y lleva contigo el encanto italiano en cada paso!.<\/p>\n<h5 style=\"text-align: center;\"><strong>\u00bfAlguna duda? Ponte en contacto con nosotros a trav\u00e9s del bot\u00f3n del chat directo por WhatsApp y te resolveremos las dudas al instante!<\/strong><\/h5>\n<\/div>\n<\/div>\n<\/div>\n<\/div>\n<\/div>\n<\/div>\n<\/div>\n<\/div>\n<\/div>\n<\/div>\n<\/div>\n<\/div>\n<p><!-- AddThis Advanced Settings generic via filter on get_the_excerpt --><!-- AddThis Share Buttons generic via filter on get_the_excerpt --><\/p>\n","protected":false},"featured_media":29698,"comment_status":"open","ping_status":"closed","template":"","meta":{"om_disable_all_campaigns":false,"_monsterinsights_skip_tracking":false,"_monsterinsights_sitenote_active":false,"_monsterinsights_sitenote_note":"","_monsterinsights_sitenote_category":0,"_uf_show_specific_survey":0,"_uf_disable_surveys":false},"product_brand":[1217],"product_cat":[240,757,1035],"product_tag":[1135,1096,301,877,737,266,315,313,255,823,1036,727,281,743,744,1102,1038],"class_list":{"0":"post-29696","1":"product","2":"type-product","3":"status-publish","4":"has-post-thumbnail","6":"product_brand-ibags-belts","7":"product_cat-bolsos-bandoleras-de-cuero-artesanal","8":"product_cat-bolso-clutch","9":"product_cat-bolso-de-cuero-italiano","10":"product_tag-accesorios-y-complementos","11":"product_tag-artesania","12":"product_tag-bandolera","13":"product_tag-bandoleras","14":"product_tag-bohochic","15":"product_tag-bolso-bohemian-bolso-cuero-repujado-bolsos-cuero-retro-bolso-shopper-cuero-bolso-cuero-trenzado-bolso-cuero-troquelado","16":"product_tag-bolso-cuero-artesano","17":"product_tag-bolso-cuero-hecho-a-mano","18":"product_tag-bolso-cuero-mujer","19":"product_tag-bolso-piel","20":"product_tag-bolso-piel-italiano","21":"product_tag-bolsos-bandoleras-cuero","22":"product_tag-bolso-bohemian-bolso-cuero-para-hombre-bolso-cuero-repujado-bolsos-cuero-retro-bolso-shopper-cuero-bolso-cuero-trenzado-bolso-cuero-troquelado-bolso-cuero-vaca-bolso-cuero-viaje-hombre","23":"product_tag-estilo-boho","24":"product_tag-estilo-bohochic","25":"product_tag-piel","26":"product_tag-piel-lavada","28":"first","29":"instock","30":"sold-individually","31":"shipping-taxable","32":"purchasable","33":"product-type-simple","34":"add-to-wishlist-after_add_to_cart","35":"layout-style-1","36":"col-md-4 col-sm-4 col-xs-6","37":"col-lg-3","38":"product-has-gallery","39":"product-style-default"},"aioseo_notices":[],"_links":{"self":[{"href":"https:\/\/www.ibagsbelts.com\/tienda\/wp-json\/wp\/v2\/product\/29696","targetHints":{"allow":["GET"]}}],"collection":[{"href":"https:\/\/www.ibagsbelts.com\/tienda\/wp-json\/wp\/v2\/product"}],"about":[{"href":"https:\/\/www.ibagsbelts.com\/tienda\/wp-json\/wp\/v2\/types\/product"}],"replies":[{"embeddable":true,"href":"https:\/\/www.ibagsbelts.com\/tienda\/wp-json\/wp\/v2\/comments?post=29696"}],"wp:featuredmedia":[{"embeddable":true,"href":"https:\/\/www.ibagsbelts.com\/tienda\/wp-json\/wp\/v2\/media\/29698"}],"wp:attachment":[{"href":"https:\/\/www.ibagsbelts.com\/tienda\/wp-json\/wp\/v2\/media?parent=29696"}],"wp:term":[{"taxonomy":"product_brand","embeddable":true,"href":"https:\/\/www.ibagsbelts.com\/tienda\/wp-json\/wp\/v2\/product_brand?post=29696"},{"taxonomy":"product_cat","embeddable":true,"href":"https:\/\/www.ibagsbelts.com\/tienda\/wp-json\/wp\/v2\/product_cat?post=29696"},{"taxonomy":"product_tag","embeddable":true,"href":"https:\/\/www.ibagsbelts.com\/tienda\/wp-json\/wp\/v2\/product_tag?post=29696"}],"curies":[{"name":"wp","href":"https:\/\/api.w.org\/{rel}","templated":true}]}}