{"id":29784,"date":"2024-06-16T21:02:05","date_gmt":"2024-06-16T19:02:05","guid":{"rendered":"https:\/\/www.ibagsbelts.com\/tienda\/?post_type=product&#038;p=29784"},"modified":"2026-03-12T22:34:20","modified_gmt":"2026-03-12T21:34:20","slug":"bolso-maletin-para-mujer-de-piel-camel-vintage-malu","status":"publish","type":"product","link":"https:\/\/www.ibagsbelts.com\/tienda\/producto\/bolso-maletin-para-mujer-de-piel-camel-vintage-malu\/","title":{"rendered":"Bolso malet\u00edn para mujer de piel camel vintage Malu"},"content":{"rendered":"<p style=\"text-align: left;\">Explora la fusi\u00f3n perfecta entre lo cl\u00e1sico y lo profesional con nuestro malet\u00edn de piel Italiana. Este accesorio no solo ofrece una apariencia decente, sino tambi\u00e9n la funcionalidad que necesitas.<\/p>\n<p style=\"text-align: left;\">Caracter\u00edsticas clave:<\/p>\n<p style=\"text-align: left;\"><strong>Estilo Decente:<\/strong><\/p>\n<ul style=\"text-align: left;\">\n<li>Apariencia cl\u00e1sica y profesional.<\/li>\n<li>Perfecto para entornos de negocios y reuniones formales.<\/li>\n<\/ul>\n<p style=\"text-align: left;\"><strong>Seguridad para tu mini Port\u00e1til:<\/strong><\/p>\n<ul style=\"text-align: left;\">\n<li>Compartimento especial para mantener tu port\u00e1til seguro en movimiento.<\/li>\n<li>Puede usarse como bolso de mano para mayor comodidad.<\/li>\n<\/ul>\n<p style=\"text-align: left;\"><strong>Versatilidad en el Transporte:<\/strong><\/p>\n<ul style=\"text-align: left;\">\n<li>Correa de hombro ajustable para llevarlo con facilidad.<\/li>\n<li>Asa para llevarlo al hombro, adapt\u00e1ndose a tus necesidades.<\/li>\n<\/ul>\n<p style=\"text-align: left;\"><strong>Organizaci\u00f3n Interna:<\/strong><\/p>\n<ul style=\"text-align: left;\">\n<li>Forro interior para proteger tus pertenencias.<\/li>\n<li>Bolsillo interior para una organizaci\u00f3n eficiente.<\/li>\n<\/ul>\n<p style=\"text-align: left;\">Este malet\u00edn combina lo mejor del estilo cl\u00e1sico con la funcionalidad profesional, convirti\u00e9ndolo en un compa\u00f1ero perfecto para tus actividades diarias. \u00a1Descubre la elegancia y la practicidad en un solo accesorio!<\/p>\n<p style=\"text-align: left;\"><strong>Aviso importante<\/strong><\/p>\n<p>Todos nuestros productos de cuero puede estar sujeta a una variaci\u00f3n natural en tama\u00f1o y color.<\/p>\n<p>Las pieles utilizadas han sido procesadas y curtidas en una de las curtidur\u00edas m\u00e1s antiguas utilizando t\u00e9cnicas centenarias para dar al cuero acabado un aspecto antiguo \/ vintage.<\/p>\n<p>Para los tama\u00f1os, permita 1-2 cm diferencia debido a la medida manual.<\/p>\n<p>Las im\u00e1genes son 100% reales.\u00a0Debido al monitor del ordenador y el brillo real de la toma y otras razones, habr\u00e1 una cierta diferencia de color.<\/p>\n<!-- AddThis Advanced Settings generic via filter on the_content --><!-- AddThis Share Buttons generic via filter on the_content -->","protected":false},"excerpt":{"rendered":"<p style=\"text-align: left;\">Descubre el bolso malet\u00edn perfecto para darle un toque vintage y sofisticado a tu estilo. Fabricado en suave piel lavada y te\u00f1ida, este accesorio de lujo destaca por su dise\u00f1o artesanal 100% Made in Italy. Con un ancho de 39 cm, altura de 28 cm y profundidad de 12 cm, ofrece amplio espacio en su interior de tela, con doble compartimento y bolsillos espec\u00edficos para tu smartphone y otros objetos.<\/p>\n<p style=\"text-align: left;\">Su bandolera ajustable y extra\u00edble te brinda la versatilidad que necesitas para cualquier ocasi\u00f3n. Disponible en stock, otros colores bajo pedido en solo 20 d\u00edas. Las manijas de 18 cm y su cierre de torniquete completan este elegante bolso, donde las posibles irregularidades en su aspecto son reflejo de su autenticidad y calidad artesanal. Lleva contigo un bolso \u00fanico que combina estilo y funcionalidad.<\/p>\n<h5 style=\"text-align: center;\"><a href=\"https:\/\/bit.ly\/TE-AYUDO\"><b>\u00bfAlguna duda? Ponte en contacto con nosotros a trav\u00e9s del bot\u00f3n del chat directo por WhatsApp y te resolveremos las dudas al instante<\/b><\/a><b>!<\/b><\/h5>\n<p><!-- AddThis Advanced Settings generic via filter on get_the_excerpt --><!-- AddThis Share Buttons generic via filter on get_the_excerpt --><\/p>\n","protected":false},"featured_media":29788,"comment_status":"open","ping_status":"closed","template":"","meta":{"om_disable_all_campaigns":false,"_monsterinsights_skip_tracking":false,"_monsterinsights_sitenote_active":false,"_monsterinsights_sitenote_note":"","_monsterinsights_sitenote_category":0,"_uf_show_specific_survey":0,"_uf_disable_surveys":false},"product_brand":[1217],"product_cat":[240,757,1035,40],"product_tag":[1135,1096,301,877,1019,266,305,255,1140,823,1036,1050,784,727,1049,885,307,744,279,875,1102,1038,1129],"class_list":{"0":"post-29784","1":"product","2":"type-product","3":"status-publish","4":"has-post-thumbnail","6":"product_brand-ibags-belts","7":"product_cat-bolsos-bandoleras-de-cuero-artesanal","8":"product_cat-bolso-clutch","9":"product_cat-bolso-de-cuero-italiano","10":"product_cat-bolsos-de-hombro","11":"product_tag-accesorios-y-complementos","12":"product_tag-artesania","13":"product_tag-bandolera","14":"product_tag-bandoleras","15":"product_tag-bolsa-de-portatil","16":"product_tag-bolso-bohemian-bolso-cuero-repujado-bolsos-cuero-retro-bolso-shopper-cuero-bolso-cuero-trenzado-bolso-cuero-troquelado","17":"product_tag-bolso-cuero-artesanal","18":"product_tag-bolso-cuero-mujer","19":"product_tag-bolso-hombro","20":"product_tag-bolso-piel","21":"product_tag-bolso-piel-italiano","22":"product_tag-bolso-remaches","23":"product_tag-bolso-trenzados","24":"product_tag-bolsos-bandoleras-cuero","25":"product_tag-bolsos-remaches","26":"product_tag-cartera","27":"product_tag-cuero-trenzado","28":"product_tag-estilo-bohochic","29":"product_tag-bolso-cuero-artesanal-hombre-bolso-cuero-boho-bolso-cuero-con-tachuelas-bolsos-cuero-caballero-bolso-cuero-de-hombre-bolso-cuero-de-viaje-bolso-cuero-de-vaca","30":"product_tag-maletin","31":"product_tag-piel","32":"product_tag-piel-lavada","33":"product_tag-tachas","35":"first","36":"instock","37":"shipping-taxable","38":"purchasable","39":"product-type-simple","40":"add-to-wishlist-after_add_to_cart","41":"layout-style-1","42":"col-md-4 col-sm-4 col-xs-6","43":"col-lg-3","44":"product-has-gallery","45":"product-style-default"},"aioseo_notices":[],"_links":{"self":[{"href":"https:\/\/www.ibagsbelts.com\/tienda\/wp-json\/wp\/v2\/product\/29784","targetHints":{"allow":["GET"]}}],"collection":[{"href":"https:\/\/www.ibagsbelts.com\/tienda\/wp-json\/wp\/v2\/product"}],"about":[{"href":"https:\/\/www.ibagsbelts.com\/tienda\/wp-json\/wp\/v2\/types\/product"}],"replies":[{"embeddable":true,"href":"https:\/\/www.ibagsbelts.com\/tienda\/wp-json\/wp\/v2\/comments?post=29784"}],"wp:featuredmedia":[{"embeddable":true,"href":"https:\/\/www.ibagsbelts.com\/tienda\/wp-json\/wp\/v2\/media\/29788"}],"wp:attachment":[{"href":"https:\/\/www.ibagsbelts.com\/tienda\/wp-json\/wp\/v2\/media?parent=29784"}],"wp:term":[{"taxonomy":"product_brand","embeddable":true,"href":"https:\/\/www.ibagsbelts.com\/tienda\/wp-json\/wp\/v2\/product_brand?post=29784"},{"taxonomy":"product_cat","embeddable":true,"href":"https:\/\/www.ibagsbelts.com\/tienda\/wp-json\/wp\/v2\/product_cat?post=29784"},{"taxonomy":"product_tag","embeddable":true,"href":"https:\/\/www.ibagsbelts.com\/tienda\/wp-json\/wp\/v2\/product_tag?post=29784"}],"curies":[{"name":"wp","href":"https:\/\/api.w.org\/{rel}","templated":true}]}}