{"id":29867,"date":"2024-07-02T10:48:07","date_gmt":"2024-07-02T08:48:07","guid":{"rendered":"https:\/\/www.ibagsbelts.com\/tienda\/?post_type=product&#038;p=29867"},"modified":"2026-03-12T22:29:20","modified_gmt":"2026-03-12T21:29:20","slug":"bolso-bandolera-mediano-de-piel-lavada-burdeos-laura","status":"publish","type":"product","link":"https:\/\/www.ibagsbelts.com\/tienda\/producto\/bolso-bandolera-mediano-de-piel-lavada-burdeos-laura\/","title":{"rendered":"Bolso bandolera mediano de piel lavada burdeos Laura"},"content":{"rendered":"<p style=\"text-align: left;\">Bolso de piel Italiana para del d\u00eda y la noche con nuestro impresionante bolso y bandolera de piel envejecida. Con detalles de tachuelas de lat\u00f3n envejecido en el cierre de la solapa superior y muchos bolsillos y secciones interiores para mantenerte organizado.<\/p>\n<p style=\"text-align: left;\">Correa de cuero suave ajustable y correa de hombro extra\u00edble<\/p>\n<p style=\"text-align: left;\"><span style=\"font-size: 1.4rem;\">Cierre de bot\u00f3n magn\u00e9tico con solapa superior con bolsillo interior con cremallera Dos compartimentos interiores, y un bolsillo interior con cremallera<\/span><\/p>\n<p style=\"text-align: left;\">Messenger y Crossbody<\/p>\n<p style=\"text-align: left;\">Medidas: 26 cm largo \u00d7 20 cm alto \u00d7 10 cm<\/p>\n<h5 style=\"text-align: left;\"><strong>Aviso importante<\/strong><\/h5>\n<p style=\"text-align: left;\">Todos nuestros productos de cuero est\u00e1n hechos a mano y su nueva bolsa de cuero puede estar sujeta a una variaci\u00f3n natural en tama\u00f1o y color.<br \/>\nPara los tama\u00f1os, permita 1-2 cm difiere debido a la medida manual.<br \/>\nLas im\u00e1genes son 100% reales.<br \/>\nDebido al monitor del ordenador y el brillo real de la toma y otras razones, habr\u00e1 una cierta diferencia de color.<\/p>\n<!-- AddThis Advanced Settings generic via filter on the_content --><!-- AddThis Share Buttons generic via filter on the_content -->","protected":false},"excerpt":{"rendered":"<p style=\"text-align: left;\">Bolso de piel Italiana para del d\u00eda y la noche con nuestro impresionante bolso y bandolera de piel envejecida. Con detalles de tachuelas de lat\u00f3n envejecido en el cierre de la solapa superior y muchos bolsillos y secciones interiores para mantenerte organizado.<\/p>\n<p style=\"text-align: left;\">Correa de cuero suave ajustable y correa de hombro extra\u00edble. <span style=\"font-size: 1.4rem;\">Cierre de bot\u00f3n cl\u00e1sico con solapa superior con bolsillo interior con cremallera. <\/span>Dos compartimentos interiores, y un bolsillo interior con cremallera<\/p>\n<p style=\"text-align: left;\">Medidas: 26 cm \u00d7 20 cm \u00d7 10 cm<\/p>\n<h5 style=\"text-align: center;\"><strong>\u00bfAlguna duda? Ponte en contacto con nosotros a trav\u00e9s del bot\u00f3n del chat directo por whatsApp y te resolveremos las dudas al instante!<\/strong><\/h5>\n<p><!-- AddThis Advanced Settings generic via filter on get_the_excerpt --><!-- AddThis Share Buttons generic via filter on get_the_excerpt --><\/p>\n","protected":false},"featured_media":29869,"comment_status":"open","ping_status":"closed","template":"","meta":{"om_disable_all_campaigns":false,"_monsterinsights_skip_tracking":false,"_monsterinsights_sitenote_active":false,"_monsterinsights_sitenote_note":"","_monsterinsights_sitenote_category":0,"_uf_show_specific_survey":0,"_uf_disable_surveys":false},"product_brand":[1217],"product_cat":[240,757,1035,40],"product_tag":[301,877,915,266,299,315,777,316,313,823,1036,302,281,1102,1038],"class_list":{"0":"post-29867","1":"product","2":"type-product","3":"status-publish","4":"has-post-thumbnail","6":"product_brand-ibags-belts","7":"product_cat-bolsos-bandoleras-de-cuero-artesanal","8":"product_cat-bolso-clutch","9":"product_cat-bolso-de-cuero-italiano","10":"product_cat-bolsos-de-hombro","11":"product_tag-bandolera","12":"product_tag-bandoleras","13":"product_tag-bohemio","14":"product_tag-bolso-bohemian-bolso-cuero-repujado-bolsos-cuero-retro-bolso-shopper-cuero-bolso-cuero-trenzado-bolso-cuero-troquelado","15":"product_tag-bolso-cuero","16":"product_tag-bolso-cuero-artesano","17":"product_tag-bolso-cuero-bandoleras","18":"product_tag-bolso-cuero-con-tachuelas","19":"product_tag-bolso-cuero-hecho-a-mano","20":"product_tag-bolso-piel","21":"product_tag-bolso-piel-italiano","22":"product_tag-bolsos-de-cuero","23":"product_tag-bolso-bohemian-bolso-cuero-para-hombre-bolso-cuero-repujado-bolsos-cuero-retro-bolso-shopper-cuero-bolso-cuero-trenzado-bolso-cuero-troquelado-bolso-cuero-vaca-bolso-cuero-viaje-hombre","24":"product_tag-piel","25":"product_tag-piel-lavada","27":"first","28":"instock","29":"shipping-taxable","30":"purchasable","31":"product-type-simple","32":"add-to-wishlist-after_add_to_cart","33":"layout-style-1","34":"col-md-4 col-sm-4 col-xs-6","35":"col-lg-3","36":"product-has-gallery","37":"product-style-default"},"aioseo_notices":[],"_links":{"self":[{"href":"https:\/\/www.ibagsbelts.com\/tienda\/wp-json\/wp\/v2\/product\/29867","targetHints":{"allow":["GET"]}}],"collection":[{"href":"https:\/\/www.ibagsbelts.com\/tienda\/wp-json\/wp\/v2\/product"}],"about":[{"href":"https:\/\/www.ibagsbelts.com\/tienda\/wp-json\/wp\/v2\/types\/product"}],"replies":[{"embeddable":true,"href":"https:\/\/www.ibagsbelts.com\/tienda\/wp-json\/wp\/v2\/comments?post=29867"}],"wp:featuredmedia":[{"embeddable":true,"href":"https:\/\/www.ibagsbelts.com\/tienda\/wp-json\/wp\/v2\/media\/29869"}],"wp:attachment":[{"href":"https:\/\/www.ibagsbelts.com\/tienda\/wp-json\/wp\/v2\/media?parent=29867"}],"wp:term":[{"taxonomy":"product_brand","embeddable":true,"href":"https:\/\/www.ibagsbelts.com\/tienda\/wp-json\/wp\/v2\/product_brand?post=29867"},{"taxonomy":"product_cat","embeddable":true,"href":"https:\/\/www.ibagsbelts.com\/tienda\/wp-json\/wp\/v2\/product_cat?post=29867"},{"taxonomy":"product_tag","embeddable":true,"href":"https:\/\/www.ibagsbelts.com\/tienda\/wp-json\/wp\/v2\/product_tag?post=29867"}],"curies":[{"name":"wp","href":"https:\/\/api.w.org\/{rel}","templated":true}]}}