{"id":29886,"date":"2024-07-02T15:47:25","date_gmt":"2024-07-02T13:47:25","guid":{"rendered":"https:\/\/www.ibagsbelts.com\/tienda\/?post_type=product&#038;p=29886"},"modified":"2026-03-12T22:26:28","modified_gmt":"2026-03-12T21:26:28","slug":"bandolera-de-piel-lavada-camel-con-tachas-skye","status":"publish","type":"product","link":"https:\/\/www.ibagsbelts.com\/tienda\/producto\/bandolera-de-piel-lavada-camel-con-tachas-skye\/","title":{"rendered":"Bandolera de piel lavada  camel con tachas Skye"},"content":{"rendered":"<p style=\"text-align: left;\">Descubre la versatilidad y el estilo del bolso bandolera de piel italiana, perfecto para acompa\u00f1arte durante el d\u00eda y la noche. Este impresionante bolso est\u00e1 confeccionado con piel envejecida de alta calidad, que le confiere un aspecto \u00fanico y aut\u00e9ntico.<\/p>\n<p style=\"text-align: left;\">Sus detalles de tachuelas de lat\u00f3n envejecido en el cierre de la solapa superior a\u00f1aden un toque de elegancia y distinci\u00f3n al dise\u00f1o. Adem\u00e1s, cuenta con m\u00faltiples bolsillos y secciones interiores que te permitir\u00e1n mantener tus pertenencias perfectamente organizadas en todo momento.<\/p>\n<p style=\"text-align: left;\">La correa de cuero suave es ajustable, lo que te brinda la posibilidad de llevar el bolso c\u00f3modamente cruzado sobre el hombro o ajustado a la medida que prefieras. Adem\u00e1s, la correa de hombro extra\u00edble te ofrece a\u00fan m\u00e1s opciones de estilo y comodidad.<\/p>\n<p style=\"text-align: left;\">El cierre de bot\u00f3n magn\u00e9tico con solapa superior garantiza la seguridad de tus objetos, mientras que el bolsillo interior con cremallera te permite guardar tus art\u00edculos m\u00e1s importantes de forma segura y accesible.<\/p>\n<p style=\"text-align: left;\">Con dos compartimentos interiores, uno con cierre de bot\u00f3n con solapa y otro con bolsillo interior con cremallera, tendr\u00e1s espacio m\u00e1s que suficiente para organizar todo lo que necesitas llevar contigo. Adem\u00e1s, el bolsillo con cremallera en la parte trasera del bolso te ofrece un espacio adicional para guardar tus pertenencias de forma r\u00e1pida y f\u00e1cil.<\/p>\n<p style=\"text-align: left;\">Con unas medidas de 30 cm de largo, 6 cm de ancho y 20 cm de alto, este bolso es el compa\u00f1ero perfecto para cualquier ocasi\u00f3n, ofreci\u00e9ndote estilo, funcionalidad y calidad en cada detalle. \u00a1Hazte con el tuyo y lleva tu look al siguiente nivel!<\/p>\n<p style=\"text-align: left;\"><strong>Aviso importante<\/strong><\/p>\n<p style=\"text-align: left;\">Todos nuestros productos de cuero est\u00e1n hechos a mano y su nueva bolsa de cuero puede estar sujeta a una variaci\u00f3n natural en tama\u00f1o y color.<br \/>\nPara los tama\u00f1os, permita 1-2 cm difiere debido a la medida manual.<br \/>\nLas im\u00e1genes son 100% reales.<br \/>\nDebido al monitor del ordenador y el brillo real de la toma y otras razones, habr\u00e1 una cierta diferencia de color.<\/p>\n<!-- AddThis Advanced Settings generic via filter on the_content --><!-- AddThis Share Buttons generic via filter on the_content -->","protected":false},"excerpt":{"rendered":"<p style=\"text-align: left;\">Bolso de piel Italiana para el d\u00eda y la noche con nuestro impresionante bolso bandolera de piel envejecida. Con detalles de tachuelas de lat\u00f3n envejecido en el cierre de la solapa superior y muchos bolsillos y secciones interiores para mantenerte organizado.<\/p>\n<p style=\"text-align: left;\">Correa de cuero suave ajustable y correa de hombro extra\u00edble.\u00a0<span style=\"font-size: 1.4rem;\">Cierre de bot\u00f3n magn\u00e9tico con solapa superior con bolsillo interior con cremallera .\u00a0<\/span>Dos compartimentos interiores, uno con cierre de bot\u00f3n con solapa y bolsillo interior con cremallera.\u00a0Bolsillo con cremallera en la parte trasera del bolso.<\/p>\n<p style=\"text-align: left;\">Medidas: 30 cm largo \u00d7 6cm \u00d7 20 cm alto.<\/p>\n<h5 style=\"text-align: center;\"><strong>\u00bfAlguna duda? Ponte en contacto con nosotros a trav\u00e9s del bot\u00f3n del chat directo por whatsapp y te resolveremos las dudas al instante!<\/strong><\/h5>\n<p><!-- AddThis Advanced Settings generic via filter on get_the_excerpt --><!-- AddThis Share Buttons generic via filter on get_the_excerpt --><\/p>\n","protected":false},"featured_media":29888,"comment_status":"open","ping_status":"closed","template":"","meta":{"om_disable_all_campaigns":false,"_monsterinsights_skip_tracking":false,"_monsterinsights_sitenote_active":false,"_monsterinsights_sitenote_note":"","_monsterinsights_sitenote_category":0,"_uf_show_specific_survey":0,"_uf_disable_surveys":false},"product_brand":[1217],"product_cat":[240,1035],"product_tag":[301,877,266,316,313,255,823,1036,727,302,281,905,1102,1038],"class_list":{"0":"post-29886","1":"product","2":"type-product","3":"status-publish","4":"has-post-thumbnail","6":"product_brand-ibags-belts","7":"product_cat-bolsos-bandoleras-de-cuero-artesanal","8":"product_cat-bolso-de-cuero-italiano","9":"product_tag-bandolera","10":"product_tag-bandoleras","11":"product_tag-bolso-bohemian-bolso-cuero-repujado-bolsos-cuero-retro-bolso-shopper-cuero-bolso-cuero-trenzado-bolso-cuero-troquelado","12":"product_tag-bolso-cuero-con-tachuelas","13":"product_tag-bolso-cuero-hecho-a-mano","14":"product_tag-bolso-cuero-mujer","15":"product_tag-bolso-piel","16":"product_tag-bolso-piel-italiano","17":"product_tag-bolsos-bandoleras-cuero","18":"product_tag-bolsos-de-cuero","19":"product_tag-bolso-bohemian-bolso-cuero-para-hombre-bolso-cuero-repujado-bolsos-cuero-retro-bolso-shopper-cuero-bolso-cuero-trenzado-bolso-cuero-troquelado-bolso-cuero-vaca-bolso-cuero-viaje-hombre","20":"product_tag-casual","21":"product_tag-piel","22":"product_tag-piel-lavada","24":"first","25":"instock","26":"shipping-taxable","27":"purchasable","28":"product-type-simple","29":"add-to-wishlist-after_add_to_cart","30":"layout-style-1","31":"col-md-4 col-sm-4 col-xs-6","32":"col-lg-3","33":"product-has-gallery","34":"product-style-default"},"aioseo_notices":[],"_links":{"self":[{"href":"https:\/\/www.ibagsbelts.com\/tienda\/wp-json\/wp\/v2\/product\/29886","targetHints":{"allow":["GET"]}}],"collection":[{"href":"https:\/\/www.ibagsbelts.com\/tienda\/wp-json\/wp\/v2\/product"}],"about":[{"href":"https:\/\/www.ibagsbelts.com\/tienda\/wp-json\/wp\/v2\/types\/product"}],"replies":[{"embeddable":true,"href":"https:\/\/www.ibagsbelts.com\/tienda\/wp-json\/wp\/v2\/comments?post=29886"}],"wp:featuredmedia":[{"embeddable":true,"href":"https:\/\/www.ibagsbelts.com\/tienda\/wp-json\/wp\/v2\/media\/29888"}],"wp:attachment":[{"href":"https:\/\/www.ibagsbelts.com\/tienda\/wp-json\/wp\/v2\/media?parent=29886"}],"wp:term":[{"taxonomy":"product_brand","embeddable":true,"href":"https:\/\/www.ibagsbelts.com\/tienda\/wp-json\/wp\/v2\/product_brand?post=29886"},{"taxonomy":"product_cat","embeddable":true,"href":"https:\/\/www.ibagsbelts.com\/tienda\/wp-json\/wp\/v2\/product_cat?post=29886"},{"taxonomy":"product_tag","embeddable":true,"href":"https:\/\/www.ibagsbelts.com\/tienda\/wp-json\/wp\/v2\/product_tag?post=29886"}],"curies":[{"name":"wp","href":"https:\/\/api.w.org\/{rel}","templated":true}]}}