{"id":29925,"date":"2024-07-03T17:43:08","date_gmt":"2024-07-03T15:43:08","guid":{"rendered":"https:\/\/www.ibagsbelts.com\/tienda\/?post_type=product&#038;p=29925"},"modified":"2026-03-12T22:21:37","modified_gmt":"2026-03-12T21:21:37","slug":"cinturon-repujado-de-cuero-marron-4-cm-de-ancho","status":"publish","type":"product","link":"https:\/\/www.ibagsbelts.com\/tienda\/producto\/cinturon-repujado-de-cuero-marron-4-cm-de-ancho\/","title":{"rendered":"Cintur\u00f3n repujado de cuero marr\u00f2n, 4 cm de ancho"},"content":{"rendered":"<p style=\"text-align: left;\">El cintur\u00f3n \u00a0hecho en cuero envejecido sin forro. estampado a maquina con tintes antiguos y luego tallado a mano con un dise\u00f1o floral cl\u00e1sico del oeste, tambi\u00e9n se muestra la costura a lo largo del cintur\u00f3n. Para la costura utilizamos un hilo resistente y refinado por mercerizaci\u00f3n. Gracias a la tapa de rosca, el cintur\u00f3n tambi\u00e9n se puede acortar individualmente.<\/p>\n<p style=\"text-align: left;\">Sobre todo, esto es una ventaja frente a un remachado firme de los cierres, ya que es posible cambiar la longitud. El ajuste flexible de la cintura solo se puede ajustar mediante el sistema de tuerca y tornillo.<\/p>\n<p style=\"text-align: left;\">Este proceso hace que estos cinturones sean muy asequibles<\/p>\n<p style=\"text-align: left;\">Ancho: aproximadamente 4 cm. Largo: contamos con medidas de hasta\u00a0 110 cm.<\/p>\n<p style=\"text-align: left;\"><strong>Aviso importante<\/strong><\/p>\n<p style=\"text-align: left;\">Todos nuestros productos de cuero puede estar sujeta a una variaci\u00f3n natural en tama\u00f1o y color.<\/p>\n<p style=\"text-align: left;\">Las pieles utilizadas han sido procesadas y curtidas en una de las curtidur\u00edas m\u00e1s antiguas utilizando t\u00e9cnicas centenarias para dar al cuero acabado un aspecto antiguo \/ vintage.<br \/>\nPara los tama\u00f1os, permita 1-2 cm difiere debido a la medida manual.<br \/>\nLas im\u00e1genes son 100% reales.<br \/>\nDebido al monitor del ordenador y el brillo real de la toma y otras razones, habr\u00e1 una cierta diferencia de color.<\/p>\n<!-- AddThis Advanced Settings generic via filter on the_content --><!-- AddThis Share Buttons generic via filter on the_content -->","protected":false},"excerpt":{"rendered":"<p style=\"text-align: left;\">El cintur\u00f3n \u00a0hecho en cuero envejecido sin forro. estampado a maquina con tintes antiguos y luego tallado a mano con un dise\u00f1o floral cl\u00e1sico del oeste, tambi\u00e9n se muestra la costura a lo largo del cintur\u00f3n. Para la costura utilizamos un hilo resistente y refinado por mercerizaci\u00f3n. Gracias a la tapa de rosca, el cintur\u00f3n tambi\u00e9n se puede acortar individualmente.<\/p>\n<p style=\"text-align: left;\">Sobre todo, esto es una ventaja frente a un remachado firme de los cierres, ya que es posible cambiar la longitud. El ajuste flexible de la cintura solo se puede ajustar mediante el sistema de tuerca y tornillo.<\/p>\n<p style=\"text-align: left;\">Este proceso hace que estos cinturones sean muy asequibles<\/p>\n<p style=\"text-align: left;\">Ancho: aproximadamente 4 cm. Largo: contamos con medidas de hasta\u00a0 110 cm.<\/p>\n<h5 style=\"text-align: center;\"><strong>\u00bfAlguna duda? Ponte en contacto con nosotros a trav\u00e9s del bot\u00f3n del chat directo por whatsA<\/strong><strong>pp y te resolveremos las dudas al instante!<\/strong><\/h5>\n<p><!-- AddThis Advanced Settings generic via filter on get_the_excerpt --><!-- AddThis Share Buttons generic via filter on get_the_excerpt --><\/p>\n","protected":false},"featured_media":29927,"comment_status":"open","ping_status":"closed","template":"","meta":{"om_disable_all_campaigns":false,"_monsterinsights_skip_tracking":false,"_monsterinsights_sitenote_active":false,"_monsterinsights_sitenote_note":"","_monsterinsights_sitenote_category":0,"_uf_show_specific_survey":0,"_uf_disable_surveys":false},"product_brand":[1217],"product_cat":[980],"product_tag":[1087,290,258,332,271,334,343,335,333,1089,1034,1088,738,1146,1168],"class_list":{"0":"post-29925","1":"product","2":"type-product","3":"status-publish","4":"has-post-thumbnail","6":"product_brand-ibags-belts","7":"product_cat-cinturones-lisos","8":"product_tag-cinto","9":"product_tag-cinturon","10":"product_tag-cinturon-cuero-cowboy-cinturon-cuero-de-vaca-cinturon-de-cuero-artesanal-bolso-de-cuero-cinturon-cuero-para-hombre-cinturon-para-mujer","11":"product_tag-cinturon-cuero","12":"product_tag-cinturon-cuero-para-hombre-cinturones-cuero-repujado-cinturon-cuero-trenzado-troquelado-cuero-vaca","13":"product_tag-cinturon-cuero-marron","14":"product_tag-cinturon-cuero-moderno","15":"product_tag-cinturon-cuero-natural","16":"product_tag-cinturon-cuero-vaca","17":"product_tag-cinturon-piel","18":"product_tag-cinturones","19":"product_tag-correa","20":"product_tag-hippie","21":"product_tag-repujado","22":"product_tag-tallado","24":"first","25":"instock","26":"shipping-taxable","27":"purchasable","28":"product-type-variable","29":"add-to-wishlist-after_add_to_cart","30":"layout-style-1","31":"col-md-4 col-sm-4 col-xs-6","32":"col-lg-3","33":"product-has-gallery","34":"product-style-default"},"aioseo_notices":[],"_links":{"self":[{"href":"https:\/\/www.ibagsbelts.com\/tienda\/wp-json\/wp\/v2\/product\/29925","targetHints":{"allow":["GET"]}}],"collection":[{"href":"https:\/\/www.ibagsbelts.com\/tienda\/wp-json\/wp\/v2\/product"}],"about":[{"href":"https:\/\/www.ibagsbelts.com\/tienda\/wp-json\/wp\/v2\/types\/product"}],"replies":[{"embeddable":true,"href":"https:\/\/www.ibagsbelts.com\/tienda\/wp-json\/wp\/v2\/comments?post=29925"}],"wp:featuredmedia":[{"embeddable":true,"href":"https:\/\/www.ibagsbelts.com\/tienda\/wp-json\/wp\/v2\/media\/29927"}],"wp:attachment":[{"href":"https:\/\/www.ibagsbelts.com\/tienda\/wp-json\/wp\/v2\/media?parent=29925"}],"wp:term":[{"taxonomy":"product_brand","embeddable":true,"href":"https:\/\/www.ibagsbelts.com\/tienda\/wp-json\/wp\/v2\/product_brand?post=29925"},{"taxonomy":"product_cat","embeddable":true,"href":"https:\/\/www.ibagsbelts.com\/tienda\/wp-json\/wp\/v2\/product_cat?post=29925"},{"taxonomy":"product_tag","embeddable":true,"href":"https:\/\/www.ibagsbelts.com\/tienda\/wp-json\/wp\/v2\/product_tag?post=29925"}],"curies":[{"name":"wp","href":"https:\/\/api.w.org\/{rel}","templated":true}]}}