{"id":29991,"date":"2024-07-07T09:45:02","date_gmt":"2024-07-07T07:45:02","guid":{"rendered":"https:\/\/www.ibagsbelts.com\/tienda\/?post_type=product&#038;p=29991"},"modified":"2026-03-12T22:18:16","modified_gmt":"2026-03-12T21:18:16","slug":"mochila-de-piel-negra-peyton-2","status":"publish","type":"product","link":"https:\/\/www.ibagsbelts.com\/tienda\/producto\/mochila-de-piel-negra-peyton-2\/","title":{"rendered":"Mochila de piel negra Peyton 2"},"content":{"rendered":"<p style=\"text-align: left;\">Mochilas m\u00e1s modernas fabricadas en piel aut\u00e9ntica que, gracias a su pr\u00e1ctica forma, puedes utilizarlas especialmente para el trabajo o la escuela.<\/p>\n<p style=\"text-align: left;\">La mochila est\u00e1 fabricada en cuero de alta calidad, lo que te garantizar\u00e1 total comodidad y fiabilidad durante muchos a\u00f1os. Esta prenda de moda se convertir\u00e1 as\u00ed en una parte integral de tu guardarropa.<\/p>\n<p style=\"text-align: left;\">El compartimento de almacenamiento principal es lo suficientemente grande como para guardar de forma segura papeles de tama\u00f1o A4. La mochila ser\u00e1 una gran compa\u00f1era para el trabajo o la escuela. El bolsillo principal tambi\u00e9n ofrece un compartimento m\u00e1s peque\u00f1o con cremallera para objetos m\u00e1s peque\u00f1os. Luego cierra todo con una cremallera. Puedes utilizar el bolsillo con cremallera m\u00e1s peque\u00f1o en la parte delantera de la mochila, por ejemplo, para cosas m\u00e1s peque\u00f1as a las que quieras tener acceso r\u00e1pido en todo momento.<\/p>\n<p style=\"text-align: left;\">Fabricada artesanalmente con tintes naturales, cada mochila es \u00fanica en su color y dise\u00f1o. Sus medidas exteriores de 32 cm de ancho, 37 cm de alto y 10 cm de profundidad la hacen lo suficientemente espaciosa para llevar todo lo que necesitas, mientras que su dise\u00f1o elegante y atemporal garantiza que siempre luzcas con estilo.<\/p>\n<p style=\"text-align: left;\"><strong style=\"font-size: 1.4rem;\">Aviso importante<\/strong><\/p>\n<h5 style=\"text-align: left;\">Todos nuestros productos de cuero est\u00e1n hechos a mano y su nueva bolsa de cuero puede estar sujeta a una variaci\u00f3n natural en tama\u00f1o y color.<br \/>\nPara los tama\u00f1os, permita 1-2 cm difiere debido a la medida manual.<br \/>\nLas im\u00e1genes son 100% reales.<br \/>\nDebido al monitor del ordenador y el brillo real de la toma y otras razones, habr\u00e1 una cierta diferencia de color.<\/h5>\n<!-- AddThis Advanced Settings generic via filter on the_content --><!-- AddThis Share Buttons generic via filter on the_content -->","protected":false},"excerpt":{"rendered":"<p style=\"text-align: left;\">Mochilas m\u00e1s modernas fabricadas en piel aut\u00e9ntica que, gracias a su pr\u00e1ctica forma, puedes utilizarlas especialmente para el trabajo o la escuela.<\/p>\n<p style=\"text-align: left;\">La mochila est\u00e1 fabricada en cuero de alta calidad, lo que te garantizar\u00e1 total comodidad y fiabilidad durante muchos a\u00f1os. Esta prenda de moda se convertir\u00e1 as\u00ed en una parte integral de tu guardarropa.<\/p>\n<p style=\"text-align: left;\">El compartimento de almacenamiento principal es lo suficientemente grande como para guardar de forma segura papeles de tama\u00f1o A4. La mochila ser\u00e1 una gran compa\u00f1era para el trabajo o la escuela. El bolsillo principal tambi\u00e9n ofrece un compartimento m\u00e1s peque\u00f1o con cremallera para objetos m\u00e1s peque\u00f1os. Luego cierra todo con una cremallera. Puedes utilizar el bolsillo con cremallera m\u00e1s peque\u00f1o en la parte delantera de la mochila, por ejemplo, para cosas m\u00e1s peque\u00f1as a las que quieras tener acceso r\u00e1pido en todo momento.<\/p>\n<p style=\"text-align: left;\"><span class=\"a-list-item\">Medidas exteriores: 32 \u00a0cm de ancho, 37 cm de alto, 10 cm de profundidad.<\/span><\/p>\n<div class=\"woocommerce-product-details__short-description\">\n<div id=\"featurebullets_feature_div\" class=\"celwidget\" data-feature-name=\"featurebullets\" data-csa-c-id=\"ezq2qk-n7p6b1-v7giel-i0emrq\" data-cel-widget=\"featurebullets_feature_div\">\n<div id=\"feature-bullets\" class=\"a-section a-spacing-medium a-spacing-top-small\">\n<h5 style=\"text-align: center;\"><strong>\u00bfAlguna duda? Ponte en contacto con nosotros a trav\u00e9s del bot\u00f3n del chat directo por whatsApp y te resolveremos las dudas al instante!<\/strong><\/h5>\n<\/div>\n<\/div>\n<\/div>\n<p><!-- AddThis Advanced Settings generic via filter on get_the_excerpt --><!-- AddThis Share Buttons generic via filter on get_the_excerpt --><\/p>\n","protected":false},"featured_media":29992,"comment_status":"open","ping_status":"closed","template":"","meta":{"om_disable_all_campaigns":false,"_monsterinsights_skip_tracking":false,"_monsterinsights_sitenote_active":false,"_monsterinsights_sitenote_note":"","_monsterinsights_sitenote_category":0,"_uf_show_specific_survey":0,"_uf_disable_surveys":false},"product_brand":[1217],"product_cat":[400],"product_tag":[1019,1036,275,310,347,354,1136,1100,1102],"class_list":{"0":"post-29991","1":"product","2":"type-product","3":"status-publish","4":"has-post-thumbnail","6":"product_brand-ibags-belts","7":"product_cat-mochilas-medianas","8":"product_tag-bolsa-de-portatil","9":"product_tag-bolso-piel-italiano","10":"product_tag-mochila-de-cuero-para-hombre-bolso-de-cuero-para-mujer-bolso-de-cuero-hecho-a-mano-bolso-cuero-grabado-bolso-cuero-hombre-artesanal-bolso-cuero-hecho-a-mano-bolsos-cuero-y-kilim","11":"product_tag-mochila-cuero","12":"product_tag-mochila-hecho-a-mano","13":"product_tag-mochila-moto-cuero","14":"product_tag-mochila-piel","15":"product_tag-mochila-rock","16":"product_tag-piel","18":"first","19":"instock","20":"shipping-taxable","21":"purchasable","22":"product-type-simple","23":"add-to-wishlist-after_add_to_cart","24":"layout-style-1","25":"col-md-4 col-sm-4 col-xs-6","26":"col-lg-3","27":"product-has-gallery","28":"product-style-default"},"aioseo_notices":[],"_links":{"self":[{"href":"https:\/\/www.ibagsbelts.com\/tienda\/wp-json\/wp\/v2\/product\/29991","targetHints":{"allow":["GET"]}}],"collection":[{"href":"https:\/\/www.ibagsbelts.com\/tienda\/wp-json\/wp\/v2\/product"}],"about":[{"href":"https:\/\/www.ibagsbelts.com\/tienda\/wp-json\/wp\/v2\/types\/product"}],"replies":[{"embeddable":true,"href":"https:\/\/www.ibagsbelts.com\/tienda\/wp-json\/wp\/v2\/comments?post=29991"}],"wp:featuredmedia":[{"embeddable":true,"href":"https:\/\/www.ibagsbelts.com\/tienda\/wp-json\/wp\/v2\/media\/29992"}],"wp:attachment":[{"href":"https:\/\/www.ibagsbelts.com\/tienda\/wp-json\/wp\/v2\/media?parent=29991"}],"wp:term":[{"taxonomy":"product_brand","embeddable":true,"href":"https:\/\/www.ibagsbelts.com\/tienda\/wp-json\/wp\/v2\/product_brand?post=29991"},{"taxonomy":"product_cat","embeddable":true,"href":"https:\/\/www.ibagsbelts.com\/tienda\/wp-json\/wp\/v2\/product_cat?post=29991"},{"taxonomy":"product_tag","embeddable":true,"href":"https:\/\/www.ibagsbelts.com\/tienda\/wp-json\/wp\/v2\/product_tag?post=29991"}],"curies":[{"name":"wp","href":"https:\/\/api.w.org\/{rel}","templated":true}]}}