{"id":30010,"date":"2024-07-07T10:18:51","date_gmt":"2024-07-07T08:18:51","guid":{"rendered":"https:\/\/www.ibagsbelts.com\/tienda\/?post_type=product&#038;p=30010"},"modified":"2026-03-12T22:14:42","modified_gmt":"2026-03-12T21:14:42","slug":"mochila-de-piel-marron-para-portatil-clover","status":"publish","type":"product","link":"https:\/\/www.ibagsbelts.com\/tienda\/producto\/mochila-de-piel-marron-para-portatil-clover\/","title":{"rendered":"Mochila de piel marr\u00f3n para port\u00e1til Clover"},"content":{"rendered":"<div id=\"featurebullets_feature_div\" class=\"celwidget\" data-feature-name=\"featurebullets\" data-csa-c-id=\"ezq2qk-n7p6b1-v7giel-i0emrq\" data-cel-widget=\"featurebullets_feature_div\">\n<div id=\"featurebullets_feature_div\" class=\"celwidget\" style=\"text-align: left;\" data-feature-name=\"featurebullets\" data-csa-c-id=\"ezq2qk-n7p6b1-v7giel-i0emrq\" data-cel-widget=\"featurebullets_feature_div\">\n<div class=\"a-section a-spacing-medium a-spacing-top-small\">\n<p>Descubre la elegancia y funcionalidad de la mochila ibags belts, confeccionada en aut\u00e9ntico cuero de grano real. Esta mochila espaciosa y sofisticada cuenta con dos compartimentos forrados en algod\u00f3n, incluyendo un bolsillo interior para laptops de hasta 16 pulgadas. Adem\u00e1s, dispone de dos amplios bolsillos externos y organizadores internos para bol\u00edgrafos y tel\u00e9fono. Con un dise\u00f1o unisex, producci\u00f3n artesanal italiana, esta mochila es perfecta para quienes buscan estilo y practicidad en su d\u00eda a d\u00eda.<\/p>\n<p class=\"a-size-large a-spacing-none\" style=\"text-align: left;\"><span id=\"productTitle\" class=\"a-size-large product-title-word-break\">De uso Diario la Piel \u00a0Elegante Cl\u00e1sica. <span class=\"a-list-item\">Este mochila de estilo \u201cOld School\u201d de tama\u00f1o mediano se puede utilizar para llevar documentos, el iPad, como equipaje de mano, para ir de compras\u2026 y mucho m\u00e1s.<\/span><\/span><\/p>\n<div id=\"featurebullets_feature_div\" class=\"celwidget\" data-feature-name=\"featurebullets\" data-csa-c-id=\"ezq2qk-n7p6b1-v7giel-i0emrq\" data-cel-widget=\"featurebullets_feature_div\">\n<div id=\"feature-bullets\" class=\"a-section a-spacing-medium a-spacing-top-small\">\n<p style=\"text-align: left;\"><span class=\"a-list-item\">Medidas exteriores: 36 cm de largo, 46 cm de alto, 12 cm de profundidad. <\/span><span class=\"a-list-item\">Asas: 95 cm x 3.5 cm.<\/span><\/p>\n<\/div>\n<\/div>\n<\/div>\n<\/div>\n<\/div>\n<div id=\"whiteGloveMessage_feature_div\" class=\"celwidget\" data-feature-name=\"whiteGloveMessage\" data-csa-c-id=\"gzcno0-vjsqay-645ynr-pioakn\" data-cel-widget=\"whiteGloveMessage_feature_div\">\n<p style=\"text-align: left;\"><strong>Aviso importante<\/strong><\/p>\n<p style=\"text-align: left;\">Todos nuestros productos de cuero est\u00e1n hechos a mano y su nuevo bolso de cuero puede estar sujeta a una variaci\u00f3n natural en tama\u00f1o y color.<\/p>\n<p style=\"text-align: left;\">Las pieles utilizadas han sido procesadas y curtidas en una de las curtidur\u00edas m\u00e1s antiguas utilizando t\u00e9cnicas centenarias para dar al cuero acabado un aspecto antiguo \/ vintage.<br \/>\nPara los tama\u00f1os, permita 1-2 cm diferencia debido a la medida manual.<br \/>\nLas im\u00e1genes son 100% reales.<br \/>\nDebido al monitor del ordenador y el brillo real de la toma y otras razones, habr\u00e1 una cierta diferencia de color.<\/p>\n<\/div>\n<!-- AddThis Advanced Settings generic via filter on the_content --><!-- AddThis Share Buttons generic via filter on the_content -->","protected":false},"excerpt":{"rendered":"<p style=\"text-align: left;\">Descubre la elegancia y funcionalidad de la mochila ibags belts, confeccionada en aut\u00e9ntico cuero de grano real. Esta mochila espaciosa y sofisticada cuenta con dos compartimentos forrados en algod\u00f3n, incluyendo un bolsillo interior para laptops de hasta 16 pulgadas. Adem\u00e1s, dispone de dos amplios bolsillos externos y organizadores internos para bol\u00edgrafos y tel\u00e9fono. Con un dise\u00f1o unisex, producci\u00f3n artesanal italiana, esta mochila es perfecta para quienes buscan estilo y practicidad en su d\u00eda a d\u00eda.<\/p>\n<p class=\"a-size-large a-spacing-none\" style=\"text-align: left;\"><span id=\"productTitle\" class=\"a-size-large product-title-word-break\">De uso Diario la Piel \u00a0Elegante Cl\u00e1sica. <span class=\"a-list-item\">Este mochila de estilo &#8220;Old School&#8221; de tama\u00f1o mediano se puede utilizar para llevar documentos, el iPad, como equipaje de mano, para ir de compras&#8230; y mucho m\u00e1s.<\/span><\/span><\/p>\n<div id=\"featurebullets_feature_div\" class=\"celwidget\" data-feature-name=\"featurebullets\" data-csa-c-id=\"ezq2qk-n7p6b1-v7giel-i0emrq\" data-cel-widget=\"featurebullets_feature_div\">\n<div id=\"feature-bullets\" class=\"a-section a-spacing-medium a-spacing-top-small\">\n<p style=\"text-align: left;\"><span class=\"a-list-item\">Medidas exteriores: 36 cm de largo, 46 cm de alto, 12 cm de profundidad. <\/span><span class=\"a-list-item\">Asas: 95 cm x 3.5 cm.<\/span><\/p>\n<h5 style=\"text-align: center;\"><strong>\u00bfAlguna duda? Ponte en contacto con nosotros a trav\u00e9s del bot\u00f3n del chat directo por whatsApp y te resolveremos las dudas al instante!<\/strong><\/h5>\n<\/div>\n<\/div>\n<p><!-- AddThis Advanced Settings generic via filter on get_the_excerpt --><!-- AddThis Share Buttons generic via filter on get_the_excerpt --><\/p>\n","protected":false},"featured_media":30011,"comment_status":"open","ping_status":"closed","template":"","meta":{"om_disable_all_campaigns":false,"_monsterinsights_skip_tracking":false,"_monsterinsights_sitenote_active":false,"_monsterinsights_sitenote_note":"","_monsterinsights_sitenote_category":0,"_uf_show_specific_survey":0,"_uf_disable_surveys":false},"product_brand":[1217],"product_cat":[985],"product_tag":[905,275,310,347,1136,325,304,1102],"class_list":{"0":"post-30010","1":"product","2":"type-product","3":"status-publish","4":"has-post-thumbnail","6":"product_brand-ibags-belts","7":"product_cat-mochilas-grandes","8":"product_tag-casual","9":"product_tag-mochila-de-cuero-para-hombre-bolso-de-cuero-para-mujer-bolso-de-cuero-hecho-a-mano-bolso-cuero-grabado-bolso-cuero-hombre-artesanal-bolso-cuero-hecho-a-mano-bolsos-cuero-y-kilim","10":"product_tag-mochila-cuero","11":"product_tag-mochila-hecho-a-mano","12":"product_tag-mochila-piel","13":"product_tag-mochilas","14":"product_tag-mochilas-cuero-con-cremalleras","15":"product_tag-piel","17":"first","18":"instock","19":"shipping-taxable","20":"purchasable","21":"product-type-simple","22":"add-to-wishlist-after_add_to_cart","23":"layout-style-1","24":"col-md-4 col-sm-4 col-xs-6","25":"col-lg-3","26":"product-has-gallery","27":"product-style-default"},"aioseo_notices":[],"_links":{"self":[{"href":"https:\/\/www.ibagsbelts.com\/tienda\/wp-json\/wp\/v2\/product\/30010","targetHints":{"allow":["GET"]}}],"collection":[{"href":"https:\/\/www.ibagsbelts.com\/tienda\/wp-json\/wp\/v2\/product"}],"about":[{"href":"https:\/\/www.ibagsbelts.com\/tienda\/wp-json\/wp\/v2\/types\/product"}],"replies":[{"embeddable":true,"href":"https:\/\/www.ibagsbelts.com\/tienda\/wp-json\/wp\/v2\/comments?post=30010"}],"wp:featuredmedia":[{"embeddable":true,"href":"https:\/\/www.ibagsbelts.com\/tienda\/wp-json\/wp\/v2\/media\/30011"}],"wp:attachment":[{"href":"https:\/\/www.ibagsbelts.com\/tienda\/wp-json\/wp\/v2\/media?parent=30010"}],"wp:term":[{"taxonomy":"product_brand","embeddable":true,"href":"https:\/\/www.ibagsbelts.com\/tienda\/wp-json\/wp\/v2\/product_brand?post=30010"},{"taxonomy":"product_cat","embeddable":true,"href":"https:\/\/www.ibagsbelts.com\/tienda\/wp-json\/wp\/v2\/product_cat?post=30010"},{"taxonomy":"product_tag","embeddable":true,"href":"https:\/\/www.ibagsbelts.com\/tienda\/wp-json\/wp\/v2\/product_tag?post=30010"}],"curies":[{"name":"wp","href":"https:\/\/api.w.org\/{rel}","templated":true}]}}