{"id":30019,"date":"2024-07-07T10:49:57","date_gmt":"2024-07-07T08:49:57","guid":{"rendered":"https:\/\/www.ibagsbelts.com\/tienda\/?post_type=product&#038;p=30019"},"modified":"2026-03-12T22:13:06","modified_gmt":"2026-03-12T21:13:06","slug":"mochila-para-mujer-de-piel-camel-beatriz","status":"publish","type":"product","link":"https:\/\/www.ibagsbelts.com\/tienda\/producto\/mochila-para-mujer-de-piel-camel-beatriz\/","title":{"rendered":"Mochila para mujer de piel camel Beatriz"},"content":{"rendered":"<p style=\"text-align: left;\">Descubre la elegancia y la versatilidad con esta magn\u00edfica mochila de piel, cuidadosamente confeccionada a mano con un estilo retro aut\u00e9nticamente vintage. Este accesorio es m\u00e1s que una simple mochila: es un compa\u00f1ero ideal para tu d\u00eda a d\u00eda, ya sea en el trabajo, en la oficina, en citas de negocios o como porta documentos. Adem\u00e1s, es perfecta como malet\u00edn de trabajo o como bolsa para tu c\u00e1mara de fotos, c\u00e1mara de v\u00eddeo, iPad o iPhone.<\/p>\n<p style=\"text-align: left;\">Elaborada con cuero de la m\u00e1s alta calidad en un cautivador, esta mochila destaca por su exquisita artesan\u00eda y su dise\u00f1o elegante. Sus medidas exteriores de 34 cm de ancho, 34 cm de alto y 12 cm de profundidad la convierten en el tama\u00f1o perfecto para llevar tus pertenencias de forma c\u00f3moda y organizada.<\/p>\n<p style=\"text-align: left;\">Esta mochila es ideal para mujeres, adolescentes y cualquier persona que busque un accesorio que combine funcionalidad y estilo. Ya sea para pasear por la ciudad, para una noche en la discoteca o como un regalo \u00fanico y especial, esta mochila de piel ser\u00e1 tu compa\u00f1era perfecta, a\u00f1adiendo un toque de distinci\u00f3n a cualquier ocasi\u00f3n. \u00a1No esperes m\u00e1s para disfrutar de la elegancia atemporal de esta maravillosa mochila!<\/p>\n<p style=\"text-align: left;\"><strong>Aviso importante<\/strong><\/p>\n<h5 style=\"text-align: left;\">Todos nuestros productos de cuero est\u00e1n hechos a mano y su nueva bolsa de cuero puede estar sujeta a una variaci\u00f3n natural en tama\u00f1o y color.<br \/>\nPara los tama\u00f1os, permita 1-2 cm difiere debido a la medida manual.<br \/>\nLas im\u00e1genes son 100% reales.<br \/>\nDebido al monitor del ordenador y el brillo real de la toma y otras razones, habr\u00e1 una cierta diferencia de color.<\/h5>\n<!-- AddThis Advanced Settings generic via filter on the_content --><!-- AddThis Share Buttons generic via filter on the_content -->","protected":false},"excerpt":{"rendered":"<p style=\"text-align: left;\"><span class=\"a-list-item\">Esta mochila de cuero confeccionado a mano, interior forrado, un bolsillo interior y tres bolsillos externos con cremallera. Tirantes ajustables, de estilo retro con un toque verdaderamente vintage, es un accesorio ideal ya que puede usarse como bolso diario para la universidad, el trabajo, la oficina, para citas de negocios.<\/span><\/p>\n<p style=\"text-align: left;\"><span class=\"a-list-item\">Realmente apropiada como mochila de uso diario de mujeres, adolescentes. Para pasear por la ciudad como mochila, para ir a la discoteca, como regalo. Elaborada en piel italiana.<\/span><\/p>\n<p style=\"text-align: left;\"><span class=\"a-list-item\">Medidas exteriores: 34 cm de ancho, 34 cm de alto, 12 cm de profundidad.<\/span><\/p>\n<div class=\"woocommerce-product-details__short-description\">\n<div id=\"featurebullets_feature_div\" class=\"celwidget\" data-feature-name=\"featurebullets\" data-csa-c-id=\"ezq2qk-n7p6b1-v7giel-i0emrq\" data-cel-widget=\"featurebullets_feature_div\">\n<div id=\"feature-bullets\" class=\"a-section a-spacing-medium a-spacing-top-small\">\n<h5 style=\"text-align: center;\"><strong>\u00bfAlguna duda? Ponte en contacto con nosotros a trav\u00e9s del bot\u00f3n del chat directo por whatsApp y te resolveremos las dudas al instante!<\/strong><\/h5>\n<\/div>\n<\/div>\n<\/div>\n<p style=\"text-align: center;\">\n<p><!-- AddThis Advanced Settings generic via filter on get_the_excerpt --><!-- AddThis Share Buttons generic via filter on get_the_excerpt --><\/p>\n","protected":false},"featured_media":30022,"comment_status":"open","ping_status":"closed","template":"","meta":{"om_disable_all_campaigns":false,"_monsterinsights_skip_tracking":false,"_monsterinsights_sitenote_active":false,"_monsterinsights_sitenote_note":"","_monsterinsights_sitenote_category":0,"_uf_show_specific_survey":0,"_uf_disable_surveys":false},"product_brand":[1217],"product_cat":[400],"product_tag":[905,275,310,347,325,304,1102],"class_list":{"0":"post-30019","1":"product","2":"type-product","3":"status-publish","4":"has-post-thumbnail","6":"product_brand-ibags-belts","7":"product_cat-mochilas-medianas","8":"product_tag-casual","9":"product_tag-mochila-de-cuero-para-hombre-bolso-de-cuero-para-mujer-bolso-de-cuero-hecho-a-mano-bolso-cuero-grabado-bolso-cuero-hombre-artesanal-bolso-cuero-hecho-a-mano-bolsos-cuero-y-kilim","10":"product_tag-mochila-cuero","11":"product_tag-mochila-hecho-a-mano","12":"product_tag-mochilas","13":"product_tag-mochilas-cuero-con-cremalleras","14":"product_tag-piel","16":"first","17":"instock","18":"shipping-taxable","19":"purchasable","20":"product-type-simple","21":"add-to-wishlist-after_add_to_cart","22":"layout-style-1","23":"col-md-4 col-sm-4 col-xs-6","24":"col-lg-3","25":"product-has-gallery","26":"product-style-default"},"aioseo_notices":[],"_links":{"self":[{"href":"https:\/\/www.ibagsbelts.com\/tienda\/wp-json\/wp\/v2\/product\/30019","targetHints":{"allow":["GET"]}}],"collection":[{"href":"https:\/\/www.ibagsbelts.com\/tienda\/wp-json\/wp\/v2\/product"}],"about":[{"href":"https:\/\/www.ibagsbelts.com\/tienda\/wp-json\/wp\/v2\/types\/product"}],"replies":[{"embeddable":true,"href":"https:\/\/www.ibagsbelts.com\/tienda\/wp-json\/wp\/v2\/comments?post=30019"}],"wp:featuredmedia":[{"embeddable":true,"href":"https:\/\/www.ibagsbelts.com\/tienda\/wp-json\/wp\/v2\/media\/30022"}],"wp:attachment":[{"href":"https:\/\/www.ibagsbelts.com\/tienda\/wp-json\/wp\/v2\/media?parent=30019"}],"wp:term":[{"taxonomy":"product_brand","embeddable":true,"href":"https:\/\/www.ibagsbelts.com\/tienda\/wp-json\/wp\/v2\/product_brand?post=30019"},{"taxonomy":"product_cat","embeddable":true,"href":"https:\/\/www.ibagsbelts.com\/tienda\/wp-json\/wp\/v2\/product_cat?post=30019"},{"taxonomy":"product_tag","embeddable":true,"href":"https:\/\/www.ibagsbelts.com\/tienda\/wp-json\/wp\/v2\/product_tag?post=30019"}],"curies":[{"name":"wp","href":"https:\/\/api.w.org\/{rel}","templated":true}]}}