{"id":30031,"date":"2024-07-07T11:44:38","date_gmt":"2024-07-07T09:44:38","guid":{"rendered":"https:\/\/www.ibagsbelts.com\/tienda\/?post_type=product&#038;p=30031"},"modified":"2026-03-12T22:11:58","modified_gmt":"2026-03-12T21:11:58","slug":"mochila-de-piel-camel-diseno-vintage-japon","status":"publish","type":"product","link":"https:\/\/www.ibagsbelts.com\/tienda\/producto\/mochila-de-piel-camel-diseno-vintage-japon\/","title":{"rendered":"Mochila de piel camel dise\u00f1o vintage Jap\u00f3n"},"content":{"rendered":"<p style=\"text-align: left;\">Experimenta la m\u00e1xima comodidad con nuestra Mochila de piel vers\u00e1til y atractiva, dise\u00f1ada para adaptarse a tu estilo de vida activo. Ya sea para la universidad, la escuela, los negocios, los viajes, las excursiones cortas, los campamentos o las actividades al aire libre, esta mochila te ofrece comodidad y estilo.<\/p>\n<p style=\"text-align: left;\"><strong>Caracter\u00edsticas Destacadas:<\/strong><\/p>\n<ul style=\"text-align: left;\">\n<li><strong>Comodidad Asegurada:<\/strong> Tirantes c\u00f3modos y un sistema de suspensi\u00f3n ligero protegen tu espalda y ofrecen m\u00e1ximo soporte.<\/li>\n<li><strong>Espaciosa y Funcional:<\/strong>\u00a0equipado con un gran bolsillo frontal y dos bolsillos laterales. Tres bolsillos internos, uno con cierre de cremallera para tus pertenencias esenciales.<\/li>\n<li><strong>Dimensiones Aproximadas:<\/strong>\u00a038 cm x 42 cm x 14 cm.<\/li>\n<\/ul>\n<p style=\"text-align: left;\">Esta mochila no solo es un accesorio, sino un compa\u00f1ero vers\u00e1til que se adapta a tu ritmo de vida. \u00a1Descubre el equilibrio perfecto entre funcionalidad y estilo con nuestra mochila ajustable y c\u00f3moda!<\/p>\n<h5 style=\"text-align: left;\"><strong>Aviso importante<\/strong><\/h5>\n<h5 style=\"text-align: left;\">Todos nuestros productos de cuero est\u00e1n hechos a mano y su nueva bolsa de cuero puede estar sujeta a una variaci\u00f3n natural en tama\u00f1o y color.<br \/>\nPara los tama\u00f1os, permita 1-2 cm difiere debido a la medida manual.<br \/>\nLas im\u00e1genes son 100% reales.<br \/>\nDebido al monitor del ordenador y el brillo real de la toma y otras razones, habr\u00e1 una cierta diferencia de color.<\/h5>\n<!-- AddThis Advanced Settings generic via filter on the_content --><!-- AddThis Share Buttons generic via filter on the_content -->","protected":false},"excerpt":{"rendered":"<p style=\"text-align: left;\">Experimenta la m\u00e1xima comodidad con nuestra Mochila de piel vers\u00e1til y atractiva, dise\u00f1ada para adaptarse a tu estilo de vida activo. Ya sea para la universidad, la escuela, los negocios, los viajes, las excursiones cortas, los campamentos o las actividades al aire libre, esta mochila te ofrece comodidad y estilo.<\/p>\n<p style=\"text-align: left;\"><strong>Caracter\u00edsticas Destacadas:<\/strong><\/p>\n<ul style=\"text-align: left;\">\n<li><strong>Comodidad Asegurada:<\/strong> Tirantes c\u00f3modos y un sistema de suspensi\u00f3n ligero protegen tu espalda y ofrecen m\u00e1ximo soporte.<\/li>\n<li><strong>Espaciosa y Funcional:<\/strong>\u00a0equipado con un gran bolsillo frontal y dos bolsillos laterales. Tres bolsillos internos, uno con cierre de cremallera para tus pertenencias esenciales.<\/li>\n<li><strong>Dimensiones Aproximadas:<\/strong>\u00a038 cm x 42 cm x 14 cm.<\/li>\n<\/ul>\n<div class=\"woocommerce-product-details__short-description\">\n<h5 class=\"woocommerce-product-details__short-description\" style=\"text-align: center;\"><a href=\"https:\/\/bit.ly\/TE-AYUDO\"><strong>\u00bfAlguna duda? Ponte en contacto con nosotros a trav\u00e9s del bot\u00f3n del chat directo por whatsApp y te resolveremos las dudas al instante!<\/strong><\/a><\/h5>\n<p>&nbsp;<\/p>\n<\/div>\n<p><!-- AddThis Advanced Settings generic via filter on get_the_excerpt --><!-- AddThis Share Buttons generic via filter on get_the_excerpt --><\/p>\n","protected":false},"featured_media":30034,"comment_status":"open","ping_status":"closed","template":"","meta":{"om_disable_all_campaigns":false,"_monsterinsights_skip_tracking":false,"_monsterinsights_sitenote_active":false,"_monsterinsights_sitenote_note":"","_monsterinsights_sitenote_category":0,"_uf_show_specific_survey":0,"_uf_disable_surveys":false},"product_brand":[1217],"product_cat":[985],"product_tag":[1135,1096,1036,753,738,739,275,310,1099,347,354,1136,325,1102],"class_list":{"0":"post-30031","1":"product","2":"type-product","3":"status-publish","4":"has-post-thumbnail","6":"product_brand-ibags-belts","7":"product_cat-mochilas-grandes","8":"product_tag-accesorios-y-complementos","9":"product_tag-artesania","10":"product_tag-bolso-piel-italiano","11":"product_tag-complementos-de-cuero","12":"product_tag-hippie","13":"product_tag-hippiechic","14":"product_tag-mochila-de-cuero-para-hombre-bolso-de-cuero-para-mujer-bolso-de-cuero-hecho-a-mano-bolso-cuero-grabado-bolso-cuero-hombre-artesanal-bolso-cuero-hecho-a-mano-bolsos-cuero-y-kilim","15":"product_tag-mochila-cuero","16":"product_tag-mochila-heavy","17":"product_tag-mochila-hecho-a-mano","18":"product_tag-mochila-moto-cuero","19":"product_tag-mochila-piel","20":"product_tag-mochilas","21":"product_tag-piel","23":"first","24":"instock","25":"shipping-taxable","26":"purchasable","27":"product-type-simple","28":"add-to-wishlist-after_add_to_cart","29":"layout-style-1","30":"col-md-4 col-sm-4 col-xs-6","31":"col-lg-3","32":"product-has-gallery","33":"product-style-default"},"aioseo_notices":[],"_links":{"self":[{"href":"https:\/\/www.ibagsbelts.com\/tienda\/wp-json\/wp\/v2\/product\/30031","targetHints":{"allow":["GET"]}}],"collection":[{"href":"https:\/\/www.ibagsbelts.com\/tienda\/wp-json\/wp\/v2\/product"}],"about":[{"href":"https:\/\/www.ibagsbelts.com\/tienda\/wp-json\/wp\/v2\/types\/product"}],"replies":[{"embeddable":true,"href":"https:\/\/www.ibagsbelts.com\/tienda\/wp-json\/wp\/v2\/comments?post=30031"}],"wp:featuredmedia":[{"embeddable":true,"href":"https:\/\/www.ibagsbelts.com\/tienda\/wp-json\/wp\/v2\/media\/30034"}],"wp:attachment":[{"href":"https:\/\/www.ibagsbelts.com\/tienda\/wp-json\/wp\/v2\/media?parent=30031"}],"wp:term":[{"taxonomy":"product_brand","embeddable":true,"href":"https:\/\/www.ibagsbelts.com\/tienda\/wp-json\/wp\/v2\/product_brand?post=30031"},{"taxonomy":"product_cat","embeddable":true,"href":"https:\/\/www.ibagsbelts.com\/tienda\/wp-json\/wp\/v2\/product_cat?post=30031"},{"taxonomy":"product_tag","embeddable":true,"href":"https:\/\/www.ibagsbelts.com\/tienda\/wp-json\/wp\/v2\/product_tag?post=30031"}],"curies":[{"name":"wp","href":"https:\/\/api.w.org\/{rel}","templated":true}]}}