{"id":30194,"date":"2024-07-12T13:22:11","date_gmt":"2024-07-12T11:22:11","guid":{"rendered":"https:\/\/www.ibagsbelts.com\/tienda\/?post_type=product&#038;p=30194"},"modified":"2026-03-12T21:40:00","modified_gmt":"2026-03-12T20:40:00","slug":"bolso-de-aro-en-piel-oro-metalizado-tina","status":"publish","type":"product","link":"https:\/\/www.ibagsbelts.com\/tienda\/producto\/bolso-de-aro-en-piel-oro-metalizado-tina\/","title":{"rendered":"Bolso de aro en piel oro metalizado Tina"},"content":{"rendered":"<p style=\"text-align: left;\">El Bolso Piel es la pieza perfecta para completar tus looks con un toque de elegancia y modernidad.<\/p>\n<p style=\"text-align: left;\">Con un dise\u00f1o vanguardista, este bolso no solo destaca por su estilo, sino tambi\u00e9n por su funcionalidad. Incluye un bolso adicional en su interior para mayor comodidad y organizaci\u00f3n.<\/p>\n<p style=\"text-align: left;\">La correa larga ajustable te permite llevarlo de diferentes maneras, adapt\u00e1ndose a tus necesidades. Su versatilidad lo convierte en un imprescindible en tu armario.<\/p>\n<p style=\"text-align: left;\">Fabricado en piel de alta calidad, mide 29x31x1 cm, mientras que el bolso interior mide 22x17x2 cm.<\/p>\n<p style=\"text-align: left;\">No pierdas la oportunidad de tener este elegante y pr\u00e1ctico accesorio.<\/p>\n<p style=\"text-align: left;\">Hecho a mano en Italia.<\/p>\n<p style=\"text-align: left;\"><strong>Aviso importante<\/strong><\/p>\n<p style=\"text-align: left;\">Todos nuestros productos de cuero puede estar sujeta a una variaci\u00f3n natural en tama\u00f1o y color.<\/p>\n<p style=\"text-align: left;\">Las pieles utilizadas han sido procesadas y curtidas en una de las curtidoras m\u00e1s antiguas utilizando t\u00e9cnicas centenarias para dar al cuero acabado un aspecto antiguo \/ vintage.<br \/>\nPara los tama\u00f1os, permita 1-2 cm diferencia debido a la medida manual.<br \/>\nLas im\u00e1genes son 100% reales.<br \/>\nDebido al monitor del ordenador y el brillo real de la toma y otras razones, habr\u00e1 una cierta diferencia de color<\/p>\n<!-- AddThis Advanced Settings generic via filter on the_content --><!-- AddThis Share Buttons generic via filter on the_content -->","protected":false},"excerpt":{"rendered":"<p style=\"text-align: left;\">El Bolso Piel es la pieza perfecta para completar tus looks con un toque de elegancia y modernidad. Con un dise\u00f1o vanguardista, este bolso no solo destaca por su estilo, sino tambi\u00e9n por su funcionalidad.<\/p>\n<p style=\"text-align: left;\">Incluye un bolso adicional en su interior para mayor comodidad y organizaci\u00f3n. La correa larga ajustable te permite llevarlo de diferentes maneras, adapt\u00e1ndose a tus necesidades. Su versatilidad lo convierte en un imprescindible en tu armario.<\/p>\n<p style=\"text-align: left;\">Fabricado en piel de alta calidad, mide 29x31x1 cm, mientras que el bolso interior mide 22x17x2 cm. No pierdas la oportunidad de tener este elegante y pr\u00e1ctico accesorio.<\/p>\n<div class=\"woocommerce-product-details__short-description\">\n<h5 style=\"text-align: center;\"><strong>\u00bfAlguna duda? Ponte en contacto con nosotros a trav\u00e9s del bot\u00f3n del chat directo por whatsApp y te resolveremos las dudas al instante!<\/strong><\/h5>\n<\/div>\n<p><!-- AddThis Advanced Settings generic via filter on get_the_excerpt --><!-- AddThis Share Buttons generic via filter on get_the_excerpt --><\/p>\n","protected":false},"featured_media":30195,"comment_status":"open","ping_status":"closed","template":"","meta":{"om_disable_all_campaigns":false,"_monsterinsights_skip_tracking":false,"_monsterinsights_sitenote_active":false,"_monsterinsights_sitenote_note":"","_monsterinsights_sitenote_category":0,"_uf_show_specific_survey":0,"_uf_disable_surveys":false},"product_brand":[1217],"product_cat":[240,757],"product_tag":[1135,1096,877,266,303,305,315,313,255,823,1036,727,281,753,743,744,1102],"class_list":{"0":"post-30194","1":"product","2":"type-product","3":"status-publish","4":"has-post-thumbnail","6":"product_brand-ibags-belts","7":"product_cat-bolsos-bandoleras-de-cuero-artesanal","8":"product_cat-bolso-clutch","9":"product_tag-accesorios-y-complementos","10":"product_tag-artesania","11":"product_tag-bandoleras","12":"product_tag-bolso-bohemian-bolso-cuero-repujado-bolsos-cuero-retro-bolso-shopper-cuero-bolso-cuero-trenzado-bolso-cuero-troquelado","13":"product_tag-bolso-bohemian","14":"product_tag-bolso-cuero-artesanal","15":"product_tag-bolso-cuero-artesano","16":"product_tag-bolso-cuero-hecho-a-mano","17":"product_tag-bolso-cuero-mujer","18":"product_tag-bolso-piel","19":"product_tag-bolso-piel-italiano","20":"product_tag-bolsos-bandoleras-cuero","21":"product_tag-bolso-bohemian-bolso-cuero-para-hombre-bolso-cuero-repujado-bolsos-cuero-retro-bolso-shopper-cuero-bolso-cuero-trenzado-bolso-cuero-troquelado-bolso-cuero-vaca-bolso-cuero-viaje-hombre","22":"product_tag-complementos-de-cuero","23":"product_tag-estilo-boho","24":"product_tag-estilo-bohochic","25":"product_tag-piel","27":"first","28":"instock","29":"shipping-taxable","30":"purchasable","31":"product-type-simple","32":"add-to-wishlist-after_add_to_cart","33":"layout-style-1","34":"col-md-4 col-sm-4 col-xs-6","35":"col-lg-3","36":"product-has-gallery","37":"product-style-default"},"aioseo_notices":[],"_links":{"self":[{"href":"https:\/\/www.ibagsbelts.com\/tienda\/wp-json\/wp\/v2\/product\/30194","targetHints":{"allow":["GET"]}}],"collection":[{"href":"https:\/\/www.ibagsbelts.com\/tienda\/wp-json\/wp\/v2\/product"}],"about":[{"href":"https:\/\/www.ibagsbelts.com\/tienda\/wp-json\/wp\/v2\/types\/product"}],"replies":[{"embeddable":true,"href":"https:\/\/www.ibagsbelts.com\/tienda\/wp-json\/wp\/v2\/comments?post=30194"}],"wp:featuredmedia":[{"embeddable":true,"href":"https:\/\/www.ibagsbelts.com\/tienda\/wp-json\/wp\/v2\/media\/30195"}],"wp:attachment":[{"href":"https:\/\/www.ibagsbelts.com\/tienda\/wp-json\/wp\/v2\/media?parent=30194"}],"wp:term":[{"taxonomy":"product_brand","embeddable":true,"href":"https:\/\/www.ibagsbelts.com\/tienda\/wp-json\/wp\/v2\/product_brand?post=30194"},{"taxonomy":"product_cat","embeddable":true,"href":"https:\/\/www.ibagsbelts.com\/tienda\/wp-json\/wp\/v2\/product_cat?post=30194"},{"taxonomy":"product_tag","embeddable":true,"href":"https:\/\/www.ibagsbelts.com\/tienda\/wp-json\/wp\/v2\/product_tag?post=30194"}],"curies":[{"name":"wp","href":"https:\/\/api.w.org\/{rel}","templated":true}]}}