{"id":30387,"date":"2024-07-19T15:47:39","date_gmt":"2024-07-19T13:47:39","guid":{"rendered":"https:\/\/www.ibagsbelts.com\/tienda\/?post_type=product&#038;p=30387"},"modified":"2026-03-12T20:45:04","modified_gmt":"2026-03-12T19:45:04","slug":"cinturon-de-cuero-negro-trenzado-nora","status":"publish","type":"product","link":"https:\/\/www.ibagsbelts.com\/tienda\/producto\/cinturon-de-cuero-negro-trenzado-nora\/","title":{"rendered":"Cintur\u00f3n de cuero negro trenzado Nora"},"content":{"rendered":"<p>Este cintur\u00f3n de cuero con correa trenzada parece ser una elecci\u00f3n elegante y vers\u00e1til para completar tu atuendo. Aqu\u00ed hay algunas caracter\u00edsticas clave destacadas:<\/p>\n<ol>\n<li><strong>Correa trenzada:<\/strong> La trenza agrega un toque distintivo al cintur\u00f3n, brindando textura e inter\u00e9s visual.<\/li>\n<li><strong>Hebilla en metal:<\/strong> La hebilla de metal es un elemento cl\u00e1sico y duradero que complementa bien el cuero. Agrega un toque de estilo al cintur\u00f3n.<\/li>\n<li><strong>Cierre ajustable:<\/strong> El cierre con un enganche en la hebilla que se puede ajustar a medida sugiere versatilidad y comodidad. Puede adaptarse a diferentes tallas y preferencias de ajuste.<\/li>\n<li><strong>Ancho de 5 cm:<\/strong> El ancho de 5 cm proporciona una presencia adecuada sin ser demasiado llamativo, lo que hace que este cintur\u00f3n sea vers\u00e1til para diversos conjuntos.<\/li>\n<li><strong>Composici\u00f3n de cuero:<\/strong> La calidad del cuero sugiere durabilidad y resistencia, lo que es esencial para un cintur\u00f3n que se usa regularmente.<\/li>\n<li><strong>Talla \u00fanica:<\/strong> La opci\u00f3n de talla \u00fanica es conveniente, ya que permite una adaptabilidad flexible y es m\u00e1s f\u00e1cil para el usuario.<\/li>\n<\/ol>\n<p>En general, este cintur\u00f3n parece ser una excelente adici\u00f3n para acentuar y mejorar tus conjuntos. \u00bfHay algo m\u00e1s en lo que pueda ayudarte?<\/p>\n<p style=\"text-align: left;\"><strong>Aviso importante<\/strong><\/p>\n<p>Todos nuestros productos de cuero est\u00e1n hechos a mano y su nuevo bolso de cuero puede estar sujeta a una variaci\u00f3n natural en tama\u00f1o y color.<\/p>\n<p>Las pieles utilizadas han sido procesadas y curtidas en una de las curtidur\u00edas m\u00e1s antiguas utilizando t\u00e9cnicas centenarias para dar al cuero acabado un aspecto antiguo \/ vintage.<br \/>\nPara los tama\u00f1os, permita 1-2 cm diferencia debido a la medida manual.<br \/>\nLas im\u00e1genes son 100% reales.<br \/>\nDebido al monitor del ordenador y el brillo real de la toma y otras razones, habr\u00e1 una cierta diferencia de color.<\/p>\n<h5><\/h5>\n<!-- AddThis Advanced Settings generic via filter on the_content --><!-- AddThis Share Buttons generic via filter on the_content -->","protected":false},"excerpt":{"rendered":"<p style=\"text-align: left;\">Este modelo de cintur\u00f3n de cuero trenzado con hebilla de metal con detalle tallado.<\/p>\n<p style=\"text-align: left;\">Es ideal para llevarlo con tu vestido preferido ya que le va a dar el toque que est\u00e1s buscando en tu outfits m\u00e1s original, mide 5 cm de ancho y un largo m\u00e1ximo de 115 cm lo puedes usar en la cintura o en las caderas<\/p>\n<h5 style=\"text-align: center;\"><strong>\u00bfAlguna duda? Ponte en contacto con nosotros a trav\u00e9s del bot\u00f3n del chat directo por whatsapp y te resolveremos las dudas al instante!<\/strong><\/h5>\n<p><!-- AddThis Advanced Settings generic via filter on get_the_excerpt --><!-- AddThis Share Buttons generic via filter on get_the_excerpt --><\/p>\n","protected":false},"featured_media":30393,"comment_status":"open","ping_status":"closed","template":"","meta":{"om_disable_all_campaigns":false,"_monsterinsights_skip_tracking":false,"_monsterinsights_sitenote_active":false,"_monsterinsights_sitenote_note":"","_monsterinsights_sitenote_category":0,"_uf_show_specific_survey":0,"_uf_disable_surveys":false},"product_brand":[1217],"product_cat":[396],"product_tag":[1087,290,889,332,340,341,264,20,1034,31,752],"class_list":{"0":"post-30387","1":"product","2":"type-product","3":"status-publish","4":"has-post-thumbnail","6":"product_brand-ibags-belts","7":"product_cat-trenzados-cinturon","8":"product_tag-cinto","9":"product_tag-cinturon","10":"product_tag-cinturon-asta","11":"product_tag-cinturon-cuero","12":"product_tag-cinturon-cuero-ancho-bohemian","13":"product_tag-cinturon-cuero-boho-chic","14":"product_tag-cinturon-cuero-de-vaca-cuero-de-cuero-cinturon-de-cuero-chapa","15":"product_tag-cinturon-cuero-trenzado-fino","16":"product_tag-cinturones","17":"product_tag-cinturon-trenzado-de-cuero","18":"product_tag-complementos","20":"first","21":"instock","22":"shipping-taxable","23":"purchasable","24":"product-type-simple","25":"add-to-wishlist-after_add_to_cart","26":"layout-style-1","27":"col-md-4 col-sm-4 col-xs-6","28":"col-lg-3","29":"product-has-gallery","30":"product-style-default"},"aioseo_notices":[],"_links":{"self":[{"href":"https:\/\/www.ibagsbelts.com\/tienda\/wp-json\/wp\/v2\/product\/30387","targetHints":{"allow":["GET"]}}],"collection":[{"href":"https:\/\/www.ibagsbelts.com\/tienda\/wp-json\/wp\/v2\/product"}],"about":[{"href":"https:\/\/www.ibagsbelts.com\/tienda\/wp-json\/wp\/v2\/types\/product"}],"replies":[{"embeddable":true,"href":"https:\/\/www.ibagsbelts.com\/tienda\/wp-json\/wp\/v2\/comments?post=30387"}],"wp:featuredmedia":[{"embeddable":true,"href":"https:\/\/www.ibagsbelts.com\/tienda\/wp-json\/wp\/v2\/media\/30393"}],"wp:attachment":[{"href":"https:\/\/www.ibagsbelts.com\/tienda\/wp-json\/wp\/v2\/media?parent=30387"}],"wp:term":[{"taxonomy":"product_brand","embeddable":true,"href":"https:\/\/www.ibagsbelts.com\/tienda\/wp-json\/wp\/v2\/product_brand?post=30387"},{"taxonomy":"product_cat","embeddable":true,"href":"https:\/\/www.ibagsbelts.com\/tienda\/wp-json\/wp\/v2\/product_cat?post=30387"},{"taxonomy":"product_tag","embeddable":true,"href":"https:\/\/www.ibagsbelts.com\/tienda\/wp-json\/wp\/v2\/product_tag?post=30387"}],"curies":[{"name":"wp","href":"https:\/\/api.w.org\/{rel}","templated":true}]}}