{"id":30453,"date":"2024-07-21T12:23:45","date_gmt":"2024-07-21T10:23:45","guid":{"rendered":"https:\/\/www.ibagsbelts.com\/tienda\/?post_type=product&#038;p=30453"},"modified":"2026-03-12T20:38:41","modified_gmt":"2026-03-12T19:38:41","slug":"bolso-bandolera-de-cuero-marron-con-conchas-marinas-y-flecos","status":"publish","type":"product","link":"https:\/\/www.ibagsbelts.com\/tienda\/producto\/bolso-bandolera-de-cuero-marron-con-conchas-marinas-y-flecos\/","title":{"rendered":"Bolso bandolera de cuero marr\u00f3n con conchas marinas y flecos"},"content":{"rendered":"<p style=\"text-align: left;\">Esta bandolera ser\u00e1 el compa\u00f1ero perfecto para el pr\u00f3ximo paseo por el parque o una cita en un caf\u00e9 con tu mejor amigo!\u00a0 El bolso de cuero con chapa central y tachas y conchas colocadas en forma elegante, tiene espacio suficiente en sus dos compartimentos interiores para que tu libro favorito. Su estilo boho hace que el bolso sea un compa\u00f1ero atemporal.<\/p>\n<p style=\"text-align: left;\">\u00a1El bolso perfecto para llevar en tu d\u00eda a d\u00eda! \u00a0Ligero y pr\u00e1ctico, este bolso con flecos y decoraci\u00f3n en la parte frontal con conchas marinas\u00a0 es un gran accesorio para ir por la ciudad o en una caminata por la playa.<\/p>\n<p style=\"text-align: left;\">Est\u00e1 hecha de piel de cabra que la da estabilidad y flexibilidad. El forro de algod\u00f3n es un gran complemento que hace que este accesorio sea \u00fanico. Dimensiones 25cm x 25cm<\/p>\n<p style=\"text-align: left;\"><strong>Aviso importante<\/strong><\/p>\n<p style=\"text-align: left;\">Todos nuestros productos de cuero puede estar sujeta a una variaci\u00f3n natural en tama\u00f1o y color.<\/p>\n<p style=\"text-align: left;\">Las pieles utilizadas han sido procesadas y curtidas para dar al cuero acabado un aspecto antiguo \/ vintage.<br \/>\nPara los tama\u00f1os, permita 1-2 cm diferencia debido a la medida manual.<br \/>\nLas im\u00e1genes son 100% reales.<br \/>\nDebido al monitor del ordenador y el brillo real de la toma y otras razones, habr\u00e1 una cierta diferencia de color.<\/p>\n<!-- AddThis Advanced Settings generic via filter on the_content --><!-- AddThis Share Buttons generic via filter on the_content -->","protected":false},"excerpt":{"rendered":"<div class=\"woocommerce-product-details__short-description\">\n<p style=\"text-align: left;\">Esta bandolera ser\u00e1 el compa\u00f1ero perfecto para el pr\u00f3ximo paseo por el parque o una cita en un caf\u00e9 con tu mejor amigo!<\/p>\n<p style=\"text-align: left;\">El bolso de cuero con chapa central y tachas y conchas colocadas en forma elegante, tiene espacio suficiente en sus dos compartimentos interiores para que tu libro favorito. Su estilo boho hace que el bolso sea un compa\u00f1ero atemporal.<\/p>\n<p style=\"text-align: left;\">\u00a1El bolso perfecto para llevar en tu d\u00eda a d\u00eda! \u00a0Ligero y pr\u00e1ctico, este bolso con flecos y decoraci\u00f3n en la parte frontal con conchas marinas\u00a0 es un gran accesorio para ir por la ciudad o en una caminata por la playa.<\/p>\n<p style=\"text-align: left;\">Est\u00e1 hecha de piel de cabra que la da estabilidad y flexibilidad. El forro de algod\u00f3n es un gran complemento que hace que este accesorio sea \u00fanico. Dimensiones 25cm x 25cm<\/p>\n<h4 style=\"text-align: center;\"><strong>\u00bfAlguna duda? Ponte en contacto con nosotros a trav\u00e9s del bot\u00f3n del chat directo por whatsApp y te resolveremos las dudas al instante!<\/strong><\/h4>\n<\/div>\n<p><!-- AddThis Advanced Settings generic via filter on get_the_excerpt --><!-- AddThis Share Buttons generic via filter on get_the_excerpt --><\/p>\n","protected":false},"featured_media":30461,"comment_status":"open","ping_status":"closed","template":"","meta":{"om_disable_all_campaigns":false,"_monsterinsights_skip_tracking":false,"_monsterinsights_sitenote_active":false,"_monsterinsights_sitenote_note":"","_monsterinsights_sitenote_category":0,"_uf_show_specific_survey":0,"_uf_disable_surveys":false},"product_brand":[1217],"product_cat":[240],"product_tag":[1135,1096,266,303,1020,305,315,316,329,255,782,1050,1049,744,1129],"class_list":{"0":"post-30453","1":"product","2":"type-product","3":"status-publish","4":"has-post-thumbnail","6":"product_brand-ibags-belts","7":"product_cat-bolsos-bandoleras-de-cuero-artesanal","8":"product_tag-accesorios-y-complementos","9":"product_tag-artesania","10":"product_tag-bolso-bohemian-bolso-cuero-repujado-bolsos-cuero-retro-bolso-shopper-cuero-bolso-cuero-trenzado-bolso-cuero-troquelado","11":"product_tag-bolso-bohemian","12":"product_tag-bolso-boho","13":"product_tag-bolso-cuero-artesanal","14":"product_tag-bolso-cuero-artesano","15":"product_tag-bolso-cuero-con-tachuelas","16":"product_tag-bolso-cuero-hippie","17":"product_tag-bolso-cuero-mujer","18":"product_tag-bolso-de-cuero-hecho-a-mano","19":"product_tag-bolso-remaches","20":"product_tag-bolsos-remaches","21":"product_tag-estilo-bohochic","22":"product_tag-tachas","24":"first","25":"outofstock","26":"shipping-taxable","27":"purchasable","28":"product-type-simple","29":"add-to-wishlist-after_add_to_cart","30":"layout-style-1","31":"col-md-4 col-sm-4 col-xs-6","32":"col-lg-3","33":"product-has-gallery","34":"product-style-default"},"aioseo_notices":[],"_links":{"self":[{"href":"https:\/\/www.ibagsbelts.com\/tienda\/wp-json\/wp\/v2\/product\/30453","targetHints":{"allow":["GET"]}}],"collection":[{"href":"https:\/\/www.ibagsbelts.com\/tienda\/wp-json\/wp\/v2\/product"}],"about":[{"href":"https:\/\/www.ibagsbelts.com\/tienda\/wp-json\/wp\/v2\/types\/product"}],"replies":[{"embeddable":true,"href":"https:\/\/www.ibagsbelts.com\/tienda\/wp-json\/wp\/v2\/comments?post=30453"}],"wp:featuredmedia":[{"embeddable":true,"href":"https:\/\/www.ibagsbelts.com\/tienda\/wp-json\/wp\/v2\/media\/30461"}],"wp:attachment":[{"href":"https:\/\/www.ibagsbelts.com\/tienda\/wp-json\/wp\/v2\/media?parent=30453"}],"wp:term":[{"taxonomy":"product_brand","embeddable":true,"href":"https:\/\/www.ibagsbelts.com\/tienda\/wp-json\/wp\/v2\/product_brand?post=30453"},{"taxonomy":"product_cat","embeddable":true,"href":"https:\/\/www.ibagsbelts.com\/tienda\/wp-json\/wp\/v2\/product_cat?post=30453"},{"taxonomy":"product_tag","embeddable":true,"href":"https:\/\/www.ibagsbelts.com\/tienda\/wp-json\/wp\/v2\/product_tag?post=30453"}],"curies":[{"name":"wp","href":"https:\/\/api.w.org\/{rel}","templated":true}]}}