{"id":30900,"date":"2024-07-25T14:42:48","date_gmt":"2024-07-25T12:42:48","guid":{"rendered":"https:\/\/www.ibagsbelts.com\/tienda\/?post_type=product&#038;p=30900"},"modified":"2026-03-12T20:14:13","modified_gmt":"2026-03-12T19:14:13","slug":"mochila-verde-botella-en-piel-de-diseno-moderno-rosario","status":"publish","type":"product","link":"https:\/\/www.ibagsbelts.com\/tienda\/producto\/mochila-verde-botella-en-piel-de-diseno-moderno-rosario\/","title":{"rendered":"Mochila verde botella en piel de dise\u00f1o moderno Rosario"},"content":{"rendered":"<p style=\"text-align: left;\">Descubre la encantadora y pr\u00e1ctica mochila para mujer de dise\u00f1o moderno. Esta mochila mediana, hecha a mano en Italia con cuero suave italiano de la m\u00e1s alta calidad, cuenta con un estilo urbano creando un look incomparable.<\/p>\n<p style=\"text-align: left;\">Caracter\u00edsticas destacadas:<\/p>\n<ul style=\"text-align: left;\">\n<li><strong>Compartimentos espaciosos:<\/strong>\u00a0Un compartimento principal con cremallera, forrados con tela de algod\u00f3n en el interior. Incluye un bolsillo interior con cremallera y un bolsillo para el m\u00f3vil.<\/li>\n<li><strong>Bolsillos exteriores:<\/strong> Bonito bolsillo enmarcado con cremallera en la parte lateral, ideales para art\u00edculos de f\u00e1cil acceso. Adem\u00e1s, cuenta con un pr\u00e1ctico bolsillo trasero con cremallera para mayor seguridad.<\/li>\n<li><strong>Correas ajustables:<\/strong> Las correas de la mochila son ajustables para mayor comodidad y versatilidad.<\/li>\n<\/ul>\n<p style=\"text-align: left;\">Especificaciones:<\/p>\n<ul style=\"text-align: left;\">\n<li><strong>Hecho a mano en Italia.<\/strong><\/li>\n<li><strong>Material:<\/strong> Piel de becerro italiana de alta calidad.<\/li>\n<li><strong>Tama\u00f1o:<\/strong> 35 cm (alto) x 28 cm (ancho) x 13 cm (profundidad).<\/li>\n<li><strong>Cierre:<\/strong> Cremallera principal para un acceso seguro.<\/li>\n<li><strong>Forro:<\/strong> Interior forrado con algod\u00f3n.<\/li>\n<li><strong>Bolsillos adicionales:<\/strong> Incluye un bolsillo interior con cremallera, 2 bolsillos delanteros con cremallera y 1 bolsillo exterior trasero con cremallera.<\/li>\n<\/ul>\n<p style=\"text-align: left;\">Esta sofisticada mochila urbana de piel ofrece una construcci\u00f3n robusta y duradera con un atractivo dise\u00f1o vintage, perfecta para el trabajo, la universidad y ocasiones m\u00e1s elegantes. La combinaci\u00f3n de funcionalidad y estilo la convierte en una compa\u00f1era ideal para tu d\u00eda a d\u00eda.<\/p>\n<!-- AddThis Advanced Settings generic via filter on the_content --><!-- AddThis Share Buttons generic via filter on the_content -->","protected":false},"excerpt":{"rendered":"<p style=\"text-align: left;\">Descubre la encantadora y pr\u00e1ctica mochila para mujer de dise\u00f1o moderno. Esta mochila mediana, hecha a mano en Italia con cuero suave italiano de la m\u00e1s alta calidad, cuenta con un estilo urbano creando un look incomparable.<\/p>\n<p style=\"text-align: left;\">Caracter\u00edsticas destacadas:\u00a0<strong>Compartimentos espaciosos.\u00a0<\/strong><strong>Bolsillos exteriores.\u00a0<\/strong><strong>Correas ajustables<\/strong><\/p>\n<ul style=\"text-align: left;\">\n<li><strong>Hecho a mano en Italia.<\/strong><\/li>\n<li><strong>Material:<\/strong> Piel de becerro italiana de alta calidad.<\/li>\n<li><strong>Tama\u00f1o:<\/strong> 35 cm (alto) x 28 cm (ancho) x 13 cm (profundidad).<\/li>\n<li><strong>Cierre:<\/strong> Cremallera principal para un acceso seguro.<\/li>\n<li><strong>Forro:<\/strong> Interior forrado con algod\u00f3n.<\/li>\n<li><strong>Bolsillos adicionales:<\/strong> Incluye un bolsillo interior con cremallera, 2 bolsillos delanteros con cremallera y 1 bolsillo exterior trasero con cremallera.<\/li>\n<\/ul>\n<p style=\"text-align: left;\">Esta sofisticada mochila urbana de piel ofrece una construcci\u00f3n robusta y duradera con un atractivo dise\u00f1o vintage, perfecta para el trabajo, la universidad y ocasiones m\u00e1s elegantes. La combinaci\u00f3n de funcionalidad y estilo la convierte en una compa\u00f1era ideal para tu d\u00eda a d\u00eda.<\/p>\n<div class=\"woocommerce-product-details__short-description\">\n<h5 class=\"woocommerce-product-details__short-description\" style=\"text-align: center;\"><a href=\"https:\/\/bit.ly\/TE-AYUDO\"><strong>\u00bfAlguna duda? Ponte en contacto con nosotros a trav\u00e9s del bot\u00f3n del chat directo por whatsApp y te resolveremos las dudas al instante!<\/strong><\/a><\/h5>\n<p style=\"text-align: left;\">\n<\/div>\n<p><!-- AddThis Advanced Settings generic via filter on get_the_excerpt --><!-- AddThis Share Buttons generic via filter on get_the_excerpt --><\/p>\n","protected":false},"featured_media":30902,"comment_status":"open","ping_status":"closed","template":"","meta":{"om_disable_all_campaigns":false,"_monsterinsights_skip_tracking":false,"_monsterinsights_sitenote_active":false,"_monsterinsights_sitenote_note":"","_monsterinsights_sitenote_category":0,"_uf_show_specific_survey":0,"_uf_disable_surveys":false},"product_brand":[1217],"product_cat":[400],"product_tag":[1036,753,739,275,310,1099,347,354,1136,1100,325,1102],"class_list":{"0":"post-30900","1":"product","2":"type-product","3":"status-publish","4":"has-post-thumbnail","6":"product_brand-ibags-belts","7":"product_cat-mochilas-medianas","8":"product_tag-bolso-piel-italiano","9":"product_tag-complementos-de-cuero","10":"product_tag-hippiechic","11":"product_tag-mochila-de-cuero-para-hombre-bolso-de-cuero-para-mujer-bolso-de-cuero-hecho-a-mano-bolso-cuero-grabado-bolso-cuero-hombre-artesanal-bolso-cuero-hecho-a-mano-bolsos-cuero-y-kilim","12":"product_tag-mochila-cuero","13":"product_tag-mochila-heavy","14":"product_tag-mochila-hecho-a-mano","15":"product_tag-mochila-moto-cuero","16":"product_tag-mochila-piel","17":"product_tag-mochila-rock","18":"product_tag-mochilas","19":"product_tag-piel","21":"first","22":"instock","23":"sale","24":"shipping-taxable","25":"purchasable","26":"product-type-simple","27":"add-to-wishlist-after_add_to_cart","28":"layout-style-1","29":"col-md-4 col-sm-4 col-xs-6","30":"col-lg-3","31":"product-has-gallery","32":"product-style-default"},"aioseo_notices":[],"_links":{"self":[{"href":"https:\/\/www.ibagsbelts.com\/tienda\/wp-json\/wp\/v2\/product\/30900","targetHints":{"allow":["GET"]}}],"collection":[{"href":"https:\/\/www.ibagsbelts.com\/tienda\/wp-json\/wp\/v2\/product"}],"about":[{"href":"https:\/\/www.ibagsbelts.com\/tienda\/wp-json\/wp\/v2\/types\/product"}],"replies":[{"embeddable":true,"href":"https:\/\/www.ibagsbelts.com\/tienda\/wp-json\/wp\/v2\/comments?post=30900"}],"wp:featuredmedia":[{"embeddable":true,"href":"https:\/\/www.ibagsbelts.com\/tienda\/wp-json\/wp\/v2\/media\/30902"}],"wp:attachment":[{"href":"https:\/\/www.ibagsbelts.com\/tienda\/wp-json\/wp\/v2\/media?parent=30900"}],"wp:term":[{"taxonomy":"product_brand","embeddable":true,"href":"https:\/\/www.ibagsbelts.com\/tienda\/wp-json\/wp\/v2\/product_brand?post=30900"},{"taxonomy":"product_cat","embeddable":true,"href":"https:\/\/www.ibagsbelts.com\/tienda\/wp-json\/wp\/v2\/product_cat?post=30900"},{"taxonomy":"product_tag","embeddable":true,"href":"https:\/\/www.ibagsbelts.com\/tienda\/wp-json\/wp\/v2\/product_tag?post=30900"}],"curies":[{"name":"wp","href":"https:\/\/api.w.org\/{rel}","templated":true}]}}