{"id":30996,"date":"2024-08-03T21:28:49","date_gmt":"2024-08-03T19:28:49","guid":{"rendered":"https:\/\/www.ibagsbelts.com\/tienda\/?post_type=product&#038;p=30996"},"modified":"2026-03-12T20:05:55","modified_gmt":"2026-03-12T19:05:55","slug":"cinturon-cuero-con-brillo-y-hebilla-irregular-dorada","status":"publish","type":"product","link":"https:\/\/www.ibagsbelts.com\/tienda\/producto\/cinturon-cuero-con-brillo-y-hebilla-irregular-dorada\/","title":{"rendered":"Cintur\u00f3n cuero con brillo y hebilla irregular dorada"},"content":{"rendered":"<p style=\"text-align: left;\">Cintur\u00f3n de cuero, con hebilla dorada.\u00a0 Por su material flexible, otorga a esta pieza de versatilidad sin l\u00edmites a la hora de complementar cualquier outfit: vestidos, chaquetas, kimonos, pantalones&#8230;Tanto si quieres realzar la cintura como tus caderas, el cintur\u00f3n Bella\u00a0ser\u00e1 tu mejor alternativa que no puede faltarte entre tus complementos favoritos para tus looks diarios.<\/p>\n<p style=\"text-align: left;\">Disponible cuero brillo en varios colores. Talla \u00fanica.<\/p>\n<p style=\"text-align: left;\">Medidas:\u00a0 111 cm de largo; 8 cm de ancho de correa de piel. El broche mide 12,5 cm de largo.<\/p>\n<p style=\"text-align: left;\">Composici\u00f3n:\u00a0 100% Piel &#8211; cuero.<\/p>\n<p style=\"text-align: left;\"><strong>Aviso importante<\/strong><\/p>\n<p style=\"text-align: left;\">Todos nuestros productos de cuero est\u00e1n hechos a mano y su nueva bolsa de cuero puede estar sujeta a una variaci\u00f3n natural en tama\u00f1o y color.<br \/>\nPara los tama\u00f1os, permita 1-2 cm difiere debido a la medida manual.<br \/>\nLas im\u00e1genes son 100% reales.<br \/>\nDebido al monitor del ordenador y el brillo real de la toma y otras razones, habr\u00e1 una cierta diferencia de color.<\/p>\n<!-- AddThis Advanced Settings generic via filter on the_content --><!-- AddThis Share Buttons generic via filter on the_content -->","protected":false},"excerpt":{"rendered":"<p>Presentamos nuestro cintur\u00f3n mas vendido, una cautivadora fusi\u00f3n de artesan\u00eda en cuero, una vibrante variedad de colores y una hebilla met\u00e1lica dorada. Este cintur\u00f3n trasciende el concepto de mero accesorio; Se erige como una pieza ic\u00f3nica que a\u00f1ade un toque audaz y din\u00e1mico a todo tu conjunto. La textura agrega un toque lujoso, asegurando no solo estilo sino tambi\u00e9n riqueza t\u00e1ctil para mejorar su experiencia de moda. Su extraordinario brillo lo hace perfecto para ocasiones festivas, atrayendo la luz y acentuando tu estilo en cada evento especial.<\/p>\n<h5>Disponible en cuero brillo en varios colores. Talla \u00fanica.<\/h5>\n<h5>Medidas:\u00a0 111 cm de largo; 8 cm de ancho de correa de piel. El broche mide 12,5 cm de largo.<\/h5>\n<h5 style=\"text-align: center;\"><strong>\u00bfAlguna duda? Ponte en contacto con nosotros a trav\u00e9s del bot\u00f3n del chat directo por whatsApp y te resolveremos las dudas al instante!<\/strong><\/h5>\n<p><!-- AddThis Advanced Settings generic via filter on get_the_excerpt --><!-- AddThis Share Buttons generic via filter on get_the_excerpt --><\/p>\n","protected":false},"featured_media":31022,"comment_status":"open","ping_status":"closed","template":"","meta":{"om_disable_all_campaigns":false,"_monsterinsights_skip_tracking":false,"_monsterinsights_sitenote_active":false,"_monsterinsights_sitenote_note":"","_monsterinsights_sitenote_category":0,"_uf_show_specific_survey":0,"_uf_disable_surveys":false},"product_brand":[1217],"product_cat":[980,951],"product_tag":[1135,1044,1087,290,332,340,264,343,1089,1034,752,1088,1032,1102],"class_list":{"0":"post-30996","1":"product","2":"type-product","3":"status-publish","4":"has-post-thumbnail","6":"product_brand-ibags-belts","7":"product_cat-cinturones-lisos","8":"product_cat-fajin","9":"product_tag-accesorios-y-complementos","10":"product_tag-ante","11":"product_tag-cinto","12":"product_tag-cinturon","13":"product_tag-cinturon-cuero","14":"product_tag-cinturon-cuero-ancho-bohemian","15":"product_tag-cinturon-cuero-de-vaca-cuero-de-cuero-cinturon-de-cuero-chapa","16":"product_tag-cinturon-cuero-moderno","17":"product_tag-cinturon-piel","18":"product_tag-cinturones","19":"product_tag-complementos","20":"product_tag-correa","21":"product_tag-fajin","22":"product_tag-piel","24":"first","25":"instock","26":"shipping-taxable","27":"purchasable","28":"product-type-variable","29":"add-to-wishlist-after_add_to_cart","30":"layout-style-1","31":"col-md-4 col-sm-4 col-xs-6","32":"col-lg-3","33":"product-has-gallery","34":"product-style-default"},"aioseo_notices":[],"_links":{"self":[{"href":"https:\/\/www.ibagsbelts.com\/tienda\/wp-json\/wp\/v2\/product\/30996","targetHints":{"allow":["GET"]}}],"collection":[{"href":"https:\/\/www.ibagsbelts.com\/tienda\/wp-json\/wp\/v2\/product"}],"about":[{"href":"https:\/\/www.ibagsbelts.com\/tienda\/wp-json\/wp\/v2\/types\/product"}],"replies":[{"embeddable":true,"href":"https:\/\/www.ibagsbelts.com\/tienda\/wp-json\/wp\/v2\/comments?post=30996"}],"wp:featuredmedia":[{"embeddable":true,"href":"https:\/\/www.ibagsbelts.com\/tienda\/wp-json\/wp\/v2\/media\/31022"}],"wp:attachment":[{"href":"https:\/\/www.ibagsbelts.com\/tienda\/wp-json\/wp\/v2\/media?parent=30996"}],"wp:term":[{"taxonomy":"product_brand","embeddable":true,"href":"https:\/\/www.ibagsbelts.com\/tienda\/wp-json\/wp\/v2\/product_brand?post=30996"},{"taxonomy":"product_cat","embeddable":true,"href":"https:\/\/www.ibagsbelts.com\/tienda\/wp-json\/wp\/v2\/product_cat?post=30996"},{"taxonomy":"product_tag","embeddable":true,"href":"https:\/\/www.ibagsbelts.com\/tienda\/wp-json\/wp\/v2\/product_tag?post=30996"}],"curies":[{"name":"wp","href":"https:\/\/api.w.org\/{rel}","templated":true}]}}