{"id":31115,"date":"2024-08-04T11:54:52","date_gmt":"2024-08-04T09:54:52","guid":{"rendered":"https:\/\/www.ibagsbelts.com\/tienda\/?post_type=product&#038;p=31115"},"modified":"2026-03-11T23:08:07","modified_gmt":"2026-03-11T22:08:07","slug":"bolso-con-cadena-de-piel-de-leopardo-animal-print","status":"publish","type":"product","link":"https:\/\/www.ibagsbelts.com\/tienda\/producto\/bolso-con-cadena-de-piel-de-leopardo-animal-print\/","title":{"rendered":"Bolso con cadena de piel de Leopardo animal print"},"content":{"rendered":"<p style=\"text-align: left;\">Bolso Italiano de Piel con Dise\u00f1o Animal Print y Cadena Dorada para Mujer.<\/p>\n<p style=\"text-align: left;\">Material: Cuero<\/p>\n<p style=\"text-align: left;\">Cierre principal: Cremallera.<\/p>\n<p style=\"text-align: left;\">Interior: Forrado.<\/p>\n<p style=\"text-align: left;\">Cuenta con un bolsillo lateral con cierre de cremallera y dos asas de cadena cortas con asa de cadena larga extra\u00edble.<\/p>\n<p style=\"text-align: left;\">Dimensiones (L x An x Al): 22 x 2 x 20 cm<\/p>\n<p style=\"text-align: left;\">Hecho en Italia<\/p>\n<p style=\"text-align: left;\"><strong>Aviso importante<\/strong><\/p>\n<p style=\"text-align: left;\">Todos nuestros productos de cuero est\u00e1n hechos a mano y su nueva bolsa de cuero puede estar sujeta a una variaci\u00f3n natural en tama\u00f1o y color.<br \/>\nPara los tama\u00f1os, permita 1-2 cm difiere debido a la medida manual.<br \/>\nLas im\u00e1genes son 100% reales.<br \/>\nDebido al monitor del ordenador y el brillo real de la toma y otras razones, habr\u00e1 una cierta diferencia de color.<\/p>\n<!-- AddThis Advanced Settings generic via filter on the_content --><!-- AddThis Share Buttons generic via filter on the_content -->","protected":false},"excerpt":{"rendered":"<p style=\"text-align: left;\">Bandolera de cuero y pelo de vaca animal print con cadena, es un modelo elaborado en cuero artesanal.<\/p>\n<p style=\"text-align: left;\">Bolso Italiano de Piel con Dise\u00f1o Animal Print y Cadena Dorada para Mujer.<\/p>\n<p style=\"text-align: left;\">Cierre principal: Cremallera. en su interior: Forrado.<\/p>\n<p style=\"text-align: left;\">Cuenta con un bolsillo lateral con cierre de cremallera y dos asas de cadena cortas con asa de cadena larga extra\u00edble.<\/p>\n<p style=\"text-align: left;\">Dimensiones (L x An x Al): 22 x 2 x 20 cm<\/p>\n<p style=\"text-align: left;\">Hecho en Italia<\/p>\n<p style=\"text-align: center;\"><strong>\u00bfAlguna duda? Ponte en contacto con nosotros a trav\u00e9s del bot\u00f3n del chat directo por whatsapp y te resolveremos las dudas al instante!<\/strong><\/p>\n<p><!-- AddThis Advanced Settings generic via filter on get_the_excerpt --><!-- AddThis Share Buttons generic via filter on get_the_excerpt --><\/p>\n","protected":false},"featured_media":31107,"comment_status":"open","ping_status":"closed","template":"","meta":{"om_disable_all_campaigns":false,"_monsterinsights_skip_tracking":false,"_monsterinsights_sitenote_active":false,"_monsterinsights_sitenote_note":"","_monsterinsights_sitenote_category":0,"_uf_show_specific_survey":0,"_uf_disable_surveys":false},"product_brand":[1217],"product_cat":[240,757,40],"product_tag":[1135,1054,1026,1096,301,877,266,327,305,778,313,255,781,823,1036,727,281,753,1102],"class_list":{"0":"post-31115","1":"product","2":"type-product","3":"status-publish","4":"has-post-thumbnail","6":"product_brand-ibags-belts","7":"product_cat-bolsos-bandoleras-de-cuero-artesanal","8":"product_cat-bolso-clutch","9":"product_cat-bolsos-de-hombro","10":"product_tag-accesorios-y-complementos","11":"product_tag-animal","12":"product_tag-animal-print","13":"product_tag-artesania","14":"product_tag-bandolera","15":"product_tag-bandoleras","16":"product_tag-bolso-bohemian-bolso-cuero-repujado-bolsos-cuero-retro-bolso-shopper-cuero-bolso-cuero-trenzado-bolso-cuero-troquelado","17":"product_tag-bolso-bandolera-cuero-bicolor","18":"product_tag-bolso-cuero-artesanal","19":"product_tag-bolso-cuero-de-vaca","20":"product_tag-bolso-cuero-hecho-a-mano","21":"product_tag-bolso-cuero-mujer","22":"product_tag-bolso-de-cuero-para-mujer","23":"product_tag-bolso-piel","24":"product_tag-bolso-piel-italiano","25":"product_tag-bolsos-bandoleras-cuero","26":"product_tag-bolso-bohemian-bolso-cuero-para-hombre-bolso-cuero-repujado-bolsos-cuero-retro-bolso-shopper-cuero-bolso-cuero-trenzado-bolso-cuero-troquelado-bolso-cuero-vaca-bolso-cuero-viaje-hombre","27":"product_tag-complementos-de-cuero","28":"product_tag-piel","30":"first","31":"instock","32":"shipping-taxable","33":"purchasable","34":"product-type-simple","35":"add-to-wishlist-after_add_to_cart","36":"layout-style-1","37":"col-md-4 col-sm-4 col-xs-6","38":"col-lg-3","39":"product-has-gallery","40":"product-style-default"},"aioseo_notices":[],"_links":{"self":[{"href":"https:\/\/www.ibagsbelts.com\/tienda\/wp-json\/wp\/v2\/product\/31115","targetHints":{"allow":["GET"]}}],"collection":[{"href":"https:\/\/www.ibagsbelts.com\/tienda\/wp-json\/wp\/v2\/product"}],"about":[{"href":"https:\/\/www.ibagsbelts.com\/tienda\/wp-json\/wp\/v2\/types\/product"}],"replies":[{"embeddable":true,"href":"https:\/\/www.ibagsbelts.com\/tienda\/wp-json\/wp\/v2\/comments?post=31115"}],"wp:featuredmedia":[{"embeddable":true,"href":"https:\/\/www.ibagsbelts.com\/tienda\/wp-json\/wp\/v2\/media\/31107"}],"wp:attachment":[{"href":"https:\/\/www.ibagsbelts.com\/tienda\/wp-json\/wp\/v2\/media?parent=31115"}],"wp:term":[{"taxonomy":"product_brand","embeddable":true,"href":"https:\/\/www.ibagsbelts.com\/tienda\/wp-json\/wp\/v2\/product_brand?post=31115"},{"taxonomy":"product_cat","embeddable":true,"href":"https:\/\/www.ibagsbelts.com\/tienda\/wp-json\/wp\/v2\/product_cat?post=31115"},{"taxonomy":"product_tag","embeddable":true,"href":"https:\/\/www.ibagsbelts.com\/tienda\/wp-json\/wp\/v2\/product_tag?post=31115"}],"curies":[{"name":"wp","href":"https:\/\/api.w.org\/{rel}","templated":true}]}}