{"id":31248,"date":"2024-08-09T23:36:18","date_gmt":"2024-08-09T21:36:18","guid":{"rendered":"https:\/\/www.ibagsbelts.com\/tienda\/?post_type=product&#038;p=31248"},"modified":"2026-03-11T22:32:14","modified_gmt":"2026-03-11T21:32:14","slug":"cinturon-rock-de-cuero-negro-con-tachas-plateadas","status":"publish","type":"product","link":"https:\/\/www.ibagsbelts.com\/tienda\/producto\/cinturon-rock-de-cuero-negro-con-tachas-plateadas\/","title":{"rendered":"Cintur\u00f3n rock de cuero negro con tachas plateadas"},"content":{"rendered":"<p style=\"text-align: left;\">Este cintur\u00f3n con tachuelas est\u00e1 hecho de cuero de vaca, que es suave al tacto y c\u00f3modo de llevar. El cabezal de la hebilla est\u00e1 hecho de metal.<\/p>\n<div id=\"featurebullets_feature_div\" class=\"celwidget\" data-feature-name=\"featurebullets\" data-csa-c-id=\"jy4ada-xcb2sb-7jg30r-mwh28s\" data-cel-widget=\"featurebullets_feature_div\">\n<div id=\"feature-bullets\" class=\"a-section a-spacing-medium a-spacing-top-small\">\n<p style=\"text-align: left;\"><span class=\"a-list-item\">Dise\u00f1o cl\u00e1sico de cintur\u00f3n incorpora elementos de remache, los remaches de plata brillante por toda la correa, est\u00e1n incrustados en el cintur\u00f3n de forma firme y ordenada, lo que puede presentar un brillo bajo el sol o la luz diaria, lo que le brinda f\u00e1cilmente un aspecto punk rock en el tiempo libre.\u00a0<\/span><\/p>\n<\/div>\n<\/div>\n<p style=\"text-align: left;\">Cintur\u00f3n de cuero con correa remachada, hebilla en metal.\u00a0El cierre de hebilla plateada que puedes ajustar a tu medida, por lo que sirve para todas las tallas.<\/p>\n<p class=\"Standard\" style=\"text-align: left;\">\u00a0Mide 4 cm de ancho y un largo m\u00e1ximo de 130 cm lo puedes usar en la cintura o en las caderas<\/p>\n<p class=\"Standard\" style=\"text-align: left;\">Es la mejor opci\u00f3n para llevarlo con tus pantalones, preferidos ya que le va a dar el toque que est\u00e1s buscando en tu outfits m\u00e1s original.<\/p>\n<p style=\"text-align: left;\">Composici\u00f3n: Correa 100% cuero, Hebilla aleaci\u00f3n de metales.<\/p>\n<p style=\"text-align: left;\"><strong>Aviso importante<\/strong><\/p>\n<p style=\"text-align: left;\">Todos nuestros productos de cuero est\u00e1n hechos a mano y su nuevo bolso de cuero puede estar sujeta a una variaci\u00f3n natural en tama\u00f1o y color.<\/p>\n<p style=\"text-align: left;\">Las pieles utilizadas han sido procesadas y curtidas en una de las curtidur\u00edas m\u00e1s antiguas utilizando t\u00e9cnicas centenarias para dar al cuero acabado un aspecto antiguo \/ vintage.<br \/>\nPara los tama\u00f1os, permita 1-2 cm diferencia debido a la medida manual.<br \/>\nLas im\u00e1genes son 100% reales.<br \/>\nDebido al monitor del ordenador y el brillo real de la toma y otras razones, habr\u00e1 una cierta diferencia de color.<\/p>\n<!-- AddThis Advanced Settings generic via filter on the_content --><!-- AddThis Share Buttons generic via filter on the_content -->","protected":false},"excerpt":{"rendered":"<p style=\"text-align: left;\">Este cintur\u00f3n con tachuelas est\u00e1 hecho de cuero de vaca, que es suave al tacto y c\u00f3modo de llevar. El cabezal de la hebilla est\u00e1 hecho de metal.<\/p>\n<div id=\"featurebullets_feature_div\" class=\"celwidget\" data-feature-name=\"featurebullets\" data-csa-c-id=\"jy4ada-xcb2sb-7jg30r-mwh28s\" data-cel-widget=\"featurebullets_feature_div\">\n<div id=\"feature-bullets\" class=\"a-section a-spacing-medium a-spacing-top-small\">\n<p style=\"text-align: left;\"><span class=\"a-list-item\">Dise\u00f1o cl\u00e1sico de cintur\u00f3n incorpora elementos de remache, los remaches de plata brillante por toda la correa, est\u00e1n incrustados en el cintur\u00f3n de forma firme y ordenada, lo que puede presentar un brillo bajo el sol o la luz diaria, lo que le brinda f\u00e1cilmente un aspecto punk rock en el tiempo libre.<\/span><\/p>\n<p style=\"text-align: left;\"><span class=\"a-list-item\">\u00a0\u00a1la hebilla f\u00e1cil de quitar le permite cortar el cintur\u00f3n a su tama\u00f1o ideal!.<\/span><\/p>\n<\/div>\n<\/div>\n<h5><strong>\u00bfAlguna duda? Ponte en contacto con nosotros a trav\u00e9s del bot\u00f3n del chat directo por whatsApp y te resolveremos las dudas al instante!<\/strong><\/h5>\n<p><!-- AddThis Advanced Settings generic via filter on get_the_excerpt --><!-- AddThis Share Buttons generic via filter on get_the_excerpt --><\/p>\n","protected":false},"featured_media":31252,"comment_status":"open","ping_status":"closed","template":"","meta":{"om_disable_all_campaigns":false,"_monsterinsights_skip_tracking":false,"_monsterinsights_sitenote_active":false,"_monsterinsights_sitenote_note":"","_monsterinsights_sitenote_category":0,"_uf_show_specific_survey":0,"_uf_disable_surveys":false},"product_brand":[1217],"product_cat":[393],"product_tag":[1135,1096,1087,290,258,332,271,335,337,333,1034,753,1088,1118,890,1129],"class_list":{"0":"post-31248","1":"product","2":"type-product","3":"status-publish","4":"has-post-thumbnail","6":"product_brand-ibags-belts","7":"product_cat-cinturon-con-tachas","8":"product_tag-accesorios-y-complementos","9":"product_tag-artesania","10":"product_tag-cinto","11":"product_tag-cinturon","12":"product_tag-cinturon-cuero-cowboy-cinturon-cuero-de-vaca-cinturon-de-cuero-artesanal-bolso-de-cuero-cinturon-cuero-para-hombre-cinturon-para-mujer","13":"product_tag-cinturon-cuero","14":"product_tag-cinturon-cuero-para-hombre-cinturones-cuero-repujado-cinturon-cuero-trenzado-troquelado-cuero-vaca","15":"product_tag-cinturon-cuero-natural","16":"product_tag-cinturon-cuero-tachas","17":"product_tag-cinturon-cuero-vaca","18":"product_tag-cinturones","19":"product_tag-complementos-de-cuero","20":"product_tag-correa","21":"product_tag-remaches","22":"product_tag-rock","23":"product_tag-tachas","25":"first","26":"outofstock","27":"shipping-taxable","28":"product-type-variable","29":"add-to-wishlist-after_add_to_cart","30":"layout-style-1","31":"col-md-4 col-sm-4 col-xs-6","32":"col-lg-3","33":"product-has-gallery","34":"product-style-default"},"aioseo_notices":[],"_links":{"self":[{"href":"https:\/\/www.ibagsbelts.com\/tienda\/wp-json\/wp\/v2\/product\/31248","targetHints":{"allow":["GET"]}}],"collection":[{"href":"https:\/\/www.ibagsbelts.com\/tienda\/wp-json\/wp\/v2\/product"}],"about":[{"href":"https:\/\/www.ibagsbelts.com\/tienda\/wp-json\/wp\/v2\/types\/product"}],"replies":[{"embeddable":true,"href":"https:\/\/www.ibagsbelts.com\/tienda\/wp-json\/wp\/v2\/comments?post=31248"}],"wp:featuredmedia":[{"embeddable":true,"href":"https:\/\/www.ibagsbelts.com\/tienda\/wp-json\/wp\/v2\/media\/31252"}],"wp:attachment":[{"href":"https:\/\/www.ibagsbelts.com\/tienda\/wp-json\/wp\/v2\/media?parent=31248"}],"wp:term":[{"taxonomy":"product_brand","embeddable":true,"href":"https:\/\/www.ibagsbelts.com\/tienda\/wp-json\/wp\/v2\/product_brand?post=31248"},{"taxonomy":"product_cat","embeddable":true,"href":"https:\/\/www.ibagsbelts.com\/tienda\/wp-json\/wp\/v2\/product_cat?post=31248"},{"taxonomy":"product_tag","embeddable":true,"href":"https:\/\/www.ibagsbelts.com\/tienda\/wp-json\/wp\/v2\/product_tag?post=31248"}],"curies":[{"name":"wp","href":"https:\/\/api.w.org\/{rel}","templated":true}]}}