{"id":31254,"date":"2024-08-10T00:17:02","date_gmt":"2024-08-09T22:17:02","guid":{"rendered":"https:\/\/www.ibagsbelts.com\/tienda\/?post_type=product&#038;p=31254"},"modified":"2026-03-11T22:30:55","modified_gmt":"2026-03-11T21:30:55","slug":"bolso-bandolera-rectangular-de-cuero-marron-con-flecos","status":"publish","type":"product","link":"https:\/\/www.ibagsbelts.com\/tienda\/producto\/bolso-bandolera-rectangular-de-cuero-marron-con-flecos\/","title":{"rendered":"Bolso bandolera rectangular de cuero marr\u00f3n con flecos"},"content":{"rendered":"<div class=\"woocommerce-product-details__short-description\">\n<p style=\"text-align: left;\">Bandolera de piel con remaches y flecos en color marr\u00f3n vintage para darle a la bandolera un toque bohemio.<\/p>\n<p>Explora el encanto bohemio con nuestro bolso bandolera con flecos, perfecto para quienes aman el estilo boho. Este bolso combina estilo y funcionalidad, con todos sus bolsillos equipados con cremalleras para mantener tus pertenencias seguras.<\/p>\n<p>Cuenta con una vers\u00e1til asa desmontable que se puede ajustar seg\u00fan tu preferencia y tambi\u00e9n se puede quitar f\u00e1cilmente con mosquetones. El forro interior de algod\u00f3n asegura un interior suave y c\u00f3modo para tus objetos.<\/p>\n<p>Los detalles decorativos incluyen flecos de cuero de 20 cm en los extremos y un chap\u00f3n decorativo de alpaca y tachas en la parte central, agregando un toque de estilo \u00fanico. Este bolso puede ser llevado c\u00f3modamente como bolso de hombro o como bandolera gracias a su correa ajustable.<\/p>\n<p>Con medidas de 30 cm de alto x 24 cm de largo x 3 cm de ancho, este bolso es el complemento perfecto para a\u00f1adir un toque bohemio a cualquier atuendo. \u00a1Atr\u00e9vete a llevar este bolso y destaca con tu estilo \u00fanico!<\/p>\n<\/div>\n<p style=\"text-align: left;\"><strong>Aviso importante<\/strong><\/p>\n<p style=\"text-align: left;\">Todos nuestros productos de cuero puede estar sujeta a una variaci\u00f3n natural en tama\u00f1o y color.<\/p>\n<p style=\"text-align: left;\">Las pieles utilizadas han sido procesadas y curtidas en una de las curtidur\u00edas m\u00e1s antiguas utilizando t\u00e9cnicas centenarias para dar al cuero acabado un aspecto antiguo \/ vintage.<\/p>\n<p style=\"text-align: left;\">Para los tama\u00f1os, permita 1-2 cm diferencia debido a la medida manual.<\/p>\n<p style=\"text-align: left;\">Las im\u00e1genes son 100% reales.<\/p>\n<p style=\"text-align: left;\">Debido al monitor del ordenador y el brillo real de la toma y otras razones, habr\u00e1 una cierta diferencia de color.<\/p>\n<!-- AddThis Advanced Settings generic via filter on the_content --><!-- AddThis Share Buttons generic via filter on the_content -->","protected":false},"excerpt":{"rendered":"<div class=\"woocommerce-product-details__short-description\" style=\"text-align: left;\"><\/div>\n<p style=\"text-align: left;\">Explora el encanto bohemio con nuestro bolso bandolera con flecos, perfecto para quienes aman el estilo boho. Este bolso combina estilo y funcionalidad, con todos sus bolsillos equipados con cremalleras para mantener tus pertenencias seguras.<\/p>\n<p style=\"text-align: left;\">Cuenta con una vers\u00e1til asa desmontable que se puede ajustar seg\u00fan tu preferencia y tambi\u00e9n se puede quitar f\u00e1cilmente con mosquetones. El forro interior de algod\u00f3n asegura un interior suave y c\u00f3modo para tus objetos.<\/p>\n<p style=\"text-align: left;\">Los detalles decorativos incluyen flecos de cuero de 20 cm en los extremos y un chap\u00f3n decorativo de alpaca y tachas en la parte central, agregando un toque de estilo \u00fanico. Este bolso puede ser llevado c\u00f3modamente como bolso de hombro o como bandolera gracias a su correa ajustable.<\/p>\n<p style=\"text-align: left;\">Con medidas de 30 cm de alto x 24 cm de largo x 3 cm de ancho, este bolso es el complemento perfecto para a\u00f1adir un toque bohemio a cualquier atuendo. \u00a1Atr\u00e9vete a llevar este bolso y destaca con tu estilo \u00fanico!<\/p>\n<h5 style=\"text-align: center;\"><strong>\u00bfAlguna duda? Ponte en contacto con nosotros a trav\u00e9s del bot\u00f3n del chat directo por whatsApp y te resolveremos las dudas al instante<\/strong><\/h5>\n<p><!-- AddThis Advanced Settings generic via filter on get_the_excerpt --><!-- AddThis Share Buttons generic via filter on get_the_excerpt --><\/p>\n","protected":false},"featured_media":31255,"comment_status":"open","ping_status":"closed","template":"","meta":{"om_disable_all_campaigns":false,"_monsterinsights_skip_tracking":false,"_monsterinsights_sitenote_active":false,"_monsterinsights_sitenote_note":"","_monsterinsights_sitenote_category":0,"_uf_show_specific_survey":0,"_uf_disable_surveys":false},"product_brand":[1217],"product_cat":[240,757],"product_tag":[1135,1096,301,877,737,266,303,1020,299,305,315,268,316,312,313,329,255,779,824,1050,302,281,1049,744,1118],"class_list":{"0":"post-31254","1":"product","2":"type-product","3":"status-publish","4":"has-post-thumbnail","6":"product_brand-ibags-belts","7":"product_cat-bolsos-bandoleras-de-cuero-artesanal","8":"product_cat-bolso-clutch","9":"product_tag-accesorios-y-complementos","10":"product_tag-artesania","11":"product_tag-bandolera","12":"product_tag-bandoleras","13":"product_tag-bohochic","14":"product_tag-bolso-bohemian-bolso-cuero-repujado-bolsos-cuero-retro-bolso-shopper-cuero-bolso-cuero-trenzado-bolso-cuero-troquelado","15":"product_tag-bolso-bohemian","16":"product_tag-bolso-boho","17":"product_tag-bolso-cuero","18":"product_tag-bolso-cuero-artesanal","19":"product_tag-bolso-cuero-artesano","20":"product_tag-bolso-cuero-boho-bolso-cuero-con-tachuelas-bolsos-cuero-caballero-bolso-cuero-de-hombre-bolso-cuero-de-viaje-bolso-cuero-de-vaca-bolso-de-cuero-artesanal-bolso-de-cuero","21":"product_tag-bolso-cuero-con-tachuelas","22":"product_tag-bolso-cuero-flecos","23":"product_tag-bolso-cuero-hecho-a-mano","24":"product_tag-bolso-cuero-hippie","25":"product_tag-bolso-cuero-mujer","26":"product_tag-bolso-de-cuero-artesanal","27":"product_tag-bolso-flecos","28":"product_tag-bolso-remaches","29":"product_tag-bolsos-de-cuero","30":"product_tag-bolso-bohemian-bolso-cuero-para-hombre-bolso-cuero-repujado-bolsos-cuero-retro-bolso-shopper-cuero-bolso-cuero-trenzado-bolso-cuero-troquelado-bolso-cuero-vaca-bolso-cuero-viaje-hombre","31":"product_tag-bolsos-remaches","32":"product_tag-estilo-bohochic","33":"product_tag-remaches","35":"first","36":"outofstock","37":"shipping-taxable","38":"purchasable","39":"product-type-simple","40":"add-to-wishlist-after_add_to_cart","41":"layout-style-1","42":"col-md-4 col-sm-4 col-xs-6","43":"col-lg-3","44":"product-has-gallery","45":"product-style-default"},"aioseo_notices":[],"_links":{"self":[{"href":"https:\/\/www.ibagsbelts.com\/tienda\/wp-json\/wp\/v2\/product\/31254","targetHints":{"allow":["GET"]}}],"collection":[{"href":"https:\/\/www.ibagsbelts.com\/tienda\/wp-json\/wp\/v2\/product"}],"about":[{"href":"https:\/\/www.ibagsbelts.com\/tienda\/wp-json\/wp\/v2\/types\/product"}],"replies":[{"embeddable":true,"href":"https:\/\/www.ibagsbelts.com\/tienda\/wp-json\/wp\/v2\/comments?post=31254"}],"wp:featuredmedia":[{"embeddable":true,"href":"https:\/\/www.ibagsbelts.com\/tienda\/wp-json\/wp\/v2\/media\/31255"}],"wp:attachment":[{"href":"https:\/\/www.ibagsbelts.com\/tienda\/wp-json\/wp\/v2\/media?parent=31254"}],"wp:term":[{"taxonomy":"product_brand","embeddable":true,"href":"https:\/\/www.ibagsbelts.com\/tienda\/wp-json\/wp\/v2\/product_brand?post=31254"},{"taxonomy":"product_cat","embeddable":true,"href":"https:\/\/www.ibagsbelts.com\/tienda\/wp-json\/wp\/v2\/product_cat?post=31254"},{"taxonomy":"product_tag","embeddable":true,"href":"https:\/\/www.ibagsbelts.com\/tienda\/wp-json\/wp\/v2\/product_tag?post=31254"}],"curies":[{"name":"wp","href":"https:\/\/api.w.org\/{rel}","templated":true}]}}